{"id":179,"date":"2025-10-21T10:57:08","date_gmt":"2025-10-21T08:57:08","guid":{"rendered":"http:\/\/192.168.1.20:8086\/?page_id=179"},"modified":"2025-10-30T18:58:05","modified_gmt":"2025-10-30T22:58:05","slug":"apprentissage-du-15-ou-112-et-des-numeros-durgence","status":"publish","type":"page","link":"https:\/\/aps972.duckdns.org\/en\/apprentissage-du-15-ou-112-et-des-numeros-durgence\/","title":{"rendered":"Apprentissage du 15 ou 112 et des num\u00e9ros d\u2019urgence"},"content":{"rendered":"<h3 class=\"wp-block-heading\">\u260e\ufe0f Activit\u00e9 1 : Le t\u00e9l\u00e9phone magique<\/h3>\n\n\n\n<h3 class=\"wp-block-heading\">\ud83c\udfaf Objectif :<\/h3>\n\n\n\n<p>M\u00e9moriser les num\u00e9ros d\u2019urgence et savoir les associer \u00e0 une situation<\/p>\n\n\n\n<h3 class=\"wp-block-heading\">\ud83e\udde9 D\u00e9roulement :<\/h3>\n\n\n\n<ul class=\"wp-block-list\">\n<li>Installe un <strong>t\u00e9l\u00e9phone jouet<\/strong> ou une maquette de clavier<\/li>\n\n\n\n<li>L\u2019enseignant propose une situation :\n<ul class=\"wp-block-list\">\n<li>\u201cQuelqu\u2019un est bless\u00e9 dans la rue\u201d \u2192 les \u00e9l\u00e8ves doivent composer <strong>15<\/strong><\/li>\n\n\n\n<li>\u201cUne maison br\u00fble\u201d \u2192 composer <strong>18<\/strong><\/li>\n\n\n\n<li>\u201cUn accident en voyage en Europe\u201d \u2192 composer <strong>112<\/strong><\/li>\n<\/ul>\n<\/li>\n\n\n\n<li>Variante : les \u00e9l\u00e8ves jouent le r\u00f4le de l\u2019op\u00e9rateur et posent les bonnes questions<\/li>\n<\/ul>\n\n\n\n<h3 class=\"wp-block-heading\">\ud83e\udde0 Comp\u00e9tences mobilis\u00e9es :<\/h3>\n\n\n\n<ul class=\"wp-block-list\">\n<li>M\u00e9morisation<\/li>\n\n\n\n<li>Association logique<\/li>\n\n\n\n<li>Expression orale<\/li>\n<\/ul>\n\n\n\n<h3 class=\"wp-block-heading\">\ud83c\udfb2 Activit\u00e9 2 : Le jeu des cartes \u201cQui appeler ?\u201d<\/h3>\n\n\n\n<h3 class=\"wp-block-heading\">\ud83c\udfaf Objectif :<\/h3>\n\n\n\n<p>Associer une situation \u00e0 un num\u00e9ro d\u2019urgence<\/p>\n\n\n\n<h3 class=\"wp-block-heading\">\ud83e\udde9 D\u00e9roulement :<\/h3>\n\n\n\n<ul class=\"wp-block-list\">\n<li>Cr\u00e9e des <strong>cartes illustr\u00e9es<\/strong> avec des sc\u00e8nes :\n<ul class=\"wp-block-list\">\n<li>Une personne inconsciente<\/li>\n\n\n\n<li>Un feu dans une cuisine<\/li>\n\n\n\n<li>Une agression dans la rue<\/li>\n<\/ul>\n<\/li>\n\n\n\n<li>Les \u00e9l\u00e8ves doivent poser la carte <strong>\u201c15\u201d, \u201c18\u201d, \u201c17\u201d,\u00a0\u00bb114&Prime; ou \u201c112\u201d<\/strong> correspondante<\/li>\n\n\n\n<li>Variante : cr\u00e9er une affiche collective \u201cLes bons num\u00e9ros\u201d<\/li>\n<\/ul>\n\n\n\n<h3 class=\"wp-block-heading\">\ud83e\udde0 Comp\u00e9tences mobilis\u00e9es :<\/h3>\n\n\n\n<ul class=\"wp-block-list\">\n<li>Lecture d\u2019image<\/li>\n\n\n\n<li>R\u00e9flexion<\/li>\n\n\n\n<li>Travail en groupe<\/li>\n<\/ul>\n\n\n\n<h3 class=\"wp-block-heading\">\ud83c\udfad Activit\u00e9 3 : Le jeu de r\u00f4le \u201cJ\u2019appelle les secours\u201d<\/h3>\n\n\n\n<h3 class=\"wp-block-heading\">\ud83c\udfaf Objectif :<\/h3>\n\n\n\n<p>Savoir quoi dire lors d\u2019un appel aux secours<\/p>\n\n\n\n<h3 class=\"wp-block-heading\">\ud83e\udde9 D\u00e9roulement :<\/h3>\n\n\n\n<ul class=\"wp-block-list\">\n<li>L\u2019enseignant joue le r\u00f4le de l\u2019op\u00e9rateur<\/li>\n\n\n\n<li>L\u2019\u00e9l\u00e8ve doit :\n<ul class=\"wp-block-list\">\n<li>Dire <strong>qui il est<\/strong> ?<\/li>\n\n\n\n<li><strong>O\u00f9 il est<\/strong> ?<\/li>\n\n\n\n<li><strong>Ce qu\u2019il voit<\/strong> ?<\/li>\n\n\n\n<li><strong>Quel num\u00e9ro il a compos\u00e9<\/strong> ?<\/li>\n<\/ul>\n<\/li>\n\n\n\n<li>Exemple : \u201cJe m\u2019appelle L\u00e9o, je suis \u00e0 l\u2019\u00e9cole, mon camarade est tomb\u00e9, j\u2019appelle le 15\u201d<\/li>\n<\/ul>\n\n\n\n<h3 class=\"wp-block-heading\">\ud83e\udde0 Comp\u00e9tences mobilis\u00e9es :<\/h3>\n\n\n\n<ul class=\"wp-block-list\">\n<li>Expression orale<\/li>\n\n\n\n<li>Structuration du discours<\/li>\n\n\n\n<li>Gestion du stress<\/li>\n<\/ul>\n\n\n\n<p><\/p>","protected":false},"excerpt":{"rendered":"<p>\u260e\ufe0f Activit\u00e9 1 : Le t\u00e9l\u00e9phone magique \ud83c\udfaf Objectif : M\u00e9moriser les num\u00e9ros d\u2019urgence et savoir les associer \u00e0 une [&hellip;]<\/p>","protected":false},"author":1,"featured_media":0,"parent":0,"menu_order":0,"comment_status":"closed","ping_status":"closed","template":"","meta":{"site-sidebar-layout":"default","site-content-layout":"","ast-site-content-layout":"default","site-content-style":"default","site-sidebar-style":"default","ast-global-header-display":"","ast-banner-title-visibility":"","ast-main-header-display":"","ast-hfb-above-header-display":"","ast-hfb-below-header-display":"","ast-hfb-mobile-header-display":"","site-post-title":"","ast-breadcrumbs-content":"","ast-featured-img":"","footer-sml-layout":"","theme-transparent-header-meta":"","adv-header-id-meta":"","stick-header-meta":"","header-above-stick-meta":"","header-main-stick-meta":"","header-below-stick-meta":"","astra-migrate-meta-layouts":"default","ast-page-background-enabled":"default","ast-page-background-meta":{"desktop":{"background-color":"var(--ast-global-color-5)","background-image":"","background-repeat":"repeat","background-position":"center center","background-size":"auto","background-attachment":"scroll","background-type":"","background-media":"","overlay-type":"","overlay-color":"","overlay-opacity":"","overlay-gradient":""},"tablet":{"background-color":"","background-image":"","background-repeat":"repeat","background-position":"center center","background-size":"auto","background-attachment":"scroll","background-type":"","background-media":"","overlay-type":"","overlay-color":"","overlay-opacity":"","overlay-gradient":""},"mobile":{"background-color":"","background-image":"","background-repeat":"repeat","background-position":"center center","background-size":"auto","background-attachment":"scroll","background-type":"","background-media":"","overlay-type":"","overlay-color":"","overlay-opacity":"","overlay-gradient":""}},"ast-content-background-meta":{"desktop":{"background-color":"var(--ast-global-color-4)","background-image":"","background-repeat":"repeat","background-position":"center center","background-size":"auto","background-attachment":"scroll","background-type":"","background-media":"","overlay-type":"","overlay-color":"","overlay-opacity":"","overlay-gradient":""},"tablet":{"background-color":"var(--ast-global-color-4)","background-image":"","background-repeat":"repeat","background-position":"center center","background-size":"auto","background-attachment":"scroll","background-type":"","background-media":"","overlay-type":"","overlay-color":"","overlay-opacity":"","overlay-gradient":""},"mobile":{"background-color":"var(--ast-global-color-4)","background-image":"","background-repeat":"repeat","background-position":"center center","background-size":"auto","background-attachment":"scroll","background-type":"","background-media":"","overlay-type":"","overlay-color":"","overlay-opacity":"","overlay-gradient":""}},"footnotes":""},"class_list":["post-179","page","type-page","status-publish","hentry"],"yoast_head":"<!-- This site is optimized with the Yoast SEO plugin v26.3 - https:\/\/yoast.com\/wordpress\/plugins\/seo\/ -->\n<title>Apprentissage du 15 ou 112 et des num\u00e9ros d\u2019urgence - APS972<\/title>\n<meta name=\"description\" content=\"Les num\u00e9ros d&#039;urgence \u00e0 appeler 15 urgence 17 police 18 pompier 112 urgence en Europe 114 urgence uniquement par SMS ( urgence et attentat)\" \/>\n<meta name=\"robots\" content=\"index, follow, max-snippet:-1, max-image-preview:large, max-video-preview:-1\" \/>\n<link rel=\"canonical\" href=\"https:\/\/aps972.duckdns.org\/en\/apprentissage-du-15-ou-112-et-des-numeros-durgence\/\" \/>\n<meta property=\"og:locale\" content=\"en_GB\" \/>\n<meta property=\"og:type\" content=\"article\" \/>\n<meta property=\"og:title\" content=\"Apprentissage du 15 ou 112 et des num\u00e9ros d\u2019urgence - APS972\" \/>\n<meta property=\"og:description\" content=\"Les num\u00e9ros d&#039;urgence \u00e0 appeler 15 urgence 17 police 18 pompier 112 urgence en Europe 114 urgence uniquement par SMS ( urgence et attentat)\" \/>\n<meta property=\"og:url\" content=\"https:\/\/aps972.duckdns.org\/en\/apprentissage-du-15-ou-112-et-des-numeros-durgence\/\" \/>\n<meta property=\"og:site_name\" content=\"APS972\" \/>\n<meta property=\"article:modified_time\" content=\"2025-10-30T22:58:05+00:00\" \/>\n<meta property=\"og:image\" content=\"https:\/\/aps972.duckdns.org\/wp-content\/uploads\/2025\/10\/imageaps972.jpg\" \/>\n\t<meta property=\"og:image:width\" content=\"1883\" \/>\n\t<meta property=\"og:image:height\" content=\"839\" \/>\n\t<meta property=\"og:image:type\" content=\"image\/jpeg\" \/>\n<meta name=\"twitter:card\" content=\"summary_large_image\" \/>\n<meta name=\"twitter:label1\" content=\"Estimated reading time\" \/>\n\t<meta name=\"twitter:data1\" content=\"2 minutes\" \/>\n<script type=\"application\/ld+json\" class=\"yoast-schema-graph\">{\"@context\":\"https:\/\/schema.org\",\"@graph\":[{\"@type\":\"WebPage\",\"@id\":\"https:\/\/aps972.duckdns.org\/apprentissage-du-15-ou-112-et-des-numeros-durgence\/\",\"url\":\"https:\/\/aps972.duckdns.org\/apprentissage-du-15-ou-112-et-des-numeros-durgence\/\",\"name\":\"Apprentissage du 15 ou 112 et des num\u00e9ros d\u2019urgence - APS972\",\"isPartOf\":{\"@id\":\"https:\/\/aps972.duckdns.org\/#website\"},\"datePublished\":\"2025-10-21T08:57:08+00:00\",\"dateModified\":\"2025-10-30T22:58:05+00:00\",\"description\":\"Les num\u00e9ros d'urgence \u00e0 appeler 15 urgence 17 police 18 pompier 112 urgence en Europe 114 urgence uniquement par SMS ( urgence et attentat)\",\"breadcrumb\":{\"@id\":\"https:\/\/aps972.duckdns.org\/apprentissage-du-15-ou-112-et-des-numeros-durgence\/#breadcrumb\"},\"inLanguage\":\"en-GB\",\"potentialAction\":[{\"@type\":\"ReadAction\",\"target\":[\"https:\/\/aps972.duckdns.org\/apprentissage-du-15-ou-112-et-des-numeros-durgence\/\"]}]},{\"@type\":\"BreadcrumbList\",\"@id\":\"https:\/\/aps972.duckdns.org\/apprentissage-du-15-ou-112-et-des-numeros-durgence\/#breadcrumb\",\"itemListElement\":[{\"@type\":\"ListItem\",\"position\":1,\"name\":\"Accueil\",\"item\":\"https:\/\/aps972.duckdns.org\/\"},{\"@type\":\"ListItem\",\"position\":2,\"name\":\"Apprentissage du 15 ou 112 et des num\u00e9ros d\u2019urgence\"}]},{\"@type\":\"WebSite\",\"@id\":\"https:\/\/aps972.duckdns.org\/#website\",\"url\":\"https:\/\/aps972.duckdns.org\/\",\"name\":\"APS972\",\"description\":\"\",\"publisher\":{\"@id\":\"https:\/\/aps972.duckdns.org\/#organization\"},\"alternateName\":\"Apprendre \u00e0 porter secours Martinique\",\"potentialAction\":[{\"@type\":\"SearchAction\",\"target\":{\"@type\":\"EntryPoint\",\"urlTemplate\":\"https:\/\/aps972.duckdns.org\/?s={search_term_string}\"},\"query-input\":{\"@type\":\"PropertyValueSpecification\",\"valueRequired\":true,\"valueName\":\"search_term_string\"}}],\"inLanguage\":\"en-GB\"},{\"@type\":\"Organization\",\"@id\":\"https:\/\/aps972.duckdns.org\/#organization\",\"name\":\"APS972\",\"url\":\"https:\/\/aps972.duckdns.org\/\",\"logo\":{\"@type\":\"ImageObject\",\"inLanguage\":\"en-GB\",\"@id\":\"https:\/\/aps972.duckdns.org\/#\/schema\/logo\/image\/\",\"url\":\"https:\/\/aps972.duckdns.org\/wp-content\/uploads\/2025\/10\/imageAPS9720-1.png\",\"contentUrl\":\"https:\/\/aps972.duckdns.org\/wp-content\/uploads\/2025\/10\/imageAPS9720-1.png\",\"width\":1536,\"height\":1024,\"caption\":\"APS972\"},\"image\":{\"@id\":\"https:\/\/aps972.duckdns.org\/#\/schema\/logo\/image\/\"}}]}<\/script>\n<!-- \/ Yoast SEO plugin. -->","yoast_head_json":{"title":"Apprentissage du 15 ou 112 et des num\u00e9ros d\u2019urgence - APS972","description":"Les num\u00e9ros d'urgence \u00e0 appeler 15 urgence 17 police 18 pompier 112 urgence en Europe 114 urgence uniquement par SMS ( urgence et attentat)","robots":{"index":"index","follow":"follow","max-snippet":"max-snippet:-1","max-image-preview":"max-image-preview:large","max-video-preview":"max-video-preview:-1"},"canonical":"https:\/\/aps972.duckdns.org\/en\/apprentissage-du-15-ou-112-et-des-numeros-durgence\/","og_locale":"en_GB","og_type":"article","og_title":"Apprentissage du 15 ou 112 et des num\u00e9ros d\u2019urgence - APS972","og_description":"Les num\u00e9ros d'urgence \u00e0 appeler 15 urgence 17 police 18 pompier 112 urgence en Europe 114 urgence uniquement par SMS ( urgence et attentat)","og_url":"https:\/\/aps972.duckdns.org\/en\/apprentissage-du-15-ou-112-et-des-numeros-durgence\/","og_site_name":"APS972","article_modified_time":"2025-10-30T22:58:05+00:00","og_image":[{"width":1883,"height":839,"url":"https:\/\/aps972.duckdns.org\/wp-content\/uploads\/2025\/10\/imageaps972.jpg","type":"image\/jpeg"}],"twitter_card":"summary_large_image","twitter_misc":{"Estimated reading time":"2 minutes"},"schema":{"@context":"https:\/\/schema.org","@graph":[{"@type":"WebPage","@id":"https:\/\/aps972.duckdns.org\/apprentissage-du-15-ou-112-et-des-numeros-durgence\/","url":"https:\/\/aps972.duckdns.org\/apprentissage-du-15-ou-112-et-des-numeros-durgence\/","name":"Apprentissage du 15 ou 112 et des num\u00e9ros d\u2019urgence - APS972","isPartOf":{"@id":"https:\/\/aps972.duckdns.org\/#website"},"datePublished":"2025-10-21T08:57:08+00:00","dateModified":"2025-10-30T22:58:05+00:00","description":"Les num\u00e9ros d'urgence \u00e0 appeler 15 urgence 17 police 18 pompier 112 urgence en Europe 114 urgence uniquement par SMS ( urgence et attentat)","breadcrumb":{"@id":"https:\/\/aps972.duckdns.org\/apprentissage-du-15-ou-112-et-des-numeros-durgence\/#breadcrumb"},"inLanguage":"en-GB","potentialAction":[{"@type":"ReadAction","target":["https:\/\/aps972.duckdns.org\/apprentissage-du-15-ou-112-et-des-numeros-durgence\/"]}]},{"@type":"BreadcrumbList","@id":"https:\/\/aps972.duckdns.org\/apprentissage-du-15-ou-112-et-des-numeros-durgence\/#breadcrumb","itemListElement":[{"@type":"ListItem","position":1,"name":"Accueil","item":"https:\/\/aps972.duckdns.org\/"},{"@type":"ListItem","position":2,"name":"Apprentissage du 15 ou 112 et des num\u00e9ros d\u2019urgence"}]},{"@type":"WebSite","@id":"https:\/\/aps972.duckdns.org\/#website","url":"https:\/\/aps972.duckdns.org\/","name":"APS972","description":"","publisher":{"@id":"https:\/\/aps972.duckdns.org\/#organization"},"alternateName":"Apprendre \u00e0 porter secours Martinique","potentialAction":[{"@type":"SearchAction","target":{"@type":"EntryPoint","urlTemplate":"https:\/\/aps972.duckdns.org\/?s={search_term_string}"},"query-input":{"@type":"PropertyValueSpecification","valueRequired":true,"valueName":"search_term_string"}}],"inLanguage":"en-GB"},{"@type":"Organization","@id":"https:\/\/aps972.duckdns.org\/#organization","name":"APS972","url":"https:\/\/aps972.duckdns.org\/","logo":{"@type":"ImageObject","inLanguage":"en-GB","@id":"https:\/\/aps972.duckdns.org\/#\/schema\/logo\/image\/","url":"https:\/\/aps972.duckdns.org\/wp-content\/uploads\/2025\/10\/imageAPS9720-1.png","contentUrl":"https:\/\/aps972.duckdns.org\/wp-content\/uploads\/2025\/10\/imageAPS9720-1.png","width":1536,"height":1024,"caption":"APS972"},"image":{"@id":"https:\/\/aps972.duckdns.org\/#\/schema\/logo\/image\/"}}]}},"_links":{"self":[{"href":"https:\/\/aps972.duckdns.org\/en\/wp-json\/wp\/v2\/pages\/179","targetHints":{"allow":["GET"]}}],"collection":[{"href":"https:\/\/aps972.duckdns.org\/en\/wp-json\/wp\/v2\/pages"}],"about":[{"href":"https:\/\/aps972.duckdns.org\/en\/wp-json\/wp\/v2\/types\/page"}],"author":[{"embeddable":true,"href":"https:\/\/aps972.duckdns.org\/en\/wp-json\/wp\/v2\/users\/1"}],"replies":[{"embeddable":true,"href":"https:\/\/aps972.duckdns.org\/en\/wp-json\/wp\/v2\/comments?post=179"}],"version-history":[{"count":1,"href":"https:\/\/aps972.duckdns.org\/en\/wp-json\/wp\/v2\/pages\/179\/revisions"}],"predecessor-version":[{"id":184,"href":"https:\/\/aps972.duckdns.org\/en\/wp-json\/wp\/v2\/pages\/179\/revisions\/184"}],"wp:attachment":[{"href":"https:\/\/aps972.duckdns.org\/en\/wp-json\/wp\/v2\/media?parent=179"}],"curies":[{"name":"wp","href":"https:\/\/api.w.org\/{rel}","templated":true}]}}