{"id":195,"date":"2025-10-21T11:21:59","date_gmt":"2025-10-21T09:21:59","guid":{"rendered":"http:\/\/192.168.1.20:8086\/?page_id=195"},"modified":"2025-10-21T11:21:59","modified_gmt":"2025-10-21T09:21:59","slug":"mise-en-situation-chute-brulure-saignement","status":"publish","type":"page","link":"https:\/\/aps972.duckdns.org\/en\/mise-en-situation-chute-brulure-saignement\/","title":{"rendered":"Mise en situation : chute, br\u00fblure, saignement"},"content":{"rendered":"<h3 class=\"wp-block-heading\">\ud83e\uddcd\u200d\u2642\ufe0f Activit\u00e9 1 : \u201cL\u00e9o est tomb\u00e9 dans la cour\u201d<\/h3>\n\n\n\n<h3 class=\"wp-block-heading\">\ud83c\udfaf Objectif :<\/h3>\n\n\n\n<p>Savoir r\u00e9agir face \u00e0 une chute<\/p>\n\n\n\n<h3 class=\"wp-block-heading\">\ud83e\udde9 D\u00e9roulement :<\/h3>\n\n\n\n<ul class=\"wp-block-list\">\n<li>Mise en sc\u00e8ne avec un \u00e9l\u00e8ve ou une peluche qui <strong>tombe<\/strong> en jouant<\/li>\n\n\n\n<li>Les autres \u00e9l\u00e8ves doivent :\n<ul class=\"wp-block-list\">\n<li>Observer : est-ce qu\u2019il parle ? bouge ?<\/li>\n\n\n\n<li>Prot\u00e9ger : ne pas le d\u00e9placer, rassurer<\/li>\n\n\n\n<li>Alerter : aller chercher un adulte ou simuler un appel au <strong>15<\/strong><\/li>\n<\/ul>\n<\/li>\n\n\n\n<li>Variante : diff\u00e9rencier une chute b\u00e9nigne d\u2019une chute grave<\/li>\n<\/ul>\n\n\n\n<h3 class=\"wp-block-heading\">\ud83e\udde0 Comp\u00e9tences mobilis\u00e9es :<\/h3>\n\n\n\n<ul class=\"wp-block-list\">\n<li>Observation<\/li>\n\n\n\n<li>R\u00e9action adapt\u00e9e<\/li>\n\n\n\n<li>Communication<\/li>\n<\/ul>\n\n\n\n<h3 class=\"wp-block-heading\">\ud83d\udd25 Activit\u00e9 2 : \u201cAttention \u00e0 la br\u00fblure !\u201d<\/h3>\n\n\n\n<h3 class=\"wp-block-heading\">\ud83c\udfaf Objectif :<\/h3>\n\n\n\n<p>Reconna\u00eetre une br\u00fblure et adopter les bons gestes<\/p>\n\n\n\n<h3 class=\"wp-block-heading\">\ud83e\udde9 D\u00e9roulement :<\/h3>\n\n\n\n<ul class=\"wp-block-list\">\n<li>Mise en sc\u00e8ne avec une peluche qui touche une surface chaude (ex. : plaque, bougie)<\/li>\n\n\n\n<li>Les \u00e9l\u00e8ves doivent :\n<ul class=\"wp-block-list\">\n<li>Identifier le danger<\/li>\n\n\n\n<li>\u00c9loigner la victime<\/li>\n\n\n\n<li>Simuler le geste : <strong>refroidir avec de l\u2019eau<\/strong>, <strong>pr\u00e9venir un adulte<\/strong><\/li>\n<\/ul>\n<\/li>\n\n\n\n<li>Variante : jeu de r\u00f4le avec pictogrammes \u201cchaleur\u201d, \u201cdanger\u201d<\/li>\n<\/ul>\n\n\n\n<h3 class=\"wp-block-heading\">\ud83e\udde0 Comp\u00e9tences mobilis\u00e9es :<\/h3>\n\n\n\n<ul class=\"wp-block-list\">\n<li>Sens de la pr\u00e9vention<\/li>\n\n\n\n<li>Gestes simples<\/li>\n\n\n\n<li>Travail en groupe<\/li>\n<\/ul>\n\n\n\n<h3 class=\"wp-block-heading\">\ud83e\ude79 Activit\u00e9 3 : \u201cIl saigne ! Que faire ?\u201d<\/h3>\n\n\n\n<h3 class=\"wp-block-heading\">\ud83c\udfaf Objectif :<\/h3>\n\n\n\n<p>R\u00e9agir face \u00e0 un saignement l\u00e9ger ou mod\u00e9r\u00e9<\/p>\n\n\n\n<h3 class=\"wp-block-heading\">\ud83e\udde9 D\u00e9roulement :<\/h3>\n\n\n\n<ul class=\"wp-block-list\">\n<li>Mise en sc\u00e8ne avec une peluche qui s\u2019est coup\u00e9e (ex. : coin de table, branche)<\/li>\n\n\n\n<li>Les \u00e9l\u00e8ves doivent :\n<ul class=\"wp-block-list\">\n<li>Rassurer la victime<\/li>\n\n\n\n<li>Simuler une <strong>compression avec un tissu propre<\/strong><\/li>\n\n\n\n<li>Alerter un adulte ou appeler le <strong>15<\/strong><\/li>\n<\/ul>\n<\/li>\n\n\n\n<li>Variante : cr\u00e9er une fiche \u201cQue faire si je saigne ?\u201d<\/li>\n<\/ul>\n\n\n\n<h3 class=\"wp-block-heading\">\ud83e\udde0 Comp\u00e9tences mobilis\u00e9es :<\/h3>\n\n\n\n<ul class=\"wp-block-list\">\n<li>Empathie<\/li>\n\n\n\n<li>Gestes de secours<\/li>\n\n\n\n<li>Structuration de l\u2019action<\/li>\n<\/ul>\n\n\n\n<p><\/p>","protected":false},"excerpt":{"rendered":"<p>\ud83e\uddcd\u200d\u2642\ufe0f Activit\u00e9 1 : \u201cL\u00e9o est tomb\u00e9 dans la cour\u201d \ud83c\udfaf Objectif : Savoir r\u00e9agir face \u00e0 une chute \ud83e\udde9 [&hellip;]<\/p>","protected":false},"author":1,"featured_media":0,"parent":0,"menu_order":0,"comment_status":"closed","ping_status":"closed","template":"","meta":{"site-sidebar-layout":"default","site-content-layout":"","ast-site-content-layout":"default","site-content-style":"default","site-sidebar-style":"default","ast-global-header-display":"","ast-banner-title-visibility":"","ast-main-header-display":"","ast-hfb-above-header-display":"","ast-hfb-below-header-display":"","ast-hfb-mobile-header-display":"","site-post-title":"","ast-breadcrumbs-content":"","ast-featured-img":"","footer-sml-layout":"","theme-transparent-header-meta":"","adv-header-id-meta":"","stick-header-meta":"","header-above-stick-meta":"","header-main-stick-meta":"","header-below-stick-meta":"","astra-migrate-meta-layouts":"default","ast-page-background-enabled":"default","ast-page-background-meta":{"desktop":{"background-color":"var(--ast-global-color-5)","background-image":"","background-repeat":"repeat","background-position":"center center","background-size":"auto","background-attachment":"scroll","background-type":"","background-media":"","overlay-type":"","overlay-color":"","overlay-opacity":"","overlay-gradient":""},"tablet":{"background-color":"","background-image":"","background-repeat":"repeat","background-position":"center center","background-size":"auto","background-attachment":"scroll","background-type":"","background-media":"","overlay-type":"","overlay-color":"","overlay-opacity":"","overlay-gradient":""},"mobile":{"background-color":"","background-image":"","background-repeat":"repeat","background-position":"center center","background-size":"auto","background-attachment":"scroll","background-type":"","background-media":"","overlay-type":"","overlay-color":"","overlay-opacity":"","overlay-gradient":""}},"ast-content-background-meta":{"desktop":{"background-color":"var(--ast-global-color-4)","background-image":"","background-repeat":"repeat","background-position":"center center","background-size":"auto","background-attachment":"scroll","background-type":"","background-media":"","overlay-type":"","overlay-color":"","overlay-opacity":"","overlay-gradient":""},"tablet":{"background-color":"var(--ast-global-color-4)","background-image":"","background-repeat":"repeat","background-position":"center center","background-size":"auto","background-attachment":"scroll","background-type":"","background-media":"","overlay-type":"","overlay-color":"","overlay-opacity":"","overlay-gradient":""},"mobile":{"background-color":"var(--ast-global-color-4)","background-image":"","background-repeat":"repeat","background-position":"center center","background-size":"auto","background-attachment":"scroll","background-type":"","background-media":"","overlay-type":"","overlay-color":"","overlay-opacity":"","overlay-gradient":""}},"footnotes":""},"class_list":["post-195","page","type-page","status-publish","hentry"],"yoast_head":"<!-- This site is optimized with the Yoast SEO plugin v26.3 - https:\/\/yoast.com\/wordpress\/plugins\/seo\/ -->\n<title>Mise en situation : chute, br\u00fblure, saignement - APS972<\/title>\n<meta name=\"robots\" content=\"index, follow, max-snippet:-1, max-image-preview:large, max-video-preview:-1\" \/>\n<link rel=\"canonical\" href=\"https:\/\/aps972.duckdns.org\/en\/mise-en-situation-chute-brulure-saignement\/\" \/>\n<meta property=\"og:locale\" content=\"en_GB\" \/>\n<meta property=\"og:type\" content=\"article\" \/>\n<meta property=\"og:title\" content=\"Mise en situation : chute, br\u00fblure, saignement - APS972\" \/>\n<meta property=\"og:description\" content=\"\ud83e\uddcd\u200d\u2642\ufe0f Activit\u00e9 1 : \u201cL\u00e9o est tomb\u00e9 dans la cour\u201d \ud83c\udfaf Objectif : Savoir r\u00e9agir face \u00e0 une chute \ud83e\udde9 [&hellip;]\" \/>\n<meta property=\"og:url\" content=\"https:\/\/aps972.duckdns.org\/en\/mise-en-situation-chute-brulure-saignement\/\" \/>\n<meta property=\"og:site_name\" content=\"APS972\" \/>\n<meta property=\"og:image\" content=\"https:\/\/aps972.duckdns.org\/wp-content\/uploads\/2025\/10\/imageaps972.jpg\" \/>\n\t<meta property=\"og:image:width\" content=\"1883\" \/>\n\t<meta property=\"og:image:height\" content=\"839\" \/>\n\t<meta property=\"og:image:type\" content=\"image\/jpeg\" \/>\n<meta name=\"twitter:card\" content=\"summary_large_image\" \/>\n<meta name=\"twitter:label1\" content=\"Estimated reading time\" \/>\n\t<meta name=\"twitter:data1\" content=\"1 minute\" \/>\n<script type=\"application\/ld+json\" class=\"yoast-schema-graph\">{\"@context\":\"https:\/\/schema.org\",\"@graph\":[{\"@type\":\"WebPage\",\"@id\":\"https:\/\/aps972.duckdns.org\/mise-en-situation-chute-brulure-saignement\/\",\"url\":\"https:\/\/aps972.duckdns.org\/mise-en-situation-chute-brulure-saignement\/\",\"name\":\"Mise en situation : chute, br\u00fblure, saignement - APS972\",\"isPartOf\":{\"@id\":\"https:\/\/aps972.duckdns.org\/#website\"},\"datePublished\":\"2025-10-21T09:21:59+00:00\",\"breadcrumb\":{\"@id\":\"https:\/\/aps972.duckdns.org\/mise-en-situation-chute-brulure-saignement\/#breadcrumb\"},\"inLanguage\":\"en-GB\",\"potentialAction\":[{\"@type\":\"ReadAction\",\"target\":[\"https:\/\/aps972.duckdns.org\/mise-en-situation-chute-brulure-saignement\/\"]}]},{\"@type\":\"BreadcrumbList\",\"@id\":\"https:\/\/aps972.duckdns.org\/mise-en-situation-chute-brulure-saignement\/#breadcrumb\",\"itemListElement\":[{\"@type\":\"ListItem\",\"position\":1,\"name\":\"Accueil\",\"item\":\"https:\/\/aps972.duckdns.org\/\"},{\"@type\":\"ListItem\",\"position\":2,\"name\":\"Mise en situation : chute, br\u00fblure, saignement\"}]},{\"@type\":\"WebSite\",\"@id\":\"https:\/\/aps972.duckdns.org\/#website\",\"url\":\"https:\/\/aps972.duckdns.org\/\",\"name\":\"APS972\",\"description\":\"\",\"publisher\":{\"@id\":\"https:\/\/aps972.duckdns.org\/#organization\"},\"alternateName\":\"Apprendre \u00e0 porter secours Martinique\",\"potentialAction\":[{\"@type\":\"SearchAction\",\"target\":{\"@type\":\"EntryPoint\",\"urlTemplate\":\"https:\/\/aps972.duckdns.org\/?s={search_term_string}\"},\"query-input\":{\"@type\":\"PropertyValueSpecification\",\"valueRequired\":true,\"valueName\":\"search_term_string\"}}],\"inLanguage\":\"en-GB\"},{\"@type\":\"Organization\",\"@id\":\"https:\/\/aps972.duckdns.org\/#organization\",\"name\":\"APS972\",\"url\":\"https:\/\/aps972.duckdns.org\/\",\"logo\":{\"@type\":\"ImageObject\",\"inLanguage\":\"en-GB\",\"@id\":\"https:\/\/aps972.duckdns.org\/#\/schema\/logo\/image\/\",\"url\":\"https:\/\/aps972.duckdns.org\/wp-content\/uploads\/2025\/10\/imageAPS9720-1.png\",\"contentUrl\":\"https:\/\/aps972.duckdns.org\/wp-content\/uploads\/2025\/10\/imageAPS9720-1.png\",\"width\":1536,\"height\":1024,\"caption\":\"APS972\"},\"image\":{\"@id\":\"https:\/\/aps972.duckdns.org\/#\/schema\/logo\/image\/\"}}]}<\/script>\n<!-- \/ Yoast SEO plugin. -->","yoast_head_json":{"title":"Mise en situation : chute, br\u00fblure, saignement - APS972","robots":{"index":"index","follow":"follow","max-snippet":"max-snippet:-1","max-image-preview":"max-image-preview:large","max-video-preview":"max-video-preview:-1"},"canonical":"https:\/\/aps972.duckdns.org\/en\/mise-en-situation-chute-brulure-saignement\/","og_locale":"en_GB","og_type":"article","og_title":"Mise en situation : chute, br\u00fblure, saignement - APS972","og_description":"\ud83e\uddcd\u200d\u2642\ufe0f Activit\u00e9 1 : \u201cL\u00e9o est tomb\u00e9 dans la cour\u201d \ud83c\udfaf Objectif : Savoir r\u00e9agir face \u00e0 une chute \ud83e\udde9 [&hellip;]","og_url":"https:\/\/aps972.duckdns.org\/en\/mise-en-situation-chute-brulure-saignement\/","og_site_name":"APS972","og_image":[{"width":1883,"height":839,"url":"https:\/\/aps972.duckdns.org\/wp-content\/uploads\/2025\/10\/imageaps972.jpg","type":"image\/jpeg"}],"twitter_card":"summary_large_image","twitter_misc":{"Estimated reading time":"1 minute"},"schema":{"@context":"https:\/\/schema.org","@graph":[{"@type":"WebPage","@id":"https:\/\/aps972.duckdns.org\/mise-en-situation-chute-brulure-saignement\/","url":"https:\/\/aps972.duckdns.org\/mise-en-situation-chute-brulure-saignement\/","name":"Mise en situation : chute, br\u00fblure, saignement - APS972","isPartOf":{"@id":"https:\/\/aps972.duckdns.org\/#website"},"datePublished":"2025-10-21T09:21:59+00:00","breadcrumb":{"@id":"https:\/\/aps972.duckdns.org\/mise-en-situation-chute-brulure-saignement\/#breadcrumb"},"inLanguage":"en-GB","potentialAction":[{"@type":"ReadAction","target":["https:\/\/aps972.duckdns.org\/mise-en-situation-chute-brulure-saignement\/"]}]},{"@type":"BreadcrumbList","@id":"https:\/\/aps972.duckdns.org\/mise-en-situation-chute-brulure-saignement\/#breadcrumb","itemListElement":[{"@type":"ListItem","position":1,"name":"Accueil","item":"https:\/\/aps972.duckdns.org\/"},{"@type":"ListItem","position":2,"name":"Mise en situation : chute, br\u00fblure, saignement"}]},{"@type":"WebSite","@id":"https:\/\/aps972.duckdns.org\/#website","url":"https:\/\/aps972.duckdns.org\/","name":"APS972","description":"","publisher":{"@id":"https:\/\/aps972.duckdns.org\/#organization"},"alternateName":"Apprendre \u00e0 porter secours Martinique","potentialAction":[{"@type":"SearchAction","target":{"@type":"EntryPoint","urlTemplate":"https:\/\/aps972.duckdns.org\/?s={search_term_string}"},"query-input":{"@type":"PropertyValueSpecification","valueRequired":true,"valueName":"search_term_string"}}],"inLanguage":"en-GB"},{"@type":"Organization","@id":"https:\/\/aps972.duckdns.org\/#organization","name":"APS972","url":"https:\/\/aps972.duckdns.org\/","logo":{"@type":"ImageObject","inLanguage":"en-GB","@id":"https:\/\/aps972.duckdns.org\/#\/schema\/logo\/image\/","url":"https:\/\/aps972.duckdns.org\/wp-content\/uploads\/2025\/10\/imageAPS9720-1.png","contentUrl":"https:\/\/aps972.duckdns.org\/wp-content\/uploads\/2025\/10\/imageAPS9720-1.png","width":1536,"height":1024,"caption":"APS972"},"image":{"@id":"https:\/\/aps972.duckdns.org\/#\/schema\/logo\/image\/"}}]}},"_links":{"self":[{"href":"https:\/\/aps972.duckdns.org\/en\/wp-json\/wp\/v2\/pages\/195","targetHints":{"allow":["GET"]}}],"collection":[{"href":"https:\/\/aps972.duckdns.org\/en\/wp-json\/wp\/v2\/pages"}],"about":[{"href":"https:\/\/aps972.duckdns.org\/en\/wp-json\/wp\/v2\/types\/page"}],"author":[{"embeddable":true,"href":"https:\/\/aps972.duckdns.org\/en\/wp-json\/wp\/v2\/users\/1"}],"replies":[{"embeddable":true,"href":"https:\/\/aps972.duckdns.org\/en\/wp-json\/wp\/v2\/comments?post=195"}],"version-history":[{"count":1,"href":"https:\/\/aps972.duckdns.org\/en\/wp-json\/wp\/v2\/pages\/195\/revisions"}],"predecessor-version":[{"id":196,"href":"https:\/\/aps972.duckdns.org\/en\/wp-json\/wp\/v2\/pages\/195\/revisions\/196"}],"wp:attachment":[{"href":"https:\/\/aps972.duckdns.org\/en\/wp-json\/wp\/v2\/media?parent=195"}],"curies":[{"name":"wp","href":"https:\/\/api.w.org\/{rel}","templated":true}]}}