{"id":223,"date":"2025-10-21T14:56:08","date_gmt":"2025-10-21T12:56:08","guid":{"rendered":"http:\/\/192.168.1.20:8086\/?page_id=223"},"modified":"2025-10-22T00:50:15","modified_gmt":"2025-10-21T22:50:15","slug":"quiz-sur-les-brulures","status":"publish","type":"page","link":"https:\/\/aps972.duckdns.org\/en\/quiz-sur-les-brulures\/","title":{"rendered":"Quiz sur les br\u00fblures"},"content":{"rendered":"<div id=\"burn-quiz\">\n  <h2>Quiz : Que faire en cas de br\u00fblure ?<\/h2>\n\n  <div class=\"question\" data-answer=\"3\">\n    <p>1. Quel est le premier r\u00e9flexe \u00e0 avoir en cas de br\u00fblure ?<\/p>\n    <label><input type=\"radio\" name=\"q1\" value=\"0\"> Frotter la zone br\u00fbl\u00e9e<\/label><br>\n    <label><input type=\"radio\" name=\"q1\" value=\"1\"> Mettre un pansement<\/label><br>\n    <label><input type=\"radio\" name=\"q1\" value=\"2\"> Mettre de la cr\u00e8me<\/label><br>\n    <label><input type=\"radio\" name=\"q1\" value=\"3\"> Refroidir la br\u00fblure avec de l\u2019eau ti\u00e8de<\/label>\n  <\/div>\n\n  <div class=\"question\" data-answer=\"0\">\n    <p>2. Combien de temps faut-il refroidir une br\u00fblure avec de l\u2019eau ?<\/p>\n    <label><input type=\"radio\" name=\"q2\" value=\"0\"> 10 minutes<\/label><br>\n    <label><input type=\"radio\" name=\"q2\" value=\"1\"> 30 minutes<\/label><br>\n    <label><input type=\"radio\" name=\"q2\" value=\"2\"> 1 minute<\/label><br>\n    <label><input type=\"radio\" name=\"q2\" value=\"3\"> 5 minutes<\/label>\n  <\/div>\n\n  <div class=\"question\" data-answer=\"3\">\n    <p>3. Que ne faut-il surtout pas faire sur une br\u00fblure ?<\/p>\n    <label><input type=\"radio\" name=\"q3\" value=\"0\"> Rassurer la victime<\/label><br>\n    <label><input type=\"radio\" name=\"q3\" value=\"1\"> Mettre de l\u2019eau ti\u00e8de<\/label><br>\n    <label><input type=\"radio\" name=\"q3\" value=\"2\"> Pr\u00e9venir un adulte<\/label><br>\n    <label><input type=\"radio\" name=\"q3\" value=\"3\"> Mettre des gla\u00e7ons<\/label>\n  <\/div>\n\n  <div class=\"question\" data-answer=\"2\">\n    <p>4. Qui faut-il pr\u00e9venir en cas de br\u00fblure grave ?<\/p>\n    <label><input type=\"radio\" name=\"q4\" value=\"0\"> Un camarade<\/label><br>\n    <label><input type=\"radio\" name=\"q4\" value=\"1\"> Le concierge<\/label><br>\n    <label><input type=\"radio\" name=\"q4\" value=\"2\"> Un adulte ou les secours<\/label><br>\n    <label><input type=\"radio\" name=\"q4\" value=\"3\"> Personne, \u00e7a passe tout seul<\/label>\n  <\/div>\n\n  <div class=\"question\" data-answer=\"1\">\n    <p>5. Quel pictogramme peut indiquer un risque de br\u00fblure ?<\/p>\n    <label><input type=\"radio\" name=\"q5\" value=\"0\"> Un carr\u00e9 vert<\/label><br>\n    <label><input type=\"radio\" name=\"q5\" value=\"1\"> Un triangle avec une flamme<\/label><br>\n    <label><input type=\"radio\" name=\"q5\" value=\"2\"> Un cercle bleu<\/label><br>\n    <label><input type=\"radio\" name=\"q5\" value=\"3\"> Un point d\u2019interrogation<\/label>\n  <\/div>\n\n  <button onclick=\"checkBurnQuiz()\">Valider mes r\u00e9ponses<\/button>\n  <div id=\"burn-result\" style=\"margin-top: 20px; font-weight: bold;\"><\/div>\n<\/div>\n\n<script>\nfunction checkBurnQuiz() {\n  let score = 0;\n  const questions = document.querySelectorAll('#burn-quiz .question');\n  questions.forEach((q, index) => {\n    const correct = q.getAttribute('data-answer');\n    const selected = q.querySelector('input[type=\"radio\"]:checked');\n    if (selected && selected.value === correct) {\n      score++;\n    }\n  });\n\n  let feedback = `<p>Tu as obtenu <strong>${score}\/5<\/strong> bonnes r\u00e9ponses.<\/p>`;\n  if (score === 5) {\n    feedback += \"<p>\ud83d\udc4f Bravo ! Tu connais les bons gestes.<\/p>\";\n  } else if (score >= 3) {\n    feedback += \"<p>\ud83d\udcaa Pas mal ! Encore un petit effort.<\/p>\";\n  } else {\n    feedback += \"<p>\ud83d\udd01 On reprend les bases ensemble ?<\/p>\";\n  }\n\n  document.getElementById(\"burn-result\").innerHTML = feedback;\n}\n<\/script>","protected":false},"excerpt":{"rendered":"<p>Quiz : Que faire en cas de br\u00fblure ? 1. Quel est le premier r\u00e9flexe \u00e0 avoir en cas de [&hellip;]<\/p>","protected":false},"author":1,"featured_media":0,"parent":0,"menu_order":0,"comment_status":"closed","ping_status":"closed","template":"","meta":{"site-sidebar-layout":"default","site-content-layout":"","ast-site-content-layout":"default","site-content-style":"default","site-sidebar-style":"default","ast-global-header-display":"","ast-banner-title-visibility":"","ast-main-header-display":"","ast-hfb-above-header-display":"","ast-hfb-below-header-display":"","ast-hfb-mobile-header-display":"","site-post-title":"","ast-breadcrumbs-content":"","ast-featured-img":"","footer-sml-layout":"","theme-transparent-header-meta":"","adv-header-id-meta":"","stick-header-meta":"","header-above-stick-meta":"","header-main-stick-meta":"","header-below-stick-meta":"","astra-migrate-meta-layouts":"default","ast-page-background-enabled":"default","ast-page-background-meta":{"desktop":{"background-color":"var(--ast-global-color-5)","background-image":"","background-repeat":"repeat","background-position":"center center","background-size":"auto","background-attachment":"scroll","background-type":"","background-media":"","overlay-type":"","overlay-color":"","overlay-opacity":"","overlay-gradient":""},"tablet":{"background-color":"","background-image":"","background-repeat":"repeat","background-position":"center center","background-size":"auto","background-attachment":"scroll","background-type":"","background-media":"","overlay-type":"","overlay-color":"","overlay-opacity":"","overlay-gradient":""},"mobile":{"background-color":"","background-image":"","background-repeat":"repeat","background-position":"center center","background-size":"auto","background-attachment":"scroll","background-type":"","background-media":"","overlay-type":"","overlay-color":"","overlay-opacity":"","overlay-gradient":""}},"ast-content-background-meta":{"desktop":{"background-color":"var(--ast-global-color-4)","background-image":"","background-repeat":"repeat","background-position":"center center","background-size":"auto","background-attachment":"scroll","background-type":"","background-media":"","overlay-type":"","overlay-color":"","overlay-opacity":"","overlay-gradient":""},"tablet":{"background-color":"var(--ast-global-color-4)","background-image":"","background-repeat":"repeat","background-position":"center center","background-size":"auto","background-attachment":"scroll","background-type":"","background-media":"","overlay-type":"","overlay-color":"","overlay-opacity":"","overlay-gradient":""},"mobile":{"background-color":"var(--ast-global-color-4)","background-image":"","background-repeat":"repeat","background-position":"center center","background-size":"auto","background-attachment":"scroll","background-type":"","background-media":"","overlay-type":"","overlay-color":"","overlay-opacity":"","overlay-gradient":""}},"footnotes":""},"class_list":["post-223","page","type-page","status-publish","hentry"],"yoast_head":"<!-- This site is optimized with the Yoast SEO plugin v26.3 - https:\/\/yoast.com\/wordpress\/plugins\/seo\/ -->\n<title>Quiz sur les br\u00fblures - APS972<\/title>\n<meta name=\"robots\" content=\"index, follow, max-snippet:-1, max-image-preview:large, max-video-preview:-1\" \/>\n<link rel=\"canonical\" href=\"https:\/\/aps972.duckdns.org\/en\/quiz-sur-les-brulures\/\" \/>\n<meta property=\"og:locale\" content=\"en_GB\" \/>\n<meta property=\"og:type\" content=\"article\" \/>\n<meta property=\"og:title\" content=\"Quiz sur les br\u00fblures - APS972\" \/>\n<meta property=\"og:description\" content=\"Quiz : Que faire en cas de br\u00fblure ? 1. Quel est le premier r\u00e9flexe \u00e0 avoir en cas de [&hellip;]\" \/>\n<meta property=\"og:url\" content=\"https:\/\/aps972.duckdns.org\/en\/quiz-sur-les-brulures\/\" \/>\n<meta property=\"og:site_name\" content=\"APS972\" \/>\n<meta property=\"article:modified_time\" content=\"2025-10-21T22:50:15+00:00\" \/>\n<meta property=\"og:image\" content=\"https:\/\/aps972.duckdns.org\/wp-content\/uploads\/2025\/10\/imageaps972.jpg\" \/>\n\t<meta property=\"og:image:width\" content=\"1883\" \/>\n\t<meta property=\"og:image:height\" content=\"839\" \/>\n\t<meta property=\"og:image:type\" content=\"image\/jpeg\" \/>\n<meta name=\"twitter:card\" content=\"summary_large_image\" \/>\n<meta name=\"twitter:label1\" content=\"Estimated reading time\" \/>\n\t<meta name=\"twitter:data1\" content=\"1 minute\" \/>\n<script type=\"application\/ld+json\" class=\"yoast-schema-graph\">{\"@context\":\"https:\/\/schema.org\",\"@graph\":[{\"@type\":\"WebPage\",\"@id\":\"https:\/\/aps972.duckdns.org\/quiz-sur-les-brulures\/\",\"url\":\"https:\/\/aps972.duckdns.org\/quiz-sur-les-brulures\/\",\"name\":\"Quiz sur les br\u00fblures - APS972\",\"isPartOf\":{\"@id\":\"https:\/\/aps972.duckdns.org\/#website\"},\"datePublished\":\"2025-10-21T12:56:08+00:00\",\"dateModified\":\"2025-10-21T22:50:15+00:00\",\"breadcrumb\":{\"@id\":\"https:\/\/aps972.duckdns.org\/quiz-sur-les-brulures\/#breadcrumb\"},\"inLanguage\":\"en-GB\",\"potentialAction\":[{\"@type\":\"ReadAction\",\"target\":[\"https:\/\/aps972.duckdns.org\/quiz-sur-les-brulures\/\"]}]},{\"@type\":\"BreadcrumbList\",\"@id\":\"https:\/\/aps972.duckdns.org\/quiz-sur-les-brulures\/#breadcrumb\",\"itemListElement\":[{\"@type\":\"ListItem\",\"position\":1,\"name\":\"Accueil\",\"item\":\"https:\/\/aps972.duckdns.org\/\"},{\"@type\":\"ListItem\",\"position\":2,\"name\":\"Quiz sur les br\u00fblures\"}]},{\"@type\":\"WebSite\",\"@id\":\"https:\/\/aps972.duckdns.org\/#website\",\"url\":\"https:\/\/aps972.duckdns.org\/\",\"name\":\"APS972\",\"description\":\"\",\"publisher\":{\"@id\":\"https:\/\/aps972.duckdns.org\/#organization\"},\"alternateName\":\"Apprendre \u00e0 porter secours Martinique\",\"potentialAction\":[{\"@type\":\"SearchAction\",\"target\":{\"@type\":\"EntryPoint\",\"urlTemplate\":\"https:\/\/aps972.duckdns.org\/?s={search_term_string}\"},\"query-input\":{\"@type\":\"PropertyValueSpecification\",\"valueRequired\":true,\"valueName\":\"search_term_string\"}}],\"inLanguage\":\"en-GB\"},{\"@type\":\"Organization\",\"@id\":\"https:\/\/aps972.duckdns.org\/#organization\",\"name\":\"APS972\",\"url\":\"https:\/\/aps972.duckdns.org\/\",\"logo\":{\"@type\":\"ImageObject\",\"inLanguage\":\"en-GB\",\"@id\":\"https:\/\/aps972.duckdns.org\/#\/schema\/logo\/image\/\",\"url\":\"https:\/\/aps972.duckdns.org\/wp-content\/uploads\/2025\/10\/imageAPS9720-1.png\",\"contentUrl\":\"https:\/\/aps972.duckdns.org\/wp-content\/uploads\/2025\/10\/imageAPS9720-1.png\",\"width\":1536,\"height\":1024,\"caption\":\"APS972\"},\"image\":{\"@id\":\"https:\/\/aps972.duckdns.org\/#\/schema\/logo\/image\/\"}}]}<\/script>\n<!-- \/ Yoast SEO plugin. -->","yoast_head_json":{"title":"Quiz sur les br\u00fblures - APS972","robots":{"index":"index","follow":"follow","max-snippet":"max-snippet:-1","max-image-preview":"max-image-preview:large","max-video-preview":"max-video-preview:-1"},"canonical":"https:\/\/aps972.duckdns.org\/en\/quiz-sur-les-brulures\/","og_locale":"en_GB","og_type":"article","og_title":"Quiz sur les br\u00fblures - APS972","og_description":"Quiz : Que faire en cas de br\u00fblure ? 1. Quel est le premier r\u00e9flexe \u00e0 avoir en cas de [&hellip;]","og_url":"https:\/\/aps972.duckdns.org\/en\/quiz-sur-les-brulures\/","og_site_name":"APS972","article_modified_time":"2025-10-21T22:50:15+00:00","og_image":[{"width":1883,"height":839,"url":"https:\/\/aps972.duckdns.org\/wp-content\/uploads\/2025\/10\/imageaps972.jpg","type":"image\/jpeg"}],"twitter_card":"summary_large_image","twitter_misc":{"Estimated reading time":"1 minute"},"schema":{"@context":"https:\/\/schema.org","@graph":[{"@type":"WebPage","@id":"https:\/\/aps972.duckdns.org\/quiz-sur-les-brulures\/","url":"https:\/\/aps972.duckdns.org\/quiz-sur-les-brulures\/","name":"Quiz sur les br\u00fblures - APS972","isPartOf":{"@id":"https:\/\/aps972.duckdns.org\/#website"},"datePublished":"2025-10-21T12:56:08+00:00","dateModified":"2025-10-21T22:50:15+00:00","breadcrumb":{"@id":"https:\/\/aps972.duckdns.org\/quiz-sur-les-brulures\/#breadcrumb"},"inLanguage":"en-GB","potentialAction":[{"@type":"ReadAction","target":["https:\/\/aps972.duckdns.org\/quiz-sur-les-brulures\/"]}]},{"@type":"BreadcrumbList","@id":"https:\/\/aps972.duckdns.org\/quiz-sur-les-brulures\/#breadcrumb","itemListElement":[{"@type":"ListItem","position":1,"name":"Accueil","item":"https:\/\/aps972.duckdns.org\/"},{"@type":"ListItem","position":2,"name":"Quiz sur les br\u00fblures"}]},{"@type":"WebSite","@id":"https:\/\/aps972.duckdns.org\/#website","url":"https:\/\/aps972.duckdns.org\/","name":"APS972","description":"","publisher":{"@id":"https:\/\/aps972.duckdns.org\/#organization"},"alternateName":"Apprendre \u00e0 porter secours Martinique","potentialAction":[{"@type":"SearchAction","target":{"@type":"EntryPoint","urlTemplate":"https:\/\/aps972.duckdns.org\/?s={search_term_string}"},"query-input":{"@type":"PropertyValueSpecification","valueRequired":true,"valueName":"search_term_string"}}],"inLanguage":"en-GB"},{"@type":"Organization","@id":"https:\/\/aps972.duckdns.org\/#organization","name":"APS972","url":"https:\/\/aps972.duckdns.org\/","logo":{"@type":"ImageObject","inLanguage":"en-GB","@id":"https:\/\/aps972.duckdns.org\/#\/schema\/logo\/image\/","url":"https:\/\/aps972.duckdns.org\/wp-content\/uploads\/2025\/10\/imageAPS9720-1.png","contentUrl":"https:\/\/aps972.duckdns.org\/wp-content\/uploads\/2025\/10\/imageAPS9720-1.png","width":1536,"height":1024,"caption":"APS972"},"image":{"@id":"https:\/\/aps972.duckdns.org\/#\/schema\/logo\/image\/"}}]}},"_links":{"self":[{"href":"https:\/\/aps972.duckdns.org\/en\/wp-json\/wp\/v2\/pages\/223","targetHints":{"allow":["GET"]}}],"collection":[{"href":"https:\/\/aps972.duckdns.org\/en\/wp-json\/wp\/v2\/pages"}],"about":[{"href":"https:\/\/aps972.duckdns.org\/en\/wp-json\/wp\/v2\/types\/page"}],"author":[{"embeddable":true,"href":"https:\/\/aps972.duckdns.org\/en\/wp-json\/wp\/v2\/users\/1"}],"replies":[{"embeddable":true,"href":"https:\/\/aps972.duckdns.org\/en\/wp-json\/wp\/v2\/comments?post=223"}],"version-history":[{"count":8,"href":"https:\/\/aps972.duckdns.org\/en\/wp-json\/wp\/v2\/pages\/223\/revisions"}],"predecessor-version":[{"id":236,"href":"https:\/\/aps972.duckdns.org\/en\/wp-json\/wp\/v2\/pages\/223\/revisions\/236"}],"wp:attachment":[{"href":"https:\/\/aps972.duckdns.org\/en\/wp-json\/wp\/v2\/media?parent=223"}],"curies":[{"name":"wp","href":"https:\/\/api.w.org\/{rel}","templated":true}]}}