{"id":280,"date":"2025-10-22T20:08:48","date_gmt":"2025-10-22T18:08:48","guid":{"rendered":"http:\/\/192.168.1.20:8086\/?page_id=280"},"modified":"2025-10-22T20:37:29","modified_gmt":"2025-10-22T18:37:29","slug":"orsec","status":"publish","type":"page","link":"https:\/\/aps972.duckdns.org\/en\/orsec\/","title":{"rendered":"Le plan ORSEC"},"content":{"rendered":"<div class=\"wp-block-media-text is-stacked-on-mobile\"><figure class=\"wp-block-media-text__media\"><img loading=\"lazy\" decoding=\"async\" width=\"657\" height=\"826\" src=\"https:\/\/aps972.duckdns.org\/wp-content\/uploads\/2025\/10\/plan-ORSEC.jpg\" alt=\"\" class=\"wp-image-288 size-full\" srcset=\"https:\/\/aps972.duckdns.org\/wp-content\/uploads\/2025\/10\/plan-ORSEC.jpg 657w, https:\/\/aps972.duckdns.org\/wp-content\/uploads\/2025\/10\/plan-ORSEC-239x300.jpg 239w\" sizes=\"auto, (max-width: 657px) 100vw, 657px\" \/><\/figure><div class=\"wp-block-media-text__content\">\n<p>\ud83e\udded Structure du plan ORSEC en Martinique<\/p>\n\n\n\n<p><strong>Organisation des Secours<\/strong><\/p>\n\n\n\n<p><a href=\"https:\/\/www.martinique.gouv.fr\/Actions-de-l-Etat\/Securite\/Securite-civile-Risques-majeurs\/Risques-majeurs\/Dispositif-departemental-ORSEC-Martinique\" target=\"_blank\" rel=\"noreferrer noopener\">Lien de la pr\u00e9fecture <\/a>             <a href=\"https:\/\/aps972.duckdns.org\/wp-content\/uploads\/2025\/10\/ORSEC-DG-approuve-le-06022023.pdf\" target=\"_blank\" rel=\"noreferrer noopener\">PDF<\/a><\/p>\n\n\n\n<p>\u2705 <strong>Un plan ORSEC d\u00e9partemental unique<\/strong> : Il constitue <strong>le cadre g\u00e9n\u00e9ral<\/strong> de la r\u00e9ponse aux crises majeures. Il organise la coordination entre les services de l\u2019\u00c9tat, les collectivit\u00e9s, les secours, et les op\u00e9rateurs publics ou priv\u00e9s.<\/p>\n<\/div><\/div>\n\n\n\n<ul class=\"wp-block-list\"><\/ul>\n\n\n\n<h2 class=\"wp-block-heading\">\ud83d\udee1\ufe0f Fiche synth\u00e9tique \u2013 Dispositif ORSEC Martinique<\/h2>\n\n\n\n<h3 class=\"wp-block-heading\">\ud83d\udd37 Qu\u2019est-ce que le plan ORSEC ?<\/h3>\n\n\n\n<p>Le plan ORSEC (Organisation de la R\u00e9ponse de S\u00e9curit\u00e9 Civile) est un <strong>dispositif d\u00e9partemental<\/strong> qui coordonne les secours et les moyens en cas de <strong>crise majeure<\/strong>. Il est pilot\u00e9 par le pr\u00e9fet et mobilise tous les acteurs : pompiers, gendarmerie, communes, h\u00f4pitaux, associations, etc.<\/p>\n\n\n\n<h3 class=\"wp-block-heading\">\ud83d\udcc2 Les volets sp\u00e9cifiques du plan ORSEC en Martinique<\/h3>\n\n\n\n<figure class=\"wp-block-table\"><table class=\"has-fixed-layout\"><thead><tr><th><strong>Type de risque<\/strong><\/th><th><strong>Volet ORSEC associ\u00e9<\/strong><\/th><th><strong>Exemples de mesures<\/strong><\/th><\/tr><\/thead><tbody><tr><td>\ud83c\udf2a\ufe0f Cyclone<\/td><td>Volet ORSEC Cyclone<\/td><td>Vigilance m\u00e9t\u00e9o, confinement, \u00e9vacuation<\/td><\/tr><tr><td>\ud83c\udf0b \u00c9ruption volcanique<\/td><td>Volet ORSEC Volcan (Montagne Pel\u00e9e)<\/td><td>Surveillance OVSM, zones d\u2019exclusion<\/td><\/tr><tr><td>\ud83c\udf0d S\u00e9isme<\/td><td>Volet ORSEC S\u00e9isme<\/td><td>Mise en s\u00e9curit\u00e9, gestion des d\u00e9combres<\/td><\/tr><tr><td>\ud83c\udf0a Vagues-submersion<\/td><td>Volet ORSEC Vagues-submersion<\/td><td>Alerte littorale, \u00e9vacuation des zones basses<\/td><\/tr><tr><td>\ud83d\udee2\ufe0f Pollution marine<\/td><td>Volet ORSEC POLMAR Terre<\/td><td>Containment, nettoyage des c\u00f4tes<\/td><\/tr><tr><td>\ud83d\udd25 Incendie de for\u00eat<\/td><td>Volet ORSEC Incendie de v\u00e9g\u00e9tation<\/td><td>Surveillance, intervention rapide<\/td><\/tr><tr><td>\ud83c\udfed Accident industriel<\/td><td>Volet ORSEC Risques technologiques<\/td><td>P\u00e9rim\u00e8tre de s\u00e9curit\u00e9, confinement<\/td><\/tr><tr><td>\ud83e\udda0 Risques sanitaires\/biologiques<\/td><td>Volet ORSEC Sanitaire et Biologique<\/td><td>Alertes, soins, protection des populations<\/td><\/tr><\/tbody><\/table><\/figure>\n\n\n\n<h3 class=\"wp-block-heading\">\ud83d\udce3 Comment est d\u00e9clench\u00e9 le plan ORSEC ?<\/h3>\n\n\n\n<ul class=\"wp-block-list\">\n<li>Par le <strong>pr\u00e9fet<\/strong> en cas de situation grave ou impr\u00e9visible<\/li>\n\n\n\n<li>Selon le <strong>niveau de gravit\u00e9<\/strong> et les <strong>besoins en coordination<\/strong><\/li>\n\n\n\n<li>Il peut \u00eatre <strong>partiel<\/strong> (un seul volet activ\u00e9) ou <strong>g\u00e9n\u00e9ral<\/strong> (mobilisation totale)<\/li>\n<\/ul>\n\n\n\n<h3 class=\"wp-block-heading\">\ud83e\udde0 \u00c0 retenir pour les \u00e9l\u00e8ves et personnels :<\/h3>\n\n\n\n<ul class=\"wp-block-list\">\n<li>Le plan ORSEC <strong>prot\u00e8ge les populations<\/strong><\/li>\n\n\n\n<li>Il est <strong>adapt\u00e9 aux risques sp\u00e9cifiques de la Martinique<\/strong><\/li>\n\n\n\n<li>Il repose sur la <strong>pr\u00e9paration, la coordination et la r\u00e9activit\u00e9<\/strong><\/li>\n<\/ul>\n\n\n\n<p><\/p>","protected":false},"excerpt":{"rendered":"<p>\ud83e\udded Structure du plan ORSEC en Martinique Organisation des Secours Lien de la pr\u00e9fecture PDF \u2705 Un plan ORSEC d\u00e9partemental [&hellip;]<\/p>","protected":false},"author":1,"featured_media":0,"parent":0,"menu_order":0,"comment_status":"closed","ping_status":"closed","template":"","meta":{"site-sidebar-layout":"default","site-content-layout":"","ast-site-content-layout":"default","site-content-style":"default","site-sidebar-style":"default","ast-global-header-display":"","ast-banner-title-visibility":"","ast-main-header-display":"","ast-hfb-above-header-display":"","ast-hfb-below-header-display":"","ast-hfb-mobile-header-display":"","site-post-title":"","ast-breadcrumbs-content":"","ast-featured-img":"","footer-sml-layout":"","theme-transparent-header-meta":"","adv-header-id-meta":"","stick-header-meta":"","header-above-stick-meta":"","header-main-stick-meta":"","header-below-stick-meta":"","astra-migrate-meta-layouts":"default","ast-page-background-enabled":"default","ast-page-background-meta":{"desktop":{"background-color":"var(--ast-global-color-5)","background-image":"","background-repeat":"repeat","background-position":"center center","background-size":"auto","background-attachment":"scroll","background-type":"","background-media":"","overlay-type":"","overlay-color":"","overlay-opacity":"","overlay-gradient":""},"tablet":{"background-color":"","background-image":"","background-repeat":"repeat","background-position":"center center","background-size":"auto","background-attachment":"scroll","background-type":"","background-media":"","overlay-type":"","overlay-color":"","overlay-opacity":"","overlay-gradient":""},"mobile":{"background-color":"","background-image":"","background-repeat":"repeat","background-position":"center center","background-size":"auto","background-attachment":"scroll","background-type":"","background-media":"","overlay-type":"","overlay-color":"","overlay-opacity":"","overlay-gradient":""}},"ast-content-background-meta":{"desktop":{"background-color":"var(--ast-global-color-4)","background-image":"","background-repeat":"repeat","background-position":"center center","background-size":"auto","background-attachment":"scroll","background-type":"","background-media":"","overlay-type":"","overlay-color":"","overlay-opacity":"","overlay-gradient":""},"tablet":{"background-color":"var(--ast-global-color-4)","background-image":"","background-repeat":"repeat","background-position":"center center","background-size":"auto","background-attachment":"scroll","background-type":"","background-media":"","overlay-type":"","overlay-color":"","overlay-opacity":"","overlay-gradient":""},"mobile":{"background-color":"var(--ast-global-color-4)","background-image":"","background-repeat":"repeat","background-position":"center center","background-size":"auto","background-attachment":"scroll","background-type":"","background-media":"","overlay-type":"","overlay-color":"","overlay-opacity":"","overlay-gradient":""}},"footnotes":""},"class_list":["post-280","page","type-page","status-publish","hentry"],"yoast_head":"<!-- This site is optimized with the Yoast SEO plugin v26.3 - https:\/\/yoast.com\/wordpress\/plugins\/seo\/ -->\n<title>Le plan ORSEC - APS972<\/title>\n<meta name=\"robots\" content=\"index, follow, max-snippet:-1, max-image-preview:large, max-video-preview:-1\" \/>\n<link rel=\"canonical\" href=\"https:\/\/aps972.duckdns.org\/en\/orsec\/\" \/>\n<meta property=\"og:locale\" content=\"en_GB\" \/>\n<meta property=\"og:type\" content=\"article\" \/>\n<meta property=\"og:title\" content=\"Le plan ORSEC - APS972\" \/>\n<meta property=\"og:description\" content=\"\ud83e\udded Structure du plan ORSEC en Martinique Organisation des Secours Lien de la pr\u00e9fecture PDF \u2705 Un plan ORSEC d\u00e9partemental [&hellip;]\" \/>\n<meta property=\"og:url\" content=\"https:\/\/aps972.duckdns.org\/en\/orsec\/\" \/>\n<meta property=\"og:site_name\" content=\"APS972\" \/>\n<meta property=\"article:modified_time\" content=\"2025-10-22T18:37:29+00:00\" \/>\n<meta property=\"og:image\" content=\"https:\/\/aps972.duckdns.org\/wp-content\/uploads\/2025\/10\/imageaps972.jpg\" \/>\n\t<meta property=\"og:image:width\" content=\"1883\" \/>\n\t<meta property=\"og:image:height\" content=\"839\" \/>\n\t<meta property=\"og:image:type\" content=\"image\/jpeg\" \/>\n<meta name=\"twitter:card\" content=\"summary_large_image\" \/>\n<meta name=\"twitter:label1\" content=\"Estimated reading time\" \/>\n\t<meta name=\"twitter:data1\" content=\"1 minute\" \/>\n<script type=\"application\/ld+json\" class=\"yoast-schema-graph\">{\"@context\":\"https:\/\/schema.org\",\"@graph\":[{\"@type\":\"WebPage\",\"@id\":\"https:\/\/aps972.duckdns.org\/orsec\/\",\"url\":\"https:\/\/aps972.duckdns.org\/orsec\/\",\"name\":\"Le plan ORSEC - APS972\",\"isPartOf\":{\"@id\":\"https:\/\/aps972.duckdns.org\/#website\"},\"datePublished\":\"2025-10-22T18:08:48+00:00\",\"dateModified\":\"2025-10-22T18:37:29+00:00\",\"breadcrumb\":{\"@id\":\"https:\/\/aps972.duckdns.org\/orsec\/#breadcrumb\"},\"inLanguage\":\"en-GB\",\"potentialAction\":[{\"@type\":\"ReadAction\",\"target\":[\"https:\/\/aps972.duckdns.org\/orsec\/\"]}]},{\"@type\":\"BreadcrumbList\",\"@id\":\"https:\/\/aps972.duckdns.org\/orsec\/#breadcrumb\",\"itemListElement\":[{\"@type\":\"ListItem\",\"position\":1,\"name\":\"Accueil\",\"item\":\"https:\/\/aps972.duckdns.org\/\"},{\"@type\":\"ListItem\",\"position\":2,\"name\":\"Le plan ORSEC\"}]},{\"@type\":\"WebSite\",\"@id\":\"https:\/\/aps972.duckdns.org\/#website\",\"url\":\"https:\/\/aps972.duckdns.org\/\",\"name\":\"APS972\",\"description\":\"\",\"publisher\":{\"@id\":\"https:\/\/aps972.duckdns.org\/#organization\"},\"alternateName\":\"Apprendre \u00e0 porter secours Martinique\",\"potentialAction\":[{\"@type\":\"SearchAction\",\"target\":{\"@type\":\"EntryPoint\",\"urlTemplate\":\"https:\/\/aps972.duckdns.org\/?s={search_term_string}\"},\"query-input\":{\"@type\":\"PropertyValueSpecification\",\"valueRequired\":true,\"valueName\":\"search_term_string\"}}],\"inLanguage\":\"en-GB\"},{\"@type\":\"Organization\",\"@id\":\"https:\/\/aps972.duckdns.org\/#organization\",\"name\":\"APS972\",\"url\":\"https:\/\/aps972.duckdns.org\/\",\"logo\":{\"@type\":\"ImageObject\",\"inLanguage\":\"en-GB\",\"@id\":\"https:\/\/aps972.duckdns.org\/#\/schema\/logo\/image\/\",\"url\":\"https:\/\/aps972.duckdns.org\/wp-content\/uploads\/2025\/10\/imageAPS9720-1.png\",\"contentUrl\":\"https:\/\/aps972.duckdns.org\/wp-content\/uploads\/2025\/10\/imageAPS9720-1.png\",\"width\":1536,\"height\":1024,\"caption\":\"APS972\"},\"image\":{\"@id\":\"https:\/\/aps972.duckdns.org\/#\/schema\/logo\/image\/\"}}]}<\/script>\n<!-- \/ Yoast SEO plugin. -->","yoast_head_json":{"title":"Le plan ORSEC - APS972","robots":{"index":"index","follow":"follow","max-snippet":"max-snippet:-1","max-image-preview":"max-image-preview:large","max-video-preview":"max-video-preview:-1"},"canonical":"https:\/\/aps972.duckdns.org\/en\/orsec\/","og_locale":"en_GB","og_type":"article","og_title":"Le plan ORSEC - APS972","og_description":"\ud83e\udded Structure du plan ORSEC en Martinique Organisation des Secours Lien de la pr\u00e9fecture PDF \u2705 Un plan ORSEC d\u00e9partemental [&hellip;]","og_url":"https:\/\/aps972.duckdns.org\/en\/orsec\/","og_site_name":"APS972","article_modified_time":"2025-10-22T18:37:29+00:00","og_image":[{"width":1883,"height":839,"url":"https:\/\/aps972.duckdns.org\/wp-content\/uploads\/2025\/10\/imageaps972.jpg","type":"image\/jpeg"}],"twitter_card":"summary_large_image","twitter_misc":{"Estimated reading time":"1 minute"},"schema":{"@context":"https:\/\/schema.org","@graph":[{"@type":"WebPage","@id":"https:\/\/aps972.duckdns.org\/orsec\/","url":"https:\/\/aps972.duckdns.org\/orsec\/","name":"Le plan ORSEC - APS972","isPartOf":{"@id":"https:\/\/aps972.duckdns.org\/#website"},"datePublished":"2025-10-22T18:08:48+00:00","dateModified":"2025-10-22T18:37:29+00:00","breadcrumb":{"@id":"https:\/\/aps972.duckdns.org\/orsec\/#breadcrumb"},"inLanguage":"en-GB","potentialAction":[{"@type":"ReadAction","target":["https:\/\/aps972.duckdns.org\/orsec\/"]}]},{"@type":"BreadcrumbList","@id":"https:\/\/aps972.duckdns.org\/orsec\/#breadcrumb","itemListElement":[{"@type":"ListItem","position":1,"name":"Accueil","item":"https:\/\/aps972.duckdns.org\/"},{"@type":"ListItem","position":2,"name":"Le plan ORSEC"}]},{"@type":"WebSite","@id":"https:\/\/aps972.duckdns.org\/#website","url":"https:\/\/aps972.duckdns.org\/","name":"APS972","description":"","publisher":{"@id":"https:\/\/aps972.duckdns.org\/#organization"},"alternateName":"Apprendre \u00e0 porter secours Martinique","potentialAction":[{"@type":"SearchAction","target":{"@type":"EntryPoint","urlTemplate":"https:\/\/aps972.duckdns.org\/?s={search_term_string}"},"query-input":{"@type":"PropertyValueSpecification","valueRequired":true,"valueName":"search_term_string"}}],"inLanguage":"en-GB"},{"@type":"Organization","@id":"https:\/\/aps972.duckdns.org\/#organization","name":"APS972","url":"https:\/\/aps972.duckdns.org\/","logo":{"@type":"ImageObject","inLanguage":"en-GB","@id":"https:\/\/aps972.duckdns.org\/#\/schema\/logo\/image\/","url":"https:\/\/aps972.duckdns.org\/wp-content\/uploads\/2025\/10\/imageAPS9720-1.png","contentUrl":"https:\/\/aps972.duckdns.org\/wp-content\/uploads\/2025\/10\/imageAPS9720-1.png","width":1536,"height":1024,"caption":"APS972"},"image":{"@id":"https:\/\/aps972.duckdns.org\/#\/schema\/logo\/image\/"}}]}},"_links":{"self":[{"href":"https:\/\/aps972.duckdns.org\/en\/wp-json\/wp\/v2\/pages\/280","targetHints":{"allow":["GET"]}}],"collection":[{"href":"https:\/\/aps972.duckdns.org\/en\/wp-json\/wp\/v2\/pages"}],"about":[{"href":"https:\/\/aps972.duckdns.org\/en\/wp-json\/wp\/v2\/types\/page"}],"author":[{"embeddable":true,"href":"https:\/\/aps972.duckdns.org\/en\/wp-json\/wp\/v2\/users\/1"}],"replies":[{"embeddable":true,"href":"https:\/\/aps972.duckdns.org\/en\/wp-json\/wp\/v2\/comments?post=280"}],"version-history":[{"count":5,"href":"https:\/\/aps972.duckdns.org\/en\/wp-json\/wp\/v2\/pages\/280\/revisions"}],"predecessor-version":[{"id":290,"href":"https:\/\/aps972.duckdns.org\/en\/wp-json\/wp\/v2\/pages\/280\/revisions\/290"}],"wp:attachment":[{"href":"https:\/\/aps972.duckdns.org\/en\/wp-json\/wp\/v2\/media?parent=280"}],"curies":[{"name":"wp","href":"https:\/\/api.w.org\/{rel}","templated":true}]}}