{"id":470,"date":"2025-10-26T08:35:11","date_gmt":"2025-10-26T12:35:11","guid":{"rendered":"https:\/\/aps972.duckdns.org\/?page_id=470"},"modified":"2025-10-26T18:11:00","modified_gmt":"2025-10-26T22:11:00","slug":"formulaire-de-contact","status":"publish","type":"page","link":"https:\/\/aps972.duckdns.org\/en\/formulaire-de-contact\/","title":{"rendered":"Formulaire de contact"},"content":{"rendered":"<div class=\"wp-block-media-text is-stacked-on-mobile\"><figure class=\"wp-block-media-text__media\"><img loading=\"lazy\" decoding=\"async\" width=\"1024\" height=\"1024\" src=\"https:\/\/aps972.duckdns.org\/wp-content\/uploads\/2025\/10\/gestes.png\" alt=\"\" class=\"wp-image-505 size-full\" srcset=\"https:\/\/aps972.duckdns.org\/wp-content\/uploads\/2025\/10\/gestes.png 1024w, https:\/\/aps972.duckdns.org\/wp-content\/uploads\/2025\/10\/gestes-300x300.png 300w, https:\/\/aps972.duckdns.org\/wp-content\/uploads\/2025\/10\/gestes-150x150.png 150w, https:\/\/aps972.duckdns.org\/wp-content\/uploads\/2025\/10\/gestes-768x768.png 768w, https:\/\/aps972.duckdns.org\/wp-content\/uploads\/2025\/10\/gestes-12x12.png 12w\" sizes=\"auto, (max-width: 1024px) 100vw, 1024px\" \/><\/figure><div class=\"wp-block-media-text__content\">\n<p>                                Formulaire de contact<\/p>\n\n\n<div class='fluentform ff-default fluentform_wrapper_3  ff_guten_block ff_guten_block-3 ffs_default_wrap'><form data-form_id=\"3\" id=\"fluentform_3\" class=\"frm-fluent-form fluent_form_3 ff-el-form-top ff_form_instance_3_1 ff-form-loading ffs_default\" data-form_instance=\"ff_form_instance_3_1\" method=\"POST\" action=\"\" ><fieldset  style=\"border: none!important;margin: 0!important;padding: 0!important;background-color: transparent!important;box-shadow: none!important;outline: none!important; min-inline-size: 100%;\">\n                    <legend class=\"ff_screen_reader_title\" style=\"display: block; margin: 0!important;padding: 0!important;height: 0!important;text-indent: -999999px;width: 0!important;overflow:hidden;\">Formulaire de contact<\/legend><input type='hidden' name='__fluent_form_embded_post_id' value='470' \/><input type=\"hidden\" id=\"_fluentform_3_fluentformnonce\" name=\"_fluentform_3_fluentformnonce\" value=\"41965b8b9d\" \/><input type=\"hidden\" name=\"_wp_http_referer\" value=\"\/en\/wp-json\/wp\/v2\/pages\/470\" \/><div data-type=\"name-element\" data-name=\"names\" class=\"ff-field_container ff-name-field-wrapper\" ><div class='ff-t-container'><div class='ff-t-cell'><div class='ff-el-group ff-el-form-top'><div class=\"ff-el-input--label ff-el-is-required asterisk-right\"><label for='ff_3_names_first_name_' id='label_ff_3_names_first_name_' >Pr\u00e9nom<\/label><\/div><div class='ff-el-input--content'><input type=\"text\" name=\"names[first_name]\" id=\"ff_3_names_first_name_\" class=\"ff-el-form-control\" placeholder=\"Saisissez votre pr\u00e9nom\" aria-invalid=\"false\" aria-required=\"true\"><\/div><\/div><\/div><div class='ff-t-cell'><div class='ff-el-group ff-el-form-top'><div class=\"ff-el-input--label ff-el-is-required asterisk-right\"><label for='ff_3_names_last_name_' id='label_ff_3_names_last_name_' >Nom de famille<\/label><\/div><div class='ff-el-input--content'><input type=\"text\" name=\"names[last_name]\" id=\"ff_3_names_last_name_\" class=\"ff-el-form-control\" placeholder=\"Saisissez votre nom de famille\" aria-invalid=\"false\" aria-required=\"true\"><\/div><\/div><\/div><\/div><\/div><div data-name=\"ff_cn_id_1\"  class='ff-t-container ff-column-container ff_columns_total_2'><div class='ff-t-cell ff-t-column-1' style='flex-basis: 50%;'><div class='ff-el-group'><div class=\"ff-el-input--label ff-el-is-required asterisk-right\"><label for='ff_3_email' id='label_ff_3_email' aria-label=\"Courriel\">Courriel<\/label><\/div><div class='ff-el-input--content'><input type=\"email\" name=\"email\" id=\"ff_3_email\" class=\"ff-el-form-control\" placeholder=\"Email Adress\" data-name=\"email\"  aria-invalid=\"false\" aria-required=\"true\"><\/div><\/div><\/div><div class='ff-t-cell ff-t-column-2' style='flex-basis: 50%;'><div class='ff-el-group'><div class=\"ff-el-input--label ff-el-is-required asterisk-right\"><label for='ff_3_input_text' id='label_ff_3_input_text' aria-label=\"T\u00e9lephone\">T\u00e9lephone<\/label><\/div><div class='ff-el-input--content'><input type=\"text\" name=\"input_text\" class=\"ff-el-form-control\" placeholder=\"n\u00b0 de t\u00e9l\u00e9phone\" data-name=\"input_text\" id=\"ff_3_input_text\"  aria-invalid=\"false\" aria-required=\"true\"><\/div><\/div><\/div><\/div><div class='ff-el-group'><div class=\"ff-el-input--label ff-el-is-required asterisk-right\"><label for='ff_3_dropdown' id='label_ff_3_dropdown' aria-label=\"Votre message concerne\">Votre message concerne<\/label><\/div><div class='ff-el-input--content'><select name=\"dropdown\" id=\"ff_3_dropdown\" class=\"ff-el-form-control\" data-name=\"dropdown\" data-calc_value=\"0\"  aria-invalid=\"false\" aria-required=\"true\" aria-labelledby=\"label_ff_3_dropdown\"><option value=\"\">&#8211; S\u00e9lectionner<\/option><option value=\"Assistant de pr\u00e9vention\"  >Assistant de pr\u00e9vention<\/option><option value=\"Formation APS\"  >Formation APS<\/option><option value=\"Formation PSC\"  >Formation PSC<\/option><option value=\"Information\"  >Information<\/option><option value=\"Autre\"  >Autre<\/option><\/select><\/div><\/div><div class='ff-el-group'><div class=\"ff-el-input--label ff-el-is-required asterisk-right\"><label for='ff_3_description' id='label_ff_3_description' aria-label=\"Message\">Message<\/label><\/div><div class='ff-el-input--content'><textarea aria-required=\"true\" aria-labelledby=\"label_ff_3_description\" name=\"description\" id=\"ff_3_description\" class=\"ff-el-form-control\" rows=\"10\" cols=\"2\" data-name=\"description\" ><\/textarea><\/div><\/div><div class='ff-el-group    ff-el-input--content'><div class='ff-el-form-check ff-el-tc'><label aria-label='Je consens \u00e0 ce que ce site stocke les informations que j\u2019ai envoy\u00e9es afin de pouvoir r\u00e9pondre \u00e0 ma demande. RGPD' class='ff-el-form-check-label ff_tc_label' for=\"gdpr-agreement_c97fe743802360693d29a902bef0a75d\"><span class='ff_tc_checkbox'><input type=\"checkbox\" name=\"gdpr-agreement\" class=\"ff-el-form-check-input ff_gdpr_field\" data-name=\"gdpr-agreement\" id=\"gdpr-agreement_c97fe743802360693d29a902bef0a75d\"  value='on' aria-invalid='false' aria-required=\"true\"><\/span> <div class='ff_t_c'>Je consens \u00e0 ce que ce site stocke les informations que j\u2019ai envoy\u00e9es afin de pouvoir r\u00e9pondre \u00e0 ma demande. RGPD<\/div><\/label><\/div><\/div><div class='ff-el-group ff-text-left ff_submit_btn_wrapper'><button type=\"submit\" class=\"ff-btn ff-btn-submit ff-btn-md ff_btn_style\"  aria-label=\"Envoyer\">Envoyer<\/button><\/div><\/fieldset><input type=\"hidden\" name=\"trp-form-language\" value=\"en\"\/><\/form><div id='fluentform_3_errors' class='ff-errors-in-stack ff_form_instance_3_1 ff-form-loading_errors ff_form_instance_3_1_errors'><\/div><\/div>            <script type=\"text\/javascript\">\n                window.fluent_form_ff_form_instance_3_1 = {\"id\":\"3\",\"settings\":{\"layout\":{\"labelPlacement\":\"top\",\"asteriskPlacement\":\"asterisk-right\",\"helpMessagePlacement\":\"with_label\",\"errorMessagePlacement\":\"inline\",\"cssClassName\":\"\"},\"restrictions\":{\"denyEmptySubmission\":{\"enabled\":false}}},\"form_instance\":\"ff_form_instance_3_1\",\"form_id_selector\":\"fluentform_3\",\"rules\":{\"names[first_name]\":{\"required\":{\"value\":true,\"message\":\"This field is required\",\"global_message\":\"Ce champ est obligatoire\",\"global\":true}},\"names[middle_name]\":{\"required\":{\"value\":false,\"message\":\"This field is required\",\"global_message\":\"Ce champ est obligatoire\",\"global\":true}},\"names[last_name]\":{\"required\":{\"value\":true,\"message\":\"This field is required\",\"global_message\":\"Ce champ est obligatoire\",\"global\":true}},\"email\":{\"required\":{\"value\":true,\"message\":\"This field is required\",\"global_message\":\"Ce champ est obligatoire\",\"global\":true},\"email\":{\"value\":true,\"message\":\"This field must contain a valid email\",\"global_message\":\"Ce champ doit contenir un e-mail valide\",\"global\":true}},\"input_text\":{\"required\":{\"value\":true,\"message\":\"This field is required\",\"global_message\":\"Ce champ est obligatoire\",\"global\":true}},\"dropdown\":{\"required\":{\"value\":true,\"message\":\"This field is required\",\"global_message\":\"Ce champ est obligatoire\",\"global\":true}},\"description\":{\"required\":{\"value\":true,\"message\":\"This field is required\",\"global_message\":\"Ce champ est obligatoire\",\"global\":true}},\"gdpr-agreement\":{\"required\":{\"value\":true,\"message\":\"This field is required\",\"global_message\":\"Ce champ est obligatoire\",\"global\":true}}},\"debounce_time\":300};\n                            <\/script>\n            <\/div><\/div>","protected":false},"excerpt":{"rendered":"","protected":false},"author":1,"featured_media":0,"parent":0,"menu_order":0,"comment_status":"closed","ping_status":"closed","template":"","meta":{"site-sidebar-layout":"default","site-content-layout":"","ast-site-content-layout":"default","site-content-style":"default","site-sidebar-style":"default","ast-global-header-display":"","ast-banner-title-visibility":"","ast-main-header-display":"","ast-hfb-above-header-display":"","ast-hfb-below-header-display":"","ast-hfb-mobile-header-display":"","site-post-title":"disabled","ast-breadcrumbs-content":"","ast-featured-img":"","footer-sml-layout":"","theme-transparent-header-meta":"","adv-header-id-meta":"","stick-header-meta":"","header-above-stick-meta":"","header-main-stick-meta":"","header-below-stick-meta":"","astra-migrate-meta-layouts":"default","ast-page-background-enabled":"default","ast-page-background-meta":{"desktop":{"background-color":"var(--ast-global-color-5)","background-image":"","background-repeat":"repeat","background-position":"center center","background-size":"auto","background-attachment":"scroll","background-type":"","background-media":"","overlay-type":"","overlay-color":"","overlay-opacity":"","overlay-gradient":""},"tablet":{"background-color":"","background-image":"","background-repeat":"repeat","background-position":"center center","background-size":"auto","background-attachment":"scroll","background-type":"","background-media":"","overlay-type":"","overlay-color":"","overlay-opacity":"","overlay-gradient":""},"mobile":{"background-color":"","background-image":"","background-repeat":"repeat","background-position":"center center","background-size":"auto","background-attachment":"scroll","background-type":"","background-media":"","overlay-type":"","overlay-color":"","overlay-opacity":"","overlay-gradient":""}},"ast-content-background-meta":{"desktop":{"background-color":"var(--ast-global-color-4)","background-image":"","background-repeat":"repeat","background-position":"center center","background-size":"auto","background-attachment":"scroll","background-type":"","background-media":"","overlay-type":"","overlay-color":"","overlay-opacity":"","overlay-gradient":""},"tablet":{"background-color":"var(--ast-global-color-4)","background-image":"","background-repeat":"repeat","background-position":"center center","background-size":"auto","background-attachment":"scroll","background-type":"","background-media":"","overlay-type":"","overlay-color":"","overlay-opacity":"","overlay-gradient":""},"mobile":{"background-color":"var(--ast-global-color-4)","background-image":"","background-repeat":"repeat","background-position":"center center","background-size":"auto","background-attachment":"scroll","background-type":"","background-media":"","overlay-type":"","overlay-color":"","overlay-opacity":"","overlay-gradient":""}},"footnotes":""},"class_list":["post-470","page","type-page","status-publish","hentry"],"yoast_head":"<!-- This site is optimized with the Yoast SEO plugin v26.3 - https:\/\/yoast.com\/wordpress\/plugins\/seo\/ -->\n<title>Formulaire de contact - APS972<\/title>\n<meta name=\"robots\" content=\"index, follow, max-snippet:-1, max-image-preview:large, max-video-preview:-1\" \/>\n<link rel=\"canonical\" href=\"https:\/\/aps972.duckdns.org\/en\/formulaire-de-contact\/\" \/>\n<meta property=\"og:locale\" content=\"en_GB\" \/>\n<meta property=\"og:type\" content=\"article\" \/>\n<meta property=\"og:title\" content=\"Formulaire de contact - APS972\" \/>\n<meta property=\"og:url\" content=\"https:\/\/aps972.duckdns.org\/en\/formulaire-de-contact\/\" \/>\n<meta property=\"og:site_name\" content=\"APS972\" \/>\n<meta property=\"article:modified_time\" content=\"2025-10-26T22:11:00+00:00\" \/>\n<meta property=\"og:image\" content=\"https:\/\/aps972.duckdns.org\/wp-content\/uploads\/2025\/10\/gestes.png\" \/>\n\t<meta property=\"og:image:width\" content=\"1024\" \/>\n\t<meta property=\"og:image:height\" content=\"1024\" \/>\n\t<meta property=\"og:image:type\" content=\"image\/png\" \/>\n<meta name=\"twitter:card\" content=\"summary_large_image\" \/>\n<script type=\"application\/ld+json\" class=\"yoast-schema-graph\">{\"@context\":\"https:\/\/schema.org\",\"@graph\":[{\"@type\":\"WebPage\",\"@id\":\"https:\/\/aps972.duckdns.org\/formulaire-de-contact\/\",\"url\":\"https:\/\/aps972.duckdns.org\/formulaire-de-contact\/\",\"name\":\"Formulaire de contact - APS972\",\"isPartOf\":{\"@id\":\"https:\/\/aps972.duckdns.org\/#website\"},\"primaryImageOfPage\":{\"@id\":\"https:\/\/aps972.duckdns.org\/formulaire-de-contact\/#primaryimage\"},\"image\":{\"@id\":\"https:\/\/aps972.duckdns.org\/formulaire-de-contact\/#primaryimage\"},\"thumbnailUrl\":\"https:\/\/aps972.duckdns.org\/wp-content\/uploads\/2025\/10\/gestes.png\",\"datePublished\":\"2025-10-26T12:35:11+00:00\",\"dateModified\":\"2025-10-26T22:11:00+00:00\",\"breadcrumb\":{\"@id\":\"https:\/\/aps972.duckdns.org\/formulaire-de-contact\/#breadcrumb\"},\"inLanguage\":\"en-GB\",\"potentialAction\":[{\"@type\":\"ReadAction\",\"target\":[\"https:\/\/aps972.duckdns.org\/formulaire-de-contact\/\"]}]},{\"@type\":\"ImageObject\",\"inLanguage\":\"en-GB\",\"@id\":\"https:\/\/aps972.duckdns.org\/formulaire-de-contact\/#primaryimage\",\"url\":\"https:\/\/aps972.duckdns.org\/wp-content\/uploads\/2025\/10\/gestes.png\",\"contentUrl\":\"https:\/\/aps972.duckdns.org\/wp-content\/uploads\/2025\/10\/gestes.png\"},{\"@type\":\"BreadcrumbList\",\"@id\":\"https:\/\/aps972.duckdns.org\/formulaire-de-contact\/#breadcrumb\",\"itemListElement\":[{\"@type\":\"ListItem\",\"position\":1,\"name\":\"Accueil\",\"item\":\"https:\/\/aps972.duckdns.org\/\"},{\"@type\":\"ListItem\",\"position\":2,\"name\":\"Formulaire de contact\"}]},{\"@type\":\"WebSite\",\"@id\":\"https:\/\/aps972.duckdns.org\/#website\",\"url\":\"https:\/\/aps972.duckdns.org\/\",\"name\":\"APS972\",\"description\":\"\",\"publisher\":{\"@id\":\"https:\/\/aps972.duckdns.org\/#organization\"},\"alternateName\":\"Apprendre \u00e0 porter secours Martinique\",\"potentialAction\":[{\"@type\":\"SearchAction\",\"target\":{\"@type\":\"EntryPoint\",\"urlTemplate\":\"https:\/\/aps972.duckdns.org\/?s={search_term_string}\"},\"query-input\":{\"@type\":\"PropertyValueSpecification\",\"valueRequired\":true,\"valueName\":\"search_term_string\"}}],\"inLanguage\":\"en-GB\"},{\"@type\":\"Organization\",\"@id\":\"https:\/\/aps972.duckdns.org\/#organization\",\"name\":\"APS972\",\"url\":\"https:\/\/aps972.duckdns.org\/\",\"logo\":{\"@type\":\"ImageObject\",\"inLanguage\":\"en-GB\",\"@id\":\"https:\/\/aps972.duckdns.org\/#\/schema\/logo\/image\/\",\"url\":\"https:\/\/aps972.duckdns.org\/wp-content\/uploads\/2025\/10\/imageAPS9720-1.png\",\"contentUrl\":\"https:\/\/aps972.duckdns.org\/wp-content\/uploads\/2025\/10\/imageAPS9720-1.png\",\"width\":1536,\"height\":1024,\"caption\":\"APS972\"},\"image\":{\"@id\":\"https:\/\/aps972.duckdns.org\/#\/schema\/logo\/image\/\"}}]}<\/script>\n<!-- \/ Yoast SEO plugin. -->","yoast_head_json":{"title":"Formulaire de contact - APS972","robots":{"index":"index","follow":"follow","max-snippet":"max-snippet:-1","max-image-preview":"max-image-preview:large","max-video-preview":"max-video-preview:-1"},"canonical":"https:\/\/aps972.duckdns.org\/en\/formulaire-de-contact\/","og_locale":"en_GB","og_type":"article","og_title":"Formulaire de contact - APS972","og_url":"https:\/\/aps972.duckdns.org\/en\/formulaire-de-contact\/","og_site_name":"APS972","article_modified_time":"2025-10-26T22:11:00+00:00","og_image":[{"width":1024,"height":1024,"url":"https:\/\/aps972.duckdns.org\/wp-content\/uploads\/2025\/10\/gestes.png","type":"image\/png"}],"twitter_card":"summary_large_image","schema":{"@context":"https:\/\/schema.org","@graph":[{"@type":"WebPage","@id":"https:\/\/aps972.duckdns.org\/formulaire-de-contact\/","url":"https:\/\/aps972.duckdns.org\/formulaire-de-contact\/","name":"Formulaire de contact - APS972","isPartOf":{"@id":"https:\/\/aps972.duckdns.org\/#website"},"primaryImageOfPage":{"@id":"https:\/\/aps972.duckdns.org\/formulaire-de-contact\/#primaryimage"},"image":{"@id":"https:\/\/aps972.duckdns.org\/formulaire-de-contact\/#primaryimage"},"thumbnailUrl":"https:\/\/aps972.duckdns.org\/wp-content\/uploads\/2025\/10\/gestes.png","datePublished":"2025-10-26T12:35:11+00:00","dateModified":"2025-10-26T22:11:00+00:00","breadcrumb":{"@id":"https:\/\/aps972.duckdns.org\/formulaire-de-contact\/#breadcrumb"},"inLanguage":"en-GB","potentialAction":[{"@type":"ReadAction","target":["https:\/\/aps972.duckdns.org\/formulaire-de-contact\/"]}]},{"@type":"ImageObject","inLanguage":"en-GB","@id":"https:\/\/aps972.duckdns.org\/formulaire-de-contact\/#primaryimage","url":"https:\/\/aps972.duckdns.org\/wp-content\/uploads\/2025\/10\/gestes.png","contentUrl":"https:\/\/aps972.duckdns.org\/wp-content\/uploads\/2025\/10\/gestes.png"},{"@type":"BreadcrumbList","@id":"https:\/\/aps972.duckdns.org\/formulaire-de-contact\/#breadcrumb","itemListElement":[{"@type":"ListItem","position":1,"name":"Accueil","item":"https:\/\/aps972.duckdns.org\/"},{"@type":"ListItem","position":2,"name":"Formulaire de contact"}]},{"@type":"WebSite","@id":"https:\/\/aps972.duckdns.org\/#website","url":"https:\/\/aps972.duckdns.org\/","name":"APS972","description":"","publisher":{"@id":"https:\/\/aps972.duckdns.org\/#organization"},"alternateName":"Apprendre \u00e0 porter secours Martinique","potentialAction":[{"@type":"SearchAction","target":{"@type":"EntryPoint","urlTemplate":"https:\/\/aps972.duckdns.org\/?s={search_term_string}"},"query-input":{"@type":"PropertyValueSpecification","valueRequired":true,"valueName":"search_term_string"}}],"inLanguage":"en-GB"},{"@type":"Organization","@id":"https:\/\/aps972.duckdns.org\/#organization","name":"APS972","url":"https:\/\/aps972.duckdns.org\/","logo":{"@type":"ImageObject","inLanguage":"en-GB","@id":"https:\/\/aps972.duckdns.org\/#\/schema\/logo\/image\/","url":"https:\/\/aps972.duckdns.org\/wp-content\/uploads\/2025\/10\/imageAPS9720-1.png","contentUrl":"https:\/\/aps972.duckdns.org\/wp-content\/uploads\/2025\/10\/imageAPS9720-1.png","width":1536,"height":1024,"caption":"APS972"},"image":{"@id":"https:\/\/aps972.duckdns.org\/#\/schema\/logo\/image\/"}}]}},"_links":{"self":[{"href":"https:\/\/aps972.duckdns.org\/en\/wp-json\/wp\/v2\/pages\/470","targetHints":{"allow":["GET"]}}],"collection":[{"href":"https:\/\/aps972.duckdns.org\/en\/wp-json\/wp\/v2\/pages"}],"about":[{"href":"https:\/\/aps972.duckdns.org\/en\/wp-json\/wp\/v2\/types\/page"}],"author":[{"embeddable":true,"href":"https:\/\/aps972.duckdns.org\/en\/wp-json\/wp\/v2\/users\/1"}],"replies":[{"embeddable":true,"href":"https:\/\/aps972.duckdns.org\/en\/wp-json\/wp\/v2\/comments?post=470"}],"version-history":[{"count":4,"href":"https:\/\/aps972.duckdns.org\/en\/wp-json\/wp\/v2\/pages\/470\/revisions"}],"predecessor-version":[{"id":524,"href":"https:\/\/aps972.duckdns.org\/en\/wp-json\/wp\/v2\/pages\/470\/revisions\/524"}],"wp:attachment":[{"href":"https:\/\/aps972.duckdns.org\/en\/wp-json\/wp\/v2\/media?parent=470"}],"curies":[{"name":"wp","href":"https:\/\/api.w.org\/{rel}","templated":true}]}}