{"id":480,"date":"2025-10-26T11:03:56","date_gmt":"2025-10-26T15:03:56","guid":{"rendered":"https:\/\/aps972.duckdns.org\/?page_id=480"},"modified":"2025-10-26T11:03:56","modified_gmt":"2025-10-26T15:03:56","slug":"%f0%9f%94%a5-est-ce-obligatoire-de-participer-aux-exercices-incendie-ppms","status":"publish","type":"page","link":"https:\/\/aps972.duckdns.org\/en\/%f0%9f%94%a5-est-ce-obligatoire-de-participer-aux-exercices-incendie-ppms\/","title":{"rendered":"\ud83d\udd25 Est-ce obligatoire de participer aux exercices (incendie, PPMS\u2026) ?"},"content":{"rendered":"<h3 class=\"wp-block-heading\">\u2705 Oui, c\u2019est une obligation r\u00e9glementaire<\/h3>\n\n\n\n<h4 class=\"wp-block-heading\">\ud83d\udd39 Exercices incendie<\/h4>\n\n\n\n<ul class=\"wp-block-list\">\n<li><strong>Au moins deux exercices d\u2019\u00e9vacuation<\/strong> doivent \u00eatre r\u00e9alis\u00e9s chaque ann\u00e9e scolaire.<\/li>\n\n\n\n<li>Le <strong>premier exercice<\/strong> doit avoir lieu <strong>dans le mois suivant la rentr\u00e9e<\/strong> <a href=\"https:\/\/www.education.gouv.fr\/sites\/default\/files\/2020-02\/ons---affiche-nombre-exercices-securite-31178.pdf\">1<\/a>.<\/li>\n\n\n\n<li>Si l\u2019\u00e9tablissement comporte un <strong>internat<\/strong>, des exercices de nuit sont \u00e9galement requis.<\/li>\n<\/ul>\n\n\n\n<h4 class=\"wp-block-heading\">\ud83d\udd39 Exercices PPMS (Plan Particulier de Mise en S\u00fbret\u00e9)<\/h4>\n\n\n\n<ul class=\"wp-block-list\">\n<li><strong>Deux exercices PPMS<\/strong> distincts des exercices incendie doivent \u00eatre organis\u00e9s chaque ann\u00e9e :\n<ul class=\"wp-block-list\">\n<li>Un entre <strong>septembre et octobre<\/strong><\/li>\n\n\n\n<li>Un avant les <strong>vacances d\u2019hiver<\/strong> <a href=\"https:\/\/mortain.circonscription.ac-normandie.fr\/IMG\/pdf\/guide_scenarios_exercices_ppms__academie_normandie_2024.pdf\">2<\/a><\/li>\n<\/ul>\n<\/li>\n\n\n\n<li>Ces exercices doivent \u00eatre <strong>pr\u00e9par\u00e9s<\/strong>, <strong>annonc\u00e9s<\/strong>, et <strong>adapt\u00e9s \u00e0 l\u2019\u00e2ge des \u00e9l\u00e8ves<\/strong>.<\/li>\n<\/ul>\n\n\n\n<hr class=\"wp-block-separator has-alpha-channel-opacity\"\/>\n\n\n\n<h3 class=\"wp-block-heading\">\ud83d\udc69\u200d\ud83c\udfeb Qui est concern\u00e9 ?<\/h3>\n\n\n\n<ul class=\"wp-block-list\">\n<li><strong>Tous les \u00e9l\u00e8ves<\/strong> pr\u00e9sents dans l\u2019\u00e9tablissement<\/li>\n\n\n\n<li><strong>Tous les personnels<\/strong> (enseignants, AESH, ATSEM, direction\u2026)<\/li>\n\n\n\n<li>Les <strong>intervenants ext\u00e9rieurs<\/strong> si pr\u00e9sents au moment de l\u2019exercice<\/li>\n<\/ul>\n\n\n\n<hr class=\"wp-block-separator has-alpha-channel-opacity\"\/>\n\n\n\n<h3 class=\"wp-block-heading\">\ud83e\udde9 Pourquoi c\u2019est important ?<\/h3>\n\n\n\n<ul class=\"wp-block-list\">\n<li>Pour <strong>pr\u00e9parer chacun \u00e0 r\u00e9agir efficacement<\/strong> en cas de danger r\u00e9el<\/li>\n\n\n\n<li>Pour <strong>tester les proc\u00e9dures PPMS<\/strong> et les plans d\u2019\u00e9vacuation<\/li>\n\n\n\n<li>Pour <strong>rassurer les \u00e9l\u00e8ves<\/strong> en leur donnant des rep\u00e8res clairs<\/li>\n<\/ul>\n\n\n\n<hr class=\"wp-block-separator has-alpha-channel-opacity\"\/>\n\n\n\n<h3 class=\"wp-block-heading\">\ud83e\udde0 Bonnes pratiques<\/h3>\n\n\n\n<ul class=\"wp-block-list\">\n<li>Int\u00e9grer les exercices dans une <strong>progression p\u00e9dagogique<\/strong><\/li>\n\n\n\n<li>Cr\u00e9er des <strong>fiches r\u00e9flexes illustr\u00e9es<\/strong> pour les \u00e9l\u00e8ves<\/li>\n\n\n\n<li>Sensibiliser les familles \u00e0 l\u2019importance de ces exercices<\/li>\n<\/ul>\n\n\n\n<p>Sources :<br><a href=\"https:\/\/www.education.gouv.fr\/sites\/default\/files\/2020-02\/ons---affiche-nombre-exercices-securite-31178.pdf\">1<\/a><a href=\"https:\/\/www.education.gouv.fr\/sites\/default\/files\/2020-02\/ons---affiche-nombre-exercices-securite-31178.pdf\">Affiche officielle \u2013 \u00c9ducation nationale<\/a><br><a href=\"https:\/\/mortain.circonscription.ac-normandie.fr\/IMG\/pdf\/guide_scenarios_exercices_ppms__academie_normandie_2024.pdf\">2<\/a><a href=\"https:\/\/mortain.circonscription.ac-normandie.fr\/IMG\/pdf\/guide_scenarios_exercices_ppms__academie_normandie_2024.pdf\">Guide PPMS \u2013 Acad\u00e9mie de Normandie 2024<\/a><\/p>","protected":false},"excerpt":{"rendered":"<p>\u2705 Oui, c\u2019est une obligation r\u00e9glementaire \ud83d\udd39 Exercices incendie \ud83d\udd39 Exercices PPMS (Plan Particulier de Mise en S\u00fbret\u00e9) \ud83d\udc69\u200d\ud83c\udfeb Qui [&hellip;]<\/p>","protected":false},"author":1,"featured_media":0,"parent":0,"menu_order":0,"comment_status":"closed","ping_status":"closed","template":"","meta":{"site-sidebar-layout":"default","site-content-layout":"","ast-site-content-layout":"default","site-content-style":"default","site-sidebar-style":"default","ast-global-header-display":"","ast-banner-title-visibility":"","ast-main-header-display":"","ast-hfb-above-header-display":"","ast-hfb-below-header-display":"","ast-hfb-mobile-header-display":"","site-post-title":"","ast-breadcrumbs-content":"","ast-featured-img":"","footer-sml-layout":"","theme-transparent-header-meta":"","adv-header-id-meta":"","stick-header-meta":"","header-above-stick-meta":"","header-main-stick-meta":"","header-below-stick-meta":"","astra-migrate-meta-layouts":"default","ast-page-background-enabled":"default","ast-page-background-meta":{"desktop":{"background-color":"var(--ast-global-color-5)","background-image":"","background-repeat":"repeat","background-position":"center center","background-size":"auto","background-attachment":"scroll","background-type":"","background-media":"","overlay-type":"","overlay-color":"","overlay-opacity":"","overlay-gradient":""},"tablet":{"background-color":"","background-image":"","background-repeat":"repeat","background-position":"center center","background-size":"auto","background-attachment":"scroll","background-type":"","background-media":"","overlay-type":"","overlay-color":"","overlay-opacity":"","overlay-gradient":""},"mobile":{"background-color":"","background-image":"","background-repeat":"repeat","background-position":"center center","background-size":"auto","background-attachment":"scroll","background-type":"","background-media":"","overlay-type":"","overlay-color":"","overlay-opacity":"","overlay-gradient":""}},"ast-content-background-meta":{"desktop":{"background-color":"var(--ast-global-color-4)","background-image":"","background-repeat":"repeat","background-position":"center center","background-size":"auto","background-attachment":"scroll","background-type":"","background-media":"","overlay-type":"","overlay-color":"","overlay-opacity":"","overlay-gradient":""},"tablet":{"background-color":"var(--ast-global-color-4)","background-image":"","background-repeat":"repeat","background-position":"center center","background-size":"auto","background-attachment":"scroll","background-type":"","background-media":"","overlay-type":"","overlay-color":"","overlay-opacity":"","overlay-gradient":""},"mobile":{"background-color":"var(--ast-global-color-4)","background-image":"","background-repeat":"repeat","background-position":"center center","background-size":"auto","background-attachment":"scroll","background-type":"","background-media":"","overlay-type":"","overlay-color":"","overlay-opacity":"","overlay-gradient":""}},"footnotes":""},"class_list":["post-480","page","type-page","status-publish","hentry"],"yoast_head":"<!-- This site is optimized with the Yoast SEO plugin v26.3 - https:\/\/yoast.com\/wordpress\/plugins\/seo\/ -->\n<title>\ud83d\udd25 Est-ce obligatoire de participer aux exercices (incendie, PPMS\u2026) ? - APS972<\/title>\n<meta name=\"robots\" content=\"index, follow, max-snippet:-1, max-image-preview:large, max-video-preview:-1\" \/>\n<link rel=\"canonical\" href=\"https:\/\/aps972.duckdns.org\/en\/\ud83d\udd25-est-ce-obligatoire-de-participer-aux-exercices-incendie-ppms\/\" \/>\n<meta property=\"og:locale\" content=\"en_GB\" \/>\n<meta property=\"og:type\" content=\"article\" \/>\n<meta property=\"og:title\" content=\"\ud83d\udd25 Est-ce obligatoire de participer aux exercices (incendie, PPMS\u2026) ? - APS972\" \/>\n<meta property=\"og:description\" content=\"\u2705 Oui, c\u2019est une obligation r\u00e9glementaire \ud83d\udd39 Exercices incendie \ud83d\udd39 Exercices PPMS (Plan Particulier de Mise en S\u00fbret\u00e9) \ud83d\udc69\u200d\ud83c\udfeb Qui [&hellip;]\" \/>\n<meta property=\"og:url\" content=\"https:\/\/aps972.duckdns.org\/en\/\ud83d\udd25-est-ce-obligatoire-de-participer-aux-exercices-incendie-ppms\/\" \/>\n<meta property=\"og:site_name\" content=\"APS972\" \/>\n<meta property=\"og:image\" content=\"https:\/\/aps972.duckdns.org\/wp-content\/uploads\/2025\/10\/imageaps972.jpg\" \/>\n\t<meta property=\"og:image:width\" content=\"1883\" \/>\n\t<meta property=\"og:image:height\" content=\"839\" \/>\n\t<meta property=\"og:image:type\" content=\"image\/jpeg\" \/>\n<meta name=\"twitter:card\" content=\"summary_large_image\" \/>\n<meta name=\"twitter:label1\" content=\"Estimated reading time\" \/>\n\t<meta name=\"twitter:data1\" content=\"1 minute\" \/>\n<script type=\"application\/ld+json\" class=\"yoast-schema-graph\">{\"@context\":\"https:\/\/schema.org\",\"@graph\":[{\"@type\":\"WebPage\",\"@id\":\"https:\/\/aps972.duckdns.org\/%f0%9f%94%a5-est-ce-obligatoire-de-participer-aux-exercices-incendie-ppms\/\",\"url\":\"https:\/\/aps972.duckdns.org\/%f0%9f%94%a5-est-ce-obligatoire-de-participer-aux-exercices-incendie-ppms\/\",\"name\":\"\ud83d\udd25 Est-ce obligatoire de participer aux exercices (incendie, PPMS\u2026) ? - APS972\",\"isPartOf\":{\"@id\":\"https:\/\/aps972.duckdns.org\/#website\"},\"datePublished\":\"2025-10-26T15:03:56+00:00\",\"breadcrumb\":{\"@id\":\"https:\/\/aps972.duckdns.org\/%f0%9f%94%a5-est-ce-obligatoire-de-participer-aux-exercices-incendie-ppms\/#breadcrumb\"},\"inLanguage\":\"en-GB\",\"potentialAction\":[{\"@type\":\"ReadAction\",\"target\":[\"https:\/\/aps972.duckdns.org\/%f0%9f%94%a5-est-ce-obligatoire-de-participer-aux-exercices-incendie-ppms\/\"]}]},{\"@type\":\"BreadcrumbList\",\"@id\":\"https:\/\/aps972.duckdns.org\/%f0%9f%94%a5-est-ce-obligatoire-de-participer-aux-exercices-incendie-ppms\/#breadcrumb\",\"itemListElement\":[{\"@type\":\"ListItem\",\"position\":1,\"name\":\"Accueil\",\"item\":\"https:\/\/aps972.duckdns.org\/\"},{\"@type\":\"ListItem\",\"position\":2,\"name\":\"\ud83d\udd25 Est-ce obligatoire de participer aux exercices (incendie, PPMS\u2026) ?\"}]},{\"@type\":\"WebSite\",\"@id\":\"https:\/\/aps972.duckdns.org\/#website\",\"url\":\"https:\/\/aps972.duckdns.org\/\",\"name\":\"APS972\",\"description\":\"\",\"publisher\":{\"@id\":\"https:\/\/aps972.duckdns.org\/#organization\"},\"alternateName\":\"Apprendre \u00e0 porter secours Martinique\",\"potentialAction\":[{\"@type\":\"SearchAction\",\"target\":{\"@type\":\"EntryPoint\",\"urlTemplate\":\"https:\/\/aps972.duckdns.org\/?s={search_term_string}\"},\"query-input\":{\"@type\":\"PropertyValueSpecification\",\"valueRequired\":true,\"valueName\":\"search_term_string\"}}],\"inLanguage\":\"en-GB\"},{\"@type\":\"Organization\",\"@id\":\"https:\/\/aps972.duckdns.org\/#organization\",\"name\":\"APS972\",\"url\":\"https:\/\/aps972.duckdns.org\/\",\"logo\":{\"@type\":\"ImageObject\",\"inLanguage\":\"en-GB\",\"@id\":\"https:\/\/aps972.duckdns.org\/#\/schema\/logo\/image\/\",\"url\":\"https:\/\/aps972.duckdns.org\/wp-content\/uploads\/2025\/10\/imageAPS9720-1.png\",\"contentUrl\":\"https:\/\/aps972.duckdns.org\/wp-content\/uploads\/2025\/10\/imageAPS9720-1.png\",\"width\":1536,\"height\":1024,\"caption\":\"APS972\"},\"image\":{\"@id\":\"https:\/\/aps972.duckdns.org\/#\/schema\/logo\/image\/\"}}]}<\/script>\n<!-- \/ Yoast SEO plugin. -->","yoast_head_json":{"title":"\ud83d\udd25 Est-ce obligatoire de participer aux exercices (incendie, PPMS\u2026) ? - APS972","robots":{"index":"index","follow":"follow","max-snippet":"max-snippet:-1","max-image-preview":"max-image-preview:large","max-video-preview":"max-video-preview:-1"},"canonical":"https:\/\/aps972.duckdns.org\/en\/\ud83d\udd25-est-ce-obligatoire-de-participer-aux-exercices-incendie-ppms\/","og_locale":"en_GB","og_type":"article","og_title":"\ud83d\udd25 Est-ce obligatoire de participer aux exercices (incendie, PPMS\u2026) ? - APS972","og_description":"\u2705 Oui, c\u2019est une obligation r\u00e9glementaire \ud83d\udd39 Exercices incendie \ud83d\udd39 Exercices PPMS (Plan Particulier de Mise en S\u00fbret\u00e9) \ud83d\udc69\u200d\ud83c\udfeb Qui [&hellip;]","og_url":"https:\/\/aps972.duckdns.org\/en\/\ud83d\udd25-est-ce-obligatoire-de-participer-aux-exercices-incendie-ppms\/","og_site_name":"APS972","og_image":[{"width":1883,"height":839,"url":"https:\/\/aps972.duckdns.org\/wp-content\/uploads\/2025\/10\/imageaps972.jpg","type":"image\/jpeg"}],"twitter_card":"summary_large_image","twitter_misc":{"Estimated reading time":"1 minute"},"schema":{"@context":"https:\/\/schema.org","@graph":[{"@type":"WebPage","@id":"https:\/\/aps972.duckdns.org\/%f0%9f%94%a5-est-ce-obligatoire-de-participer-aux-exercices-incendie-ppms\/","url":"https:\/\/aps972.duckdns.org\/%f0%9f%94%a5-est-ce-obligatoire-de-participer-aux-exercices-incendie-ppms\/","name":"\ud83d\udd25 Est-ce obligatoire de participer aux exercices (incendie, PPMS\u2026) ? - APS972","isPartOf":{"@id":"https:\/\/aps972.duckdns.org\/#website"},"datePublished":"2025-10-26T15:03:56+00:00","breadcrumb":{"@id":"https:\/\/aps972.duckdns.org\/%f0%9f%94%a5-est-ce-obligatoire-de-participer-aux-exercices-incendie-ppms\/#breadcrumb"},"inLanguage":"en-GB","potentialAction":[{"@type":"ReadAction","target":["https:\/\/aps972.duckdns.org\/%f0%9f%94%a5-est-ce-obligatoire-de-participer-aux-exercices-incendie-ppms\/"]}]},{"@type":"BreadcrumbList","@id":"https:\/\/aps972.duckdns.org\/%f0%9f%94%a5-est-ce-obligatoire-de-participer-aux-exercices-incendie-ppms\/#breadcrumb","itemListElement":[{"@type":"ListItem","position":1,"name":"Accueil","item":"https:\/\/aps972.duckdns.org\/"},{"@type":"ListItem","position":2,"name":"\ud83d\udd25 Est-ce obligatoire de participer aux exercices (incendie, PPMS\u2026) ?"}]},{"@type":"WebSite","@id":"https:\/\/aps972.duckdns.org\/#website","url":"https:\/\/aps972.duckdns.org\/","name":"APS972","description":"","publisher":{"@id":"https:\/\/aps972.duckdns.org\/#organization"},"alternateName":"Apprendre \u00e0 porter secours Martinique","potentialAction":[{"@type":"SearchAction","target":{"@type":"EntryPoint","urlTemplate":"https:\/\/aps972.duckdns.org\/?s={search_term_string}"},"query-input":{"@type":"PropertyValueSpecification","valueRequired":true,"valueName":"search_term_string"}}],"inLanguage":"en-GB"},{"@type":"Organization","@id":"https:\/\/aps972.duckdns.org\/#organization","name":"APS972","url":"https:\/\/aps972.duckdns.org\/","logo":{"@type":"ImageObject","inLanguage":"en-GB","@id":"https:\/\/aps972.duckdns.org\/#\/schema\/logo\/image\/","url":"https:\/\/aps972.duckdns.org\/wp-content\/uploads\/2025\/10\/imageAPS9720-1.png","contentUrl":"https:\/\/aps972.duckdns.org\/wp-content\/uploads\/2025\/10\/imageAPS9720-1.png","width":1536,"height":1024,"caption":"APS972"},"image":{"@id":"https:\/\/aps972.duckdns.org\/#\/schema\/logo\/image\/"}}]}},"_links":{"self":[{"href":"https:\/\/aps972.duckdns.org\/en\/wp-json\/wp\/v2\/pages\/480","targetHints":{"allow":["GET"]}}],"collection":[{"href":"https:\/\/aps972.duckdns.org\/en\/wp-json\/wp\/v2\/pages"}],"about":[{"href":"https:\/\/aps972.duckdns.org\/en\/wp-json\/wp\/v2\/types\/page"}],"author":[{"embeddable":true,"href":"https:\/\/aps972.duckdns.org\/en\/wp-json\/wp\/v2\/users\/1"}],"replies":[{"embeddable":true,"href":"https:\/\/aps972.duckdns.org\/en\/wp-json\/wp\/v2\/comments?post=480"}],"version-history":[{"count":1,"href":"https:\/\/aps972.duckdns.org\/en\/wp-json\/wp\/v2\/pages\/480\/revisions"}],"predecessor-version":[{"id":481,"href":"https:\/\/aps972.duckdns.org\/en\/wp-json\/wp\/v2\/pages\/480\/revisions\/481"}],"wp:attachment":[{"href":"https:\/\/aps972.duckdns.org\/en\/wp-json\/wp\/v2\/media?parent=480"}],"curies":[{"name":"wp","href":"https:\/\/api.w.org\/{rel}","templated":true}]}}