{"id":485,"date":"2025-10-26T11:24:17","date_gmt":"2025-10-26T15:24:17","guid":{"rendered":"https:\/\/aps972.duckdns.org\/?page_id=485"},"modified":"2025-10-26T13:36:18","modified_gmt":"2025-10-26T17:36:18","slug":"%f0%9f%97%ba%ef%b8%8f-quelles-sont-les-communes-de-repli-en-cas-dactivite-volcanique","status":"publish","type":"page","link":"https:\/\/aps972.duckdns.org\/en\/%f0%9f%97%ba%ef%b8%8f-quelles-sont-les-communes-de-repli-en-cas-dactivite-volcanique\/","title":{"rendered":"\ud83d\uddfa\ufe0f Quelles sont les communes de repli en cas d\u2019activit\u00e9 volcanique ?"},"content":{"rendered":"<h3 class=\"wp-block-heading\">\ud83c\udfaf Objectif<\/h3>\n\n\n\n<p>Mettre \u00e0 l\u2019abri les populations expos\u00e9es \u00e0 une \u00e9ruption de la Montagne Pel\u00e9e, en les dirigeant vers des <strong>zones moins expos\u00e9es<\/strong> et mieux \u00e9quip\u00e9es pour l\u2019accueil d\u2019urgence.<\/p>\n\n\n\n<hr class=\"wp-block-separator has-alpha-channel-opacity\"\/>\n\n\n\n<h3 class=\"wp-block-heading\">\ud83d\udd25 Communes expos\u00e9es<\/h3>\n\n\n\n<p>Les communes les plus concern\u00e9es par un risque direct (nu\u00e9es ardentes, coul\u00e9es, cendres) sont situ\u00e9es au <strong>nord de la Martinique<\/strong>, notamment :<\/p>\n\n\n\n<hr class=\"wp-block-separator has-alpha-channel-opacity\"\/>\n\n\n\n<h3 class=\"wp-block-heading\">\ud83d\udedf Communes de repli (zones d\u2019accueil)<\/h3>\n\n\n\n<p>En cas d\u2019\u00e9vacuation, les populations sont dirig\u00e9es vers des communes <strong>hors de la zone rouge<\/strong>, g\u00e9n\u00e9ralement situ\u00e9es <strong>au centre et au sud de l\u2019\u00eele<\/strong>, comme :<\/p>\n\n\n\n<p>Ces communes disposent de <strong>structures d\u2019accueil d\u2019urgence<\/strong> (gymnases, \u00e9coles, salles communales) identifi\u00e9es dans les <strong>plans ORSEC<\/strong> et les <strong>plans communaux de sauvegarde (PCS)<\/strong>.<\/p>\n\n\n\n<hr class=\"wp-block-separator has-alpha-channel-opacity\"\/>\n\n\n\n<figure class=\"wp-block-table\"><table><tbody><tr><td><\/td><td><\/td><td><\/td><td><\/td><td><\/td><td><\/td><td><\/td><td><\/td><\/tr><tr><td><\/td><td>Nord<\/td><td>vers<\/td><td>Sud<\/td><td><\/td><td>Nord<\/td><td>vers<\/td><td>Sud<\/td><\/tr><tr><td>1<\/td><td>Ajoupa-Bouillon<\/td><td><\/td><td>Le Marin<\/td><td>7<\/td><td>Marigot<\/td><td><\/td><td>St-Anne<\/td><\/tr><tr><td>2<\/td><td>Basse-Pointe<\/td><td><\/td><td>Le Vauclin<\/td><td>8<\/td><td>Macouba<\/td><td><\/td><td>Saint-Esprit<\/td><\/tr><tr><td>3<\/td><td>Fds St-Denis<\/td><td><\/td><td>Les Trois-Ilets<\/td><td>9<\/td><td>Morne-Rouge<\/td><td><\/td><td>Rivi\u00e8re-Sal\u00e9e<\/td><\/tr><tr><td>4<\/td><td>Le Carbet<\/td><td><\/td><td>Saint-Luce<\/td><td>10<\/td><td>Morne-Vert<\/td><td><\/td><td>Les Anses-d&rsquo;Arlet<\/td><\/tr><tr><td>5<\/td><td>Grand-Rivi\u00e8re<\/td><td><\/td><td>Rivi\u00e8re-Pilote<\/td><td>11<\/td><td>Pr\u00eacheur<\/td><td><\/td><td>Le Diamant<\/td><\/tr><tr><td>6<\/td><td>Le Lorrain<\/td><td><\/td><td>Le Fran\u00e7ois<\/td><td>12<\/td><td>St-Pierre<\/td><td><\/td><td>Ducos<\/td><\/tr><\/tbody><\/table><\/figure>\n\n\n\n<h3 class=\"wp-block-heading\">\ud83e\udde9 Pour les \u00e9coles<\/h3>\n\n\n\n<ul class=\"wp-block-list\">\n<li>Le PPMS doit indiquer :\n<ul class=\"wp-block-list\">\n<li>La <strong>commune de repli<\/strong> pr\u00e9vue pour l\u2019\u00e9tablissement<\/li>\n\n\n\n<li>Le <strong>mode de transport<\/strong> (bus, v\u00e9hicules municipaux\u2026)<\/li>\n\n\n\n<li>Le <strong>lieu de regroupement<\/strong> avant \u00e9vacuation<\/li>\n<\/ul>\n<\/li>\n\n\n\n<li>Pr\u00e9voir une <strong>fiche r\u00e9flexe \u201calerte volcanique\u201d<\/strong> avec les \u00e9tapes :\n<ul class=\"wp-block-list\">\n<li>Mise \u00e0 l\u2019abri imm\u00e9diate<\/li>\n\n\n\n<li>Pr\u00e9paration \u00e0 l\u2019\u00e9vacuation<\/li>\n\n\n\n<li>Communication avec les familles<\/li>\n<\/ul>\n<\/li>\n<\/ul>\n\n\n\n<hr class=\"wp-block-separator has-alpha-channel-opacity\"\/>\n\n\n\n<p><\/p>\n\n\n\n<p>Sources : <a href=\"https:\/\/www.martinique.gouv.fr\/Actions-de-l-Etat\/Securite\/Securite-civile-Risques-majeurs\/Risques-majeurs\/Les-risques-naturels\/Risque-volcanique\">Pr\u00e9fecture de Martinique \u2013 Risque volcanique<\/a> <a href=\"https:\/\/www.martinique.gouv.fr\/Actions-de-l-Etat\/Securite\/Securite-civile-Risques-majeurs\/Risques-majeurs\/Les-risques-naturels\/Risque-volcanique\">1<\/a>, <a href=\"https:\/\/rci.fm\/martinique\/infos\/Risques-naturels\/Que-disent-les-plans-de-prevention-en-cas-deruption-volcanique\">RCI \u2013 Plans de pr\u00e9vention \u00e9ruption volcanique<\/a> <a href=\"https:\/\/rci.fm\/martinique\/infos\/Risques-naturels\/Que-disent-les-plans-de-prevention-en-cas-deruption-volcanique\">2<\/a>.<\/p>","protected":false},"excerpt":{"rendered":"<p>\ud83c\udfaf Objectif Mettre \u00e0 l\u2019abri les populations expos\u00e9es \u00e0 une \u00e9ruption de la Montagne Pel\u00e9e, en les dirigeant vers des [&hellip;]<\/p>","protected":false},"author":1,"featured_media":0,"parent":0,"menu_order":0,"comment_status":"closed","ping_status":"closed","template":"","meta":{"site-sidebar-layout":"default","site-content-layout":"","ast-site-content-layout":"default","site-content-style":"default","site-sidebar-style":"default","ast-global-header-display":"","ast-banner-title-visibility":"","ast-main-header-display":"","ast-hfb-above-header-display":"","ast-hfb-below-header-display":"","ast-hfb-mobile-header-display":"","site-post-title":"","ast-breadcrumbs-content":"","ast-featured-img":"","footer-sml-layout":"","theme-transparent-header-meta":"","adv-header-id-meta":"","stick-header-meta":"","header-above-stick-meta":"","header-main-stick-meta":"","header-below-stick-meta":"","astra-migrate-meta-layouts":"default","ast-page-background-enabled":"default","ast-page-background-meta":{"desktop":{"background-color":"var(--ast-global-color-5)","background-image":"","background-repeat":"repeat","background-position":"center center","background-size":"auto","background-attachment":"scroll","background-type":"","background-media":"","overlay-type":"","overlay-color":"","overlay-opacity":"","overlay-gradient":""},"tablet":{"background-color":"","background-image":"","background-repeat":"repeat","background-position":"center center","background-size":"auto","background-attachment":"scroll","background-type":"","background-media":"","overlay-type":"","overlay-color":"","overlay-opacity":"","overlay-gradient":""},"mobile":{"background-color":"","background-image":"","background-repeat":"repeat","background-position":"center center","background-size":"auto","background-attachment":"scroll","background-type":"","background-media":"","overlay-type":"","overlay-color":"","overlay-opacity":"","overlay-gradient":""}},"ast-content-background-meta":{"desktop":{"background-color":"var(--ast-global-color-4)","background-image":"","background-repeat":"repeat","background-position":"center center","background-size":"auto","background-attachment":"scroll","background-type":"","background-media":"","overlay-type":"","overlay-color":"","overlay-opacity":"","overlay-gradient":""},"tablet":{"background-color":"var(--ast-global-color-4)","background-image":"","background-repeat":"repeat","background-position":"center center","background-size":"auto","background-attachment":"scroll","background-type":"","background-media":"","overlay-type":"","overlay-color":"","overlay-opacity":"","overlay-gradient":""},"mobile":{"background-color":"var(--ast-global-color-4)","background-image":"","background-repeat":"repeat","background-position":"center center","background-size":"auto","background-attachment":"scroll","background-type":"","background-media":"","overlay-type":"","overlay-color":"","overlay-opacity":"","overlay-gradient":""}},"footnotes":""},"class_list":["post-485","page","type-page","status-publish","hentry"],"yoast_head":"<!-- This site is optimized with the Yoast SEO plugin v26.3 - https:\/\/yoast.com\/wordpress\/plugins\/seo\/ -->\n<title>\ud83d\uddfa\ufe0f Quelles sont les communes de repli en cas d\u2019activit\u00e9 volcanique ? - APS972<\/title>\n<meta name=\"robots\" content=\"index, follow, max-snippet:-1, max-image-preview:large, max-video-preview:-1\" \/>\n<link rel=\"canonical\" href=\"https:\/\/aps972.duckdns.org\/en\/\ud83d\uddfa\ufe0f-quelles-sont-les-communes-de-repli-en-cas-dactivite-volcanique\/\" \/>\n<meta property=\"og:locale\" content=\"en_GB\" \/>\n<meta property=\"og:type\" content=\"article\" \/>\n<meta property=\"og:title\" content=\"\ud83d\uddfa\ufe0f Quelles sont les communes de repli en cas d\u2019activit\u00e9 volcanique ? - APS972\" \/>\n<meta property=\"og:description\" content=\"\ud83c\udfaf Objectif Mettre \u00e0 l\u2019abri les populations expos\u00e9es \u00e0 une \u00e9ruption de la Montagne Pel\u00e9e, en les dirigeant vers des [&hellip;]\" \/>\n<meta property=\"og:url\" content=\"https:\/\/aps972.duckdns.org\/en\/\ud83d\uddfa\ufe0f-quelles-sont-les-communes-de-repli-en-cas-dactivite-volcanique\/\" \/>\n<meta property=\"og:site_name\" content=\"APS972\" \/>\n<meta property=\"article:modified_time\" content=\"2025-10-26T17:36:18+00:00\" \/>\n<meta property=\"og:image\" content=\"https:\/\/aps972.duckdns.org\/wp-content\/uploads\/2025\/10\/imageaps972.jpg\" \/>\n\t<meta property=\"og:image:width\" content=\"1883\" \/>\n\t<meta property=\"og:image:height\" content=\"839\" \/>\n\t<meta property=\"og:image:type\" content=\"image\/jpeg\" \/>\n<meta name=\"twitter:card\" content=\"summary_large_image\" \/>\n<meta name=\"twitter:label1\" content=\"Estimated reading time\" \/>\n\t<meta name=\"twitter:data1\" content=\"1 minute\" \/>\n<script type=\"application\/ld+json\" class=\"yoast-schema-graph\">{\"@context\":\"https:\/\/schema.org\",\"@graph\":[{\"@type\":\"WebPage\",\"@id\":\"https:\/\/aps972.duckdns.org\/%f0%9f%97%ba%ef%b8%8f-quelles-sont-les-communes-de-repli-en-cas-dactivite-volcanique\/\",\"url\":\"https:\/\/aps972.duckdns.org\/%f0%9f%97%ba%ef%b8%8f-quelles-sont-les-communes-de-repli-en-cas-dactivite-volcanique\/\",\"name\":\"\ud83d\uddfa\ufe0f Quelles sont les communes de repli en cas d\u2019activit\u00e9 volcanique ? - APS972\",\"isPartOf\":{\"@id\":\"https:\/\/aps972.duckdns.org\/#website\"},\"datePublished\":\"2025-10-26T15:24:17+00:00\",\"dateModified\":\"2025-10-26T17:36:18+00:00\",\"breadcrumb\":{\"@id\":\"https:\/\/aps972.duckdns.org\/%f0%9f%97%ba%ef%b8%8f-quelles-sont-les-communes-de-repli-en-cas-dactivite-volcanique\/#breadcrumb\"},\"inLanguage\":\"en-GB\",\"potentialAction\":[{\"@type\":\"ReadAction\",\"target\":[\"https:\/\/aps972.duckdns.org\/%f0%9f%97%ba%ef%b8%8f-quelles-sont-les-communes-de-repli-en-cas-dactivite-volcanique\/\"]}]},{\"@type\":\"BreadcrumbList\",\"@id\":\"https:\/\/aps972.duckdns.org\/%f0%9f%97%ba%ef%b8%8f-quelles-sont-les-communes-de-repli-en-cas-dactivite-volcanique\/#breadcrumb\",\"itemListElement\":[{\"@type\":\"ListItem\",\"position\":1,\"name\":\"Accueil\",\"item\":\"https:\/\/aps972.duckdns.org\/\"},{\"@type\":\"ListItem\",\"position\":2,\"name\":\"\ud83d\uddfa\ufe0f Quelles sont les communes de repli en cas d\u2019activit\u00e9 volcanique ?\"}]},{\"@type\":\"WebSite\",\"@id\":\"https:\/\/aps972.duckdns.org\/#website\",\"url\":\"https:\/\/aps972.duckdns.org\/\",\"name\":\"APS972\",\"description\":\"\",\"publisher\":{\"@id\":\"https:\/\/aps972.duckdns.org\/#organization\"},\"alternateName\":\"Apprendre \u00e0 porter secours Martinique\",\"potentialAction\":[{\"@type\":\"SearchAction\",\"target\":{\"@type\":\"EntryPoint\",\"urlTemplate\":\"https:\/\/aps972.duckdns.org\/?s={search_term_string}\"},\"query-input\":{\"@type\":\"PropertyValueSpecification\",\"valueRequired\":true,\"valueName\":\"search_term_string\"}}],\"inLanguage\":\"en-GB\"},{\"@type\":\"Organization\",\"@id\":\"https:\/\/aps972.duckdns.org\/#organization\",\"name\":\"APS972\",\"url\":\"https:\/\/aps972.duckdns.org\/\",\"logo\":{\"@type\":\"ImageObject\",\"inLanguage\":\"en-GB\",\"@id\":\"https:\/\/aps972.duckdns.org\/#\/schema\/logo\/image\/\",\"url\":\"https:\/\/aps972.duckdns.org\/wp-content\/uploads\/2025\/10\/imageAPS9720-1.png\",\"contentUrl\":\"https:\/\/aps972.duckdns.org\/wp-content\/uploads\/2025\/10\/imageAPS9720-1.png\",\"width\":1536,\"height\":1024,\"caption\":\"APS972\"},\"image\":{\"@id\":\"https:\/\/aps972.duckdns.org\/#\/schema\/logo\/image\/\"}}]}<\/script>\n<!-- \/ Yoast SEO plugin. -->","yoast_head_json":{"title":"\ud83d\uddfa\ufe0f Quelles sont les communes de repli en cas d\u2019activit\u00e9 volcanique ? - APS972","robots":{"index":"index","follow":"follow","max-snippet":"max-snippet:-1","max-image-preview":"max-image-preview:large","max-video-preview":"max-video-preview:-1"},"canonical":"https:\/\/aps972.duckdns.org\/en\/\ud83d\uddfa\ufe0f-quelles-sont-les-communes-de-repli-en-cas-dactivite-volcanique\/","og_locale":"en_GB","og_type":"article","og_title":"\ud83d\uddfa\ufe0f Quelles sont les communes de repli en cas d\u2019activit\u00e9 volcanique ? - APS972","og_description":"\ud83c\udfaf Objectif Mettre \u00e0 l\u2019abri les populations expos\u00e9es \u00e0 une \u00e9ruption de la Montagne Pel\u00e9e, en les dirigeant vers des [&hellip;]","og_url":"https:\/\/aps972.duckdns.org\/en\/\ud83d\uddfa\ufe0f-quelles-sont-les-communes-de-repli-en-cas-dactivite-volcanique\/","og_site_name":"APS972","article_modified_time":"2025-10-26T17:36:18+00:00","og_image":[{"width":1883,"height":839,"url":"https:\/\/aps972.duckdns.org\/wp-content\/uploads\/2025\/10\/imageaps972.jpg","type":"image\/jpeg"}],"twitter_card":"summary_large_image","twitter_misc":{"Estimated reading time":"1 minute"},"schema":{"@context":"https:\/\/schema.org","@graph":[{"@type":"WebPage","@id":"https:\/\/aps972.duckdns.org\/%f0%9f%97%ba%ef%b8%8f-quelles-sont-les-communes-de-repli-en-cas-dactivite-volcanique\/","url":"https:\/\/aps972.duckdns.org\/%f0%9f%97%ba%ef%b8%8f-quelles-sont-les-communes-de-repli-en-cas-dactivite-volcanique\/","name":"\ud83d\uddfa\ufe0f Quelles sont les communes de repli en cas d\u2019activit\u00e9 volcanique ? - APS972","isPartOf":{"@id":"https:\/\/aps972.duckdns.org\/#website"},"datePublished":"2025-10-26T15:24:17+00:00","dateModified":"2025-10-26T17:36:18+00:00","breadcrumb":{"@id":"https:\/\/aps972.duckdns.org\/%f0%9f%97%ba%ef%b8%8f-quelles-sont-les-communes-de-repli-en-cas-dactivite-volcanique\/#breadcrumb"},"inLanguage":"en-GB","potentialAction":[{"@type":"ReadAction","target":["https:\/\/aps972.duckdns.org\/%f0%9f%97%ba%ef%b8%8f-quelles-sont-les-communes-de-repli-en-cas-dactivite-volcanique\/"]}]},{"@type":"BreadcrumbList","@id":"https:\/\/aps972.duckdns.org\/%f0%9f%97%ba%ef%b8%8f-quelles-sont-les-communes-de-repli-en-cas-dactivite-volcanique\/#breadcrumb","itemListElement":[{"@type":"ListItem","position":1,"name":"Accueil","item":"https:\/\/aps972.duckdns.org\/"},{"@type":"ListItem","position":2,"name":"\ud83d\uddfa\ufe0f Quelles sont les communes de repli en cas d\u2019activit\u00e9 volcanique ?"}]},{"@type":"WebSite","@id":"https:\/\/aps972.duckdns.org\/#website","url":"https:\/\/aps972.duckdns.org\/","name":"APS972","description":"","publisher":{"@id":"https:\/\/aps972.duckdns.org\/#organization"},"alternateName":"Apprendre \u00e0 porter secours Martinique","potentialAction":[{"@type":"SearchAction","target":{"@type":"EntryPoint","urlTemplate":"https:\/\/aps972.duckdns.org\/?s={search_term_string}"},"query-input":{"@type":"PropertyValueSpecification","valueRequired":true,"valueName":"search_term_string"}}],"inLanguage":"en-GB"},{"@type":"Organization","@id":"https:\/\/aps972.duckdns.org\/#organization","name":"APS972","url":"https:\/\/aps972.duckdns.org\/","logo":{"@type":"ImageObject","inLanguage":"en-GB","@id":"https:\/\/aps972.duckdns.org\/#\/schema\/logo\/image\/","url":"https:\/\/aps972.duckdns.org\/wp-content\/uploads\/2025\/10\/imageAPS9720-1.png","contentUrl":"https:\/\/aps972.duckdns.org\/wp-content\/uploads\/2025\/10\/imageAPS9720-1.png","width":1536,"height":1024,"caption":"APS972"},"image":{"@id":"https:\/\/aps972.duckdns.org\/#\/schema\/logo\/image\/"}}]}},"_links":{"self":[{"href":"https:\/\/aps972.duckdns.org\/en\/wp-json\/wp\/v2\/pages\/485","targetHints":{"allow":["GET"]}}],"collection":[{"href":"https:\/\/aps972.duckdns.org\/en\/wp-json\/wp\/v2\/pages"}],"about":[{"href":"https:\/\/aps972.duckdns.org\/en\/wp-json\/wp\/v2\/types\/page"}],"author":[{"embeddable":true,"href":"https:\/\/aps972.duckdns.org\/en\/wp-json\/wp\/v2\/users\/1"}],"replies":[{"embeddable":true,"href":"https:\/\/aps972.duckdns.org\/en\/wp-json\/wp\/v2\/comments?post=485"}],"version-history":[{"count":5,"href":"https:\/\/aps972.duckdns.org\/en\/wp-json\/wp\/v2\/pages\/485\/revisions"}],"predecessor-version":[{"id":494,"href":"https:\/\/aps972.duckdns.org\/en\/wp-json\/wp\/v2\/pages\/485\/revisions\/494"}],"wp:attachment":[{"href":"https:\/\/aps972.duckdns.org\/en\/wp-json\/wp\/v2\/media?parent=485"}],"curies":[{"name":"wp","href":"https:\/\/api.w.org\/{rel}","templated":true}]}}