{"id":510,"date":"2025-10-26T15:59:23","date_gmt":"2025-10-26T19:59:23","guid":{"rendered":"https:\/\/aps972.duckdns.org\/?page_id=510"},"modified":"2025-10-26T15:59:23","modified_gmt":"2025-10-26T19:59:23","slug":"%f0%9f%9a%a8-que-faire-en-cas-de-violence-enfant-ou-adulte-fiche-sst","status":"publish","type":"page","link":"https:\/\/aps972.duckdns.org\/en\/%f0%9f%9a%a8-que-faire-en-cas-de-violence-enfant-ou-adulte-fiche-sst\/","title":{"rendered":"\ud83d\udea8 Que faire en cas de violence (enfant ou adulte) \u2013 Fiche SST"},"content":{"rendered":"<h3 class=\"wp-block-heading\">\ud83c\udfaf Objectif<\/h3>\n\n\n\n<p>Signaler une situation mettant en danger la s\u00e9curit\u00e9 physique ou psychologique d\u2019un personnel ou d\u2019un \u00e9l\u00e8ve, afin de d\u00e9clencher une analyse et des mesures de pr\u00e9vention.<\/p>\n\n\n\n<hr class=\"wp-block-separator has-alpha-channel-opacity\"\/>\n\n\n\n<h3 class=\"wp-block-heading\">\ud83d\udd39 1. <strong>D\u00e9finir la situation<\/strong><\/h3>\n\n\n\n<p>La violence peut \u00eatre :<\/p>\n\n\n\n<ul class=\"wp-block-list\">\n<li><strong>Verbale<\/strong> : insultes, menaces, cris<\/li>\n\n\n\n<li><strong>Physique<\/strong> : coups, bousculades, morsures, jets d\u2019objets<\/li>\n\n\n\n<li><strong>Psychologique<\/strong> : harc\u00e8lement, intimidation, isolement<\/li>\n<\/ul>\n\n\n\n<p>Elle peut venir :<\/p>\n\n\n\n<ul class=\"wp-block-list\">\n<li>D\u2019un <strong>\u00e9l\u00e8ve<\/strong> (vers un autre \u00e9l\u00e8ve ou un adulte)<\/li>\n\n\n\n<li>D\u2019un <strong>adulte<\/strong> (parent, coll\u00e8gue, intervenant)<\/li>\n\n\n\n<li>\u00catre <strong>r\u00e9currente ou ponctuelle<\/strong><\/li>\n<\/ul>\n\n\n\n<hr class=\"wp-block-separator has-alpha-channel-opacity\"\/>\n\n\n\n<h3 class=\"wp-block-heading\">\ud83d\udd39 2. <strong>Remplir une fiche SST<\/strong><\/h3>\n\n\n\n<p>La fiche SST est un outil de <strong>signalement non disciplinaire<\/strong>, \u00e0 destination de l\u2019administration.<\/p>\n\n\n\n<h4 class=\"wp-block-heading\">Contenu \u00e0 renseigner :<\/h4>\n\n\n\n<ul class=\"wp-block-list\">\n<li><strong>Date, lieu, heure<\/strong> de l\u2019incident<\/li>\n\n\n\n<li><strong>Nature des faits<\/strong> (sans nommer les personnes)<\/li>\n\n\n\n<li><strong>Cons\u00e9quences<\/strong> : blessures, stress, interruption de travail<\/li>\n\n\n\n<li><strong>Mesures prises<\/strong> : isolement, appel aux secours, protection des \u00e9l\u00e8ves<\/li>\n\n\n\n<li><strong>Demande de suivi ou d\u2019accompagnement<\/strong><\/li>\n<\/ul>\n\n\n\n<p>\ud83e\udde0 Exemple :<\/p>\n\n\n\n<blockquote class=\"wp-block-quote is-layout-flow wp-block-quote-is-layout-flow\">\n<p>\u201cLe 25\/11, un \u00e9l\u00e8ve a jet\u00e9 une chaise et frapp\u00e9 un camarade. Il a tent\u00e9 de mordre un adulte. J\u2019ai isol\u00e9 l\u2019\u00e9l\u00e8ve et s\u00e9curis\u00e9 les autres. Je demande un accompagnement.\u201d<\/p>\n<\/blockquote>\n\n\n\n<p>\ud83d\udcce Tu peux consulter des <a href=\"https:\/\/03.snuipp.fr\/article\/exemples-de-fiches-sst\">exemples de fiches SST ici<\/a> <a href=\"https:\/\/03.snuipp.fr\/article\/exemples-de-fiches-sst\">1<\/a>.<\/p>\n\n\n\n<hr class=\"wp-block-separator has-alpha-channel-opacity\"\/>\n\n\n\n<h3 class=\"wp-block-heading\">\ud83d\udd39 3. <strong>Informer les bons interlocuteurs<\/strong><\/h3>\n\n\n\n<ul class=\"wp-block-list\">\n<li><strong>Direction d\u2019\u00e9cole<\/strong><\/li>\n\n\n\n<li>Transmettre la fiche SST \u00e0 l&rsquo;assistant de pr\u00e9vention <\/li>\n\n\n\n<li><strong>IEN ou chef d\u2019\u00e9tablissement<\/strong><\/li>\n\n\n\n<li><strong>CHSCT (Comit\u00e9 Hygi\u00e8ne S\u00e9curit\u00e9 et Conditions de Travail)<\/strong><\/li>\n\n\n\n<li><strong>M\u00e9decin ou psychologue scolaire<\/strong> si besoin<\/li>\n<\/ul>\n\n\n\n<hr class=\"wp-block-separator has-alpha-channel-opacity\"\/>\n\n\n\n<h3 class=\"wp-block-heading\">\ud83d\udd39 4. <strong>Mettre en place des mesures de pr\u00e9vention<\/strong><\/h3>\n\n\n\n<ul class=\"wp-block-list\">\n<li>Adaptation du <strong>PPMS<\/strong> si la violence est li\u00e9e \u00e0 une menace ext\u00e9rieure<\/li>\n\n\n\n<li>R\u00e9union d\u2019\u00e9quipe pour <strong>analyser les causes<\/strong><\/li>\n\n\n\n<li>Mise en place d\u2019un <strong>accompagnement \u00e9ducatif ou th\u00e9rapeutique<\/strong><\/li>\n\n\n\n<li><strong>Protection du personnel<\/strong> (aide juridique, soutien psychologique)<\/li>\n<\/ul>\n\n\n\n<hr class=\"wp-block-separator has-alpha-channel-opacity\"\/>\n\n\n\n<h3 class=\"wp-block-heading\">\ud83e\udde9 Astuce p\u00e9dagogique<\/h3>\n\n\n\n<p><\/p>","protected":false},"excerpt":{"rendered":"<p>\ud83c\udfaf Objectif Signaler une situation mettant en danger la s\u00e9curit\u00e9 physique ou psychologique d\u2019un personnel ou d\u2019un \u00e9l\u00e8ve, afin de [&hellip;]<\/p>","protected":false},"author":1,"featured_media":0,"parent":0,"menu_order":0,"comment_status":"closed","ping_status":"closed","template":"","meta":{"site-sidebar-layout":"default","site-content-layout":"","ast-site-content-layout":"default","site-content-style":"default","site-sidebar-style":"default","ast-global-header-display":"","ast-banner-title-visibility":"","ast-main-header-display":"","ast-hfb-above-header-display":"","ast-hfb-below-header-display":"","ast-hfb-mobile-header-display":"","site-post-title":"","ast-breadcrumbs-content":"","ast-featured-img":"","footer-sml-layout":"","theme-transparent-header-meta":"","adv-header-id-meta":"","stick-header-meta":"","header-above-stick-meta":"","header-main-stick-meta":"","header-below-stick-meta":"","astra-migrate-meta-layouts":"default","ast-page-background-enabled":"default","ast-page-background-meta":{"desktop":{"background-color":"var(--ast-global-color-5)","background-image":"","background-repeat":"repeat","background-position":"center center","background-size":"auto","background-attachment":"scroll","background-type":"","background-media":"","overlay-type":"","overlay-color":"","overlay-opacity":"","overlay-gradient":""},"tablet":{"background-color":"","background-image":"","background-repeat":"repeat","background-position":"center center","background-size":"auto","background-attachment":"scroll","background-type":"","background-media":"","overlay-type":"","overlay-color":"","overlay-opacity":"","overlay-gradient":""},"mobile":{"background-color":"","background-image":"","background-repeat":"repeat","background-position":"center center","background-size":"auto","background-attachment":"scroll","background-type":"","background-media":"","overlay-type":"","overlay-color":"","overlay-opacity":"","overlay-gradient":""}},"ast-content-background-meta":{"desktop":{"background-color":"var(--ast-global-color-4)","background-image":"","background-repeat":"repeat","background-position":"center center","background-size":"auto","background-attachment":"scroll","background-type":"","background-media":"","overlay-type":"","overlay-color":"","overlay-opacity":"","overlay-gradient":""},"tablet":{"background-color":"var(--ast-global-color-4)","background-image":"","background-repeat":"repeat","background-position":"center center","background-size":"auto","background-attachment":"scroll","background-type":"","background-media":"","overlay-type":"","overlay-color":"","overlay-opacity":"","overlay-gradient":""},"mobile":{"background-color":"var(--ast-global-color-4)","background-image":"","background-repeat":"repeat","background-position":"center center","background-size":"auto","background-attachment":"scroll","background-type":"","background-media":"","overlay-type":"","overlay-color":"","overlay-opacity":"","overlay-gradient":""}},"footnotes":""},"class_list":["post-510","page","type-page","status-publish","hentry"],"yoast_head":"<!-- This site is optimized with the Yoast SEO plugin v26.3 - https:\/\/yoast.com\/wordpress\/plugins\/seo\/ -->\n<title>\ud83d\udea8 Que faire en cas de violence (enfant ou adulte) \u2013 Fiche SST - APS972<\/title>\n<meta name=\"robots\" content=\"index, follow, max-snippet:-1, max-image-preview:large, max-video-preview:-1\" \/>\n<link rel=\"canonical\" href=\"https:\/\/aps972.duckdns.org\/en\/\ud83d\udea8-que-faire-en-cas-de-violence-enfant-ou-adulte-fiche-sst\/\" \/>\n<meta property=\"og:locale\" content=\"en_GB\" \/>\n<meta property=\"og:type\" content=\"article\" \/>\n<meta property=\"og:title\" content=\"\ud83d\udea8 Que faire en cas de violence (enfant ou adulte) \u2013 Fiche SST - APS972\" \/>\n<meta property=\"og:description\" content=\"\ud83c\udfaf Objectif Signaler une situation mettant en danger la s\u00e9curit\u00e9 physique ou psychologique d\u2019un personnel ou d\u2019un \u00e9l\u00e8ve, afin de [&hellip;]\" \/>\n<meta property=\"og:url\" content=\"https:\/\/aps972.duckdns.org\/en\/\ud83d\udea8-que-faire-en-cas-de-violence-enfant-ou-adulte-fiche-sst\/\" \/>\n<meta property=\"og:site_name\" content=\"APS972\" \/>\n<meta property=\"og:image\" content=\"https:\/\/aps972.duckdns.org\/wp-content\/uploads\/2025\/10\/imageaps972.jpg\" \/>\n\t<meta property=\"og:image:width\" content=\"1883\" \/>\n\t<meta property=\"og:image:height\" content=\"839\" \/>\n\t<meta property=\"og:image:type\" content=\"image\/jpeg\" \/>\n<meta name=\"twitter:card\" content=\"summary_large_image\" \/>\n<meta name=\"twitter:label1\" content=\"Estimated reading time\" \/>\n\t<meta name=\"twitter:data1\" content=\"1 minute\" \/>\n<script type=\"application\/ld+json\" class=\"yoast-schema-graph\">{\"@context\":\"https:\/\/schema.org\",\"@graph\":[{\"@type\":\"WebPage\",\"@id\":\"https:\/\/aps972.duckdns.org\/%f0%9f%9a%a8-que-faire-en-cas-de-violence-enfant-ou-adulte-fiche-sst\/\",\"url\":\"https:\/\/aps972.duckdns.org\/%f0%9f%9a%a8-que-faire-en-cas-de-violence-enfant-ou-adulte-fiche-sst\/\",\"name\":\"\ud83d\udea8 Que faire en cas de violence (enfant ou adulte) \u2013 Fiche SST - APS972\",\"isPartOf\":{\"@id\":\"https:\/\/aps972.duckdns.org\/#website\"},\"datePublished\":\"2025-10-26T19:59:23+00:00\",\"breadcrumb\":{\"@id\":\"https:\/\/aps972.duckdns.org\/%f0%9f%9a%a8-que-faire-en-cas-de-violence-enfant-ou-adulte-fiche-sst\/#breadcrumb\"},\"inLanguage\":\"en-GB\",\"potentialAction\":[{\"@type\":\"ReadAction\",\"target\":[\"https:\/\/aps972.duckdns.org\/%f0%9f%9a%a8-que-faire-en-cas-de-violence-enfant-ou-adulte-fiche-sst\/\"]}]},{\"@type\":\"BreadcrumbList\",\"@id\":\"https:\/\/aps972.duckdns.org\/%f0%9f%9a%a8-que-faire-en-cas-de-violence-enfant-ou-adulte-fiche-sst\/#breadcrumb\",\"itemListElement\":[{\"@type\":\"ListItem\",\"position\":1,\"name\":\"Accueil\",\"item\":\"https:\/\/aps972.duckdns.org\/\"},{\"@type\":\"ListItem\",\"position\":2,\"name\":\"\ud83d\udea8 Que faire en cas de violence (enfant ou adulte) \u2013 Fiche SST\"}]},{\"@type\":\"WebSite\",\"@id\":\"https:\/\/aps972.duckdns.org\/#website\",\"url\":\"https:\/\/aps972.duckdns.org\/\",\"name\":\"APS972\",\"description\":\"\",\"publisher\":{\"@id\":\"https:\/\/aps972.duckdns.org\/#organization\"},\"alternateName\":\"Apprendre \u00e0 porter secours Martinique\",\"potentialAction\":[{\"@type\":\"SearchAction\",\"target\":{\"@type\":\"EntryPoint\",\"urlTemplate\":\"https:\/\/aps972.duckdns.org\/?s={search_term_string}\"},\"query-input\":{\"@type\":\"PropertyValueSpecification\",\"valueRequired\":true,\"valueName\":\"search_term_string\"}}],\"inLanguage\":\"en-GB\"},{\"@type\":\"Organization\",\"@id\":\"https:\/\/aps972.duckdns.org\/#organization\",\"name\":\"APS972\",\"url\":\"https:\/\/aps972.duckdns.org\/\",\"logo\":{\"@type\":\"ImageObject\",\"inLanguage\":\"en-GB\",\"@id\":\"https:\/\/aps972.duckdns.org\/#\/schema\/logo\/image\/\",\"url\":\"https:\/\/aps972.duckdns.org\/wp-content\/uploads\/2025\/10\/imageAPS9720-1.png\",\"contentUrl\":\"https:\/\/aps972.duckdns.org\/wp-content\/uploads\/2025\/10\/imageAPS9720-1.png\",\"width\":1536,\"height\":1024,\"caption\":\"APS972\"},\"image\":{\"@id\":\"https:\/\/aps972.duckdns.org\/#\/schema\/logo\/image\/\"}}]}<\/script>\n<!-- \/ Yoast SEO plugin. -->","yoast_head_json":{"title":"\ud83d\udea8 Que faire en cas de violence (enfant ou adulte) \u2013 Fiche SST - APS972","robots":{"index":"index","follow":"follow","max-snippet":"max-snippet:-1","max-image-preview":"max-image-preview:large","max-video-preview":"max-video-preview:-1"},"canonical":"https:\/\/aps972.duckdns.org\/en\/\ud83d\udea8-que-faire-en-cas-de-violence-enfant-ou-adulte-fiche-sst\/","og_locale":"en_GB","og_type":"article","og_title":"\ud83d\udea8 Que faire en cas de violence (enfant ou adulte) \u2013 Fiche SST - APS972","og_description":"\ud83c\udfaf Objectif Signaler une situation mettant en danger la s\u00e9curit\u00e9 physique ou psychologique d\u2019un personnel ou d\u2019un \u00e9l\u00e8ve, afin de [&hellip;]","og_url":"https:\/\/aps972.duckdns.org\/en\/\ud83d\udea8-que-faire-en-cas-de-violence-enfant-ou-adulte-fiche-sst\/","og_site_name":"APS972","og_image":[{"width":1883,"height":839,"url":"https:\/\/aps972.duckdns.org\/wp-content\/uploads\/2025\/10\/imageaps972.jpg","type":"image\/jpeg"}],"twitter_card":"summary_large_image","twitter_misc":{"Estimated reading time":"1 minute"},"schema":{"@context":"https:\/\/schema.org","@graph":[{"@type":"WebPage","@id":"https:\/\/aps972.duckdns.org\/%f0%9f%9a%a8-que-faire-en-cas-de-violence-enfant-ou-adulte-fiche-sst\/","url":"https:\/\/aps972.duckdns.org\/%f0%9f%9a%a8-que-faire-en-cas-de-violence-enfant-ou-adulte-fiche-sst\/","name":"\ud83d\udea8 Que faire en cas de violence (enfant ou adulte) \u2013 Fiche SST - APS972","isPartOf":{"@id":"https:\/\/aps972.duckdns.org\/#website"},"datePublished":"2025-10-26T19:59:23+00:00","breadcrumb":{"@id":"https:\/\/aps972.duckdns.org\/%f0%9f%9a%a8-que-faire-en-cas-de-violence-enfant-ou-adulte-fiche-sst\/#breadcrumb"},"inLanguage":"en-GB","potentialAction":[{"@type":"ReadAction","target":["https:\/\/aps972.duckdns.org\/%f0%9f%9a%a8-que-faire-en-cas-de-violence-enfant-ou-adulte-fiche-sst\/"]}]},{"@type":"BreadcrumbList","@id":"https:\/\/aps972.duckdns.org\/%f0%9f%9a%a8-que-faire-en-cas-de-violence-enfant-ou-adulte-fiche-sst\/#breadcrumb","itemListElement":[{"@type":"ListItem","position":1,"name":"Accueil","item":"https:\/\/aps972.duckdns.org\/"},{"@type":"ListItem","position":2,"name":"\ud83d\udea8 Que faire en cas de violence (enfant ou adulte) \u2013 Fiche SST"}]},{"@type":"WebSite","@id":"https:\/\/aps972.duckdns.org\/#website","url":"https:\/\/aps972.duckdns.org\/","name":"APS972","description":"","publisher":{"@id":"https:\/\/aps972.duckdns.org\/#organization"},"alternateName":"Apprendre \u00e0 porter secours Martinique","potentialAction":[{"@type":"SearchAction","target":{"@type":"EntryPoint","urlTemplate":"https:\/\/aps972.duckdns.org\/?s={search_term_string}"},"query-input":{"@type":"PropertyValueSpecification","valueRequired":true,"valueName":"search_term_string"}}],"inLanguage":"en-GB"},{"@type":"Organization","@id":"https:\/\/aps972.duckdns.org\/#organization","name":"APS972","url":"https:\/\/aps972.duckdns.org\/","logo":{"@type":"ImageObject","inLanguage":"en-GB","@id":"https:\/\/aps972.duckdns.org\/#\/schema\/logo\/image\/","url":"https:\/\/aps972.duckdns.org\/wp-content\/uploads\/2025\/10\/imageAPS9720-1.png","contentUrl":"https:\/\/aps972.duckdns.org\/wp-content\/uploads\/2025\/10\/imageAPS9720-1.png","width":1536,"height":1024,"caption":"APS972"},"image":{"@id":"https:\/\/aps972.duckdns.org\/#\/schema\/logo\/image\/"}}]}},"_links":{"self":[{"href":"https:\/\/aps972.duckdns.org\/en\/wp-json\/wp\/v2\/pages\/510","targetHints":{"allow":["GET"]}}],"collection":[{"href":"https:\/\/aps972.duckdns.org\/en\/wp-json\/wp\/v2\/pages"}],"about":[{"href":"https:\/\/aps972.duckdns.org\/en\/wp-json\/wp\/v2\/types\/page"}],"author":[{"embeddable":true,"href":"https:\/\/aps972.duckdns.org\/en\/wp-json\/wp\/v2\/users\/1"}],"replies":[{"embeddable":true,"href":"https:\/\/aps972.duckdns.org\/en\/wp-json\/wp\/v2\/comments?post=510"}],"version-history":[{"count":1,"href":"https:\/\/aps972.duckdns.org\/en\/wp-json\/wp\/v2\/pages\/510\/revisions"}],"predecessor-version":[{"id":511,"href":"https:\/\/aps972.duckdns.org\/en\/wp-json\/wp\/v2\/pages\/510\/revisions\/511"}],"wp:attachment":[{"href":"https:\/\/aps972.duckdns.org\/en\/wp-json\/wp\/v2\/media?parent=510"}],"curies":[{"name":"wp","href":"https:\/\/api.w.org\/{rel}","templated":true}]}}