{"id":574,"date":"2025-11-08T06:12:51","date_gmt":"2025-11-08T10:12:51","guid":{"rendered":"https:\/\/aps972.duckdns.org\/?page_id=574"},"modified":"2025-11-08T06:26:21","modified_gmt":"2025-11-08T10:26:21","slug":"seisme-caraibe","status":"publish","type":"page","link":"https:\/\/aps972.duckdns.org\/en\/seisme-caraibe\/","title":{"rendered":"S\u00e9isme Cara\u00efbe"},"content":{"rendered":"<div class=\"seismes-caraibes-container\" id=\"seismes-caraibes-69d2735da1553\">\n    \n    <!-- En-t\u00eate -->\n    <div class=\"seismes-header\">\n        <h2>\ud83c\udf0b Surveillance Sismique des Cara\u00efbes<\/h2>\n        <p class=\"zone-description\">Zone: Saint-Martin \u2192 Saint-Vincent (Petites Antilles)<\/p>\n    <\/div>\n    \n    <!-- Contr\u00f4les -->\n    <div class=\"seismes-controls\">\n        <div class=\"control-group\">\n            <label>\ud83d\udcc5 P\u00e9riode:<\/label>\n            <select id=\"periode-select-seismes-caraibes-69d2735da1553\" class=\"periode-select\">\n                <option value=\"24h\" >Derni\u00e8res 24 heures<\/option>\n                <option value=\"7j\" >7 derniers jours<\/option>\n                <option value=\"30j\" >30 derniers jours<\/option>\n                <option value=\"mois\"  selected='selected'>Mois en cours<\/option>\n                <option value=\"annee\" >Ann\u00e9e en cours<\/option>\n            <\/select>\n        <\/div>\n        \n        <div class=\"control-group\">\n            <button id=\"refresh-btn-seismes-caraibes-69d2735da1553\" class=\"btn-refresh\">\n                \ud83d\udd04 Actualiser\n            <\/button>\n        <\/div>\n        \n        <div class=\"control-group\">\n            <label>\n                <input type=\"checkbox\" id=\"show-failles-seismes-caraibes-69d2735da1553\" checked>\n                Afficher les failles\n            <\/label>\n        <\/div>\n        \n        <div class=\"auto-refresh\">\n            <label>\n                <input type=\"checkbox\" id=\"auto-refresh-seismes-caraibes-69d2735da1553\" checked>\n                Actualisation automatique (5 min)\n            <\/label>\n        <\/div>\n    <\/div>\n    \n    <!-- Alerte tsunami -->\n    <div id=\"tsunami-alert-seismes-caraibes-69d2735da1553\" class=\"tsunami-alert\" style=\"display: none;\">\n        <strong>\u26a0\ufe0f ALERTE TSUNAMI<\/strong>\n        <p class=\"tsunami-message\"><\/p>\n    <\/div>\n    \n    <!-- Statistiques rapides -->\n    <div class=\"statistiques-rapides\">\n        <div class=\"stat-box\">\n            <div class=\"stat-label\">Total s\u00e9ismes<\/div>\n            <div class=\"stat-value\" id=\"stat-total-seismes-caraibes-69d2735da1553\">...<\/div>\n        <\/div>\n        <div class=\"stat-box\">\n            <div class=\"stat-label\">Magnitude max<\/div>\n            <div class=\"stat-value\" id=\"stat-mag-max-seismes-caraibes-69d2735da1553\">...<\/div>\n        <\/div>\n        <div class=\"stat-box\">\n            <div class=\"stat-label\">R\u00e9pliques<\/div>\n            <div class=\"stat-value\" id=\"stat-repliques-seismes-caraibes-69d2735da1553\">...<\/div>\n        <\/div>\n        <div class=\"stat-box\">\n            <div class=\"stat-label\">Moyenne\/jour<\/div>\n            <div class=\"stat-value\" id=\"stat-moyenne-seismes-caraibes-69d2735da1553\">...<\/div>\n        <\/div>\n    <\/div>\n    \n    <!-- Carte interactive -->\n    <div class=\"carte-container\">\n        <div id=\"carte-seismes-caraibes-69d2735da1553\" class=\"carte-seismes\" style=\"height: 800px\"><\/div>\n    <\/div>\n    \n    <!-- L\u00e9gende -->\n    <div class=\"legende-carte\">\n        <h3>\ud83d\udcca L\u00e9gende<\/h3>\n        <div class=\"legende-sections\">\n            <div class=\"legende-section\">\n                <h4>Magnitude<\/h4>\n                <div class=\"legende-items\">\n                    <div class=\"legende-item\">\n                        <span class=\"couleur-mag\" style=\"background: #E8F5E9;\"><\/span>\n                        <span>< 1.0 (Micro)<\/span>\n                    <\/div>\n                    <div class=\"legende-item\">\n                        <span class=\"couleur-mag\" style=\"background: #C8E6C9;\"><\/span>\n                        <span>1.0 - 2.0 (Tr\u00e8s faible)<\/span>\n                    <\/div>\n                    <div class=\"legende-item\">\n                        <span class=\"couleur-mag\" style=\"background: #90EE90;\"><\/span>\n                        <span>2.0 - 3.0 (Faible)<\/span>\n                    <\/div>\n                    <div class=\"legende-item\">\n                        <span class=\"couleur-mag\" style=\"background: #FFD700;\"><\/span>\n                        <span>3.0 - 4.0 (L\u00e9ger)<\/span>\n                    <\/div>\n                    <div class=\"legende-item\">\n                        <span class=\"couleur-mag\" style=\"background: #FFA500;\"><\/span>\n                        <span>4.0 - 5.0 (Mod\u00e9r\u00e9)<\/span>\n                    <\/div>\n                    <div class=\"legende-item\">\n                        <span class=\"couleur-mag\" style=\"background: #FF4500;\"><\/span>\n                        <span>5.0 - 6.0 (Fort)<\/span>\n                    <\/div>\n                    <div class=\"legende-item\">\n                        <span class=\"couleur-mag\" style=\"background: #DC143C;\"><\/span>\n                        <span>> 6.0 (Majeur)<\/span>\n                    <\/div>\n                <\/div>\n            <\/div>\n            \n            <div class=\"legende-section\">\n                <h4>Type d'\u00e9picentre<\/h4>\n                <div class=\"legende-items\">\n                    <div class=\"legende-item\">\n                        <span class=\"icone-epicentre\">\ud83c\udfdd\ufe0f<\/span>\n                        <span>\u00c9picentre terrestre<\/span>\n                    <\/div>\n                    <div class=\"legende-item\">\n                        <span class=\"icone-epicentre\">\ud83c\udf0a<\/span>\n                        <span>\u00c9picentre marin<\/span>\n                    <\/div>\n                    <div class=\"legende-item\">\n                        <span class=\"icone-volcan\">\ud83c\udf0b<\/span>\n                        <span>Volcan actif<\/span>\n                    <\/div>\n                    <div class=\"legende-item\">\n                        <span class=\"ligne-faille\" style=\"background: #FF0000;\"><\/span>\n                        <span>Faille tectonique<\/span>\n                    <\/div>\n                <\/div>\n            <\/div>\n            \n            <div class=\"legende-section\">\n                <h4>Source des donn\u00e9es<\/h4>\n                <div class=\"legende-items\">\n                    <div class=\"legende-item\">\n                        <span class=\"badge-source usgs\">USGS<\/span>\n                        <span>Magnitude \u2265 2.5<\/span>\n                    <\/div>\n                    <div class=\"legende-item\">\n                        <span class=\"badge-source ovsm\">OVSM<\/span>\n                        <span>Micro-sismicit\u00e9 locale<\/span>\n                    <\/div>\n                <\/div>\n            <\/div>\n        <\/div>\n    <\/div>\n    \n    <!-- Volcans actifs -->\n    <div class=\"volcans-section\">\n        <h3>\ud83c\udf0b Volcans Actifs des Petites Antilles<\/h3>\n        <div id=\"volcans-liste-seismes-caraibes-69d2735da1553\" class=\"volcans-liste\">\n            <!-- Rempli par JavaScript -->\n        <\/div>\n    <\/div>\n    \n    <!-- Failles tectoniques -->\n    <div class=\"failles-section\">\n        <h3>\ud83c\udf0d Failles Tectoniques Principales<\/h3>\n        <div id=\"failles-liste-seismes-caraibes-69d2735da1553\" class=\"failles-liste\">\n            <!-- Rempli par JavaScript -->\n        <\/div>\n    <\/div>\n    \n    <!-- Tableau des s\u00e9ismes -->\n    <div class=\"tableau-section\">\n        <h3>\ud83d\udccb Tableau des S\u00e9ismes<\/h3>\n        \n        <!-- Filtres du tableau -->\n        <div class=\"tableau-filtres\">\n            <input type=\"text\" id=\"search-seismes-caraibes-69d2735da1553\" placeholder=\"\ud83d\udd0d Rechercher un lieu...\" class=\"search-input\">\n            \n            <select id=\"filter-magnitude-seismes-caraibes-69d2735da1553\" class=\"filter-select\">\n                <option value=\"\">Toutes magnitudes<\/option>\n                <option value=\"2.5-3\">2.5 - 3.0<\/option>\n                <option value=\"3-4\">3.0 - 4.0<\/option>\n                <option value=\"4-5\">4.0 - 5.0<\/option>\n                <option value=\"5-6\">5.0 - 6.0<\/option>\n                <option value=\"6+\">6.0+<\/option>\n            <\/select>\n            \n            <button id=\"export-csv-seismes-caraibes-69d2735da1553\" class=\"btn-export\">\n                \ud83d\udce5 Exporter CSV\n            <\/button>\n        <\/div>\n        \n        <!-- Tableau -->\n        <div class=\"tableau-wrapper\">\n            <table id=\"tableau-seismes-seismes-caraibes-69d2735da1553\" class=\"tableau-seismes\">\n                <thead>\n                    <tr>\n                        <th>Date et Heure<\/th>\n                        <th>Lieu<\/th>\n                        <th>Magnitude<\/th>\n                        <th>Profondeur (km)<\/th>\n                        <th>Type<\/th>\n                        <th>Source<\/th>\n                        <th>Tsunami<\/th>\n                    <\/tr>\n                <\/thead>\n                <tbody>\n                    <!-- Rempli par JavaScript -->\n                <\/tbody>\n            <\/table>\n        <\/div>\n        \n        <div id=\"loading-seismes-caraibes-69d2735da1553\" class=\"loading\">\n            <div class=\"spinner\"><\/div>\n            <p>Chargement des donn\u00e9es sismiques...<\/p>\n        <\/div>\n        \n        <div id=\"error-seismes-caraibes-69d2735da1553\" class=\"error-message\" style=\"display: none;\">\n            <p>Erreur lors du chargement des donn\u00e9es. Veuillez r\u00e9essayer.<\/p>\n        <\/div>\n    <\/div>\n    \n    <!-- Informations p\u00e9dagogiques -->\n    <div class=\"info-pedagogique\">\n        <h3>\u2139\ufe0f Comprendre les S\u00e9ismes dans les Cara\u00efbes<\/h3>\n        <div class=\"info-content\">\n            <p><strong>Pourquoi tant de s\u00e9ismes ?<\/strong><\/p>\n            <p>Les Petites Antilles se trouvent sur une zone de subduction o\u00f9 la plaque atlantique \n            plonge sous la plaque cara\u00efbe. Cette collision g\u00e9n\u00e8re des s\u00e9ismes et alimente les volcans.<\/p>\n            \n            <p><strong>\u00c9chelle de magnitude :<\/strong><\/p>\n            <ul>\n                <li>< 3.0 : Tr\u00e8s faible (rarement ressenti)<\/li>\n                <li>3.0-4.0 : Faible (souvent ressenti)<\/li>\n                <li>4.0-5.0 : Mod\u00e9r\u00e9 (secousses notables)<\/li>\n                <li>5.0-6.0 : Fort (d\u00e9g\u00e2ts possibles)<\/li>\n                <li>> 6.0 : Majeur (d\u00e9g\u00e2ts importants)<\/li>\n            <\/ul>\n            \n            <p><strong>Source des donn\u00e9es :<\/strong> USGS (United States Geological Survey) - Mise \u00e0 jour toutes les 5 minutes<\/p>\n        <\/div>\n    <\/div>\n    \n<\/div>\n\n<script>\njQuery(document).ready(function($) {\n    var uniqueId = 'seismes-caraibes-69d2735da1553';\n    \n    \/\/ Initialiser la carte et charger les donn\u00e9es\n    window.initSeismesCaraibes(uniqueId);\n});\n<\/script>","protected":false},"excerpt":{"rendered":"","protected":false},"author":1,"featured_media":0,"parent":0,"menu_order":0,"comment_status":"closed","ping_status":"closed","template":"","meta":{"site-sidebar-layout":"default","site-content-layout":"","ast-site-content-layout":"default","site-content-style":"default","site-sidebar-style":"default","ast-global-header-display":"","ast-banner-title-visibility":"","ast-main-header-display":"","ast-hfb-above-header-display":"","ast-hfb-below-header-display":"","ast-hfb-mobile-header-display":"","site-post-title":"disabled","ast-breadcrumbs-content":"","ast-featured-img":"","footer-sml-layout":"","theme-transparent-header-meta":"","adv-header-id-meta":"","stick-header-meta":"","header-above-stick-meta":"","header-main-stick-meta":"","header-below-stick-meta":"","astra-migrate-meta-layouts":"default","ast-page-background-enabled":"default","ast-page-background-meta":{"desktop":{"background-color":"var(--ast-global-color-5)","background-image":"","background-repeat":"repeat","background-position":"center center","background-size":"auto","background-attachment":"scroll","background-type":"","background-media":"","overlay-type":"","overlay-color":"","overlay-opacity":"","overlay-gradient":""},"tablet":{"background-color":"","background-image":"","background-repeat":"repeat","background-position":"center center","background-size":"auto","background-attachment":"scroll","background-type":"","background-media":"","overlay-type":"","overlay-color":"","overlay-opacity":"","overlay-gradient":""},"mobile":{"background-color":"","background-image":"","background-repeat":"repeat","background-position":"center center","background-size":"auto","background-attachment":"scroll","background-type":"","background-media":"","overlay-type":"","overlay-color":"","overlay-opacity":"","overlay-gradient":""}},"ast-content-background-meta":{"desktop":{"background-color":"var(--ast-global-color-4)","background-image":"","background-repeat":"repeat","background-position":"center center","background-size":"auto","background-attachment":"scroll","background-type":"","background-media":"","overlay-type":"","overlay-color":"","overlay-opacity":"","overlay-gradient":""},"tablet":{"background-color":"var(--ast-global-color-4)","background-image":"","background-repeat":"repeat","background-position":"center center","background-size":"auto","background-attachment":"scroll","background-type":"","background-media":"","overlay-type":"","overlay-color":"","overlay-opacity":"","overlay-gradient":""},"mobile":{"background-color":"var(--ast-global-color-4)","background-image":"","background-repeat":"repeat","background-position":"center center","background-size":"auto","background-attachment":"scroll","background-type":"","background-media":"","overlay-type":"","overlay-color":"","overlay-opacity":"","overlay-gradient":""}},"footnotes":""},"class_list":["post-574","page","type-page","status-publish","hentry"],"yoast_head":"<!-- This site is optimized with the Yoast SEO plugin v26.3 - https:\/\/yoast.com\/wordpress\/plugins\/seo\/ -->\n<title>S\u00e9isme Cara\u00efbe - APS972<\/title>\n<meta name=\"robots\" content=\"index, follow, max-snippet:-1, max-image-preview:large, max-video-preview:-1\" \/>\n<link rel=\"canonical\" href=\"https:\/\/aps972.duckdns.org\/en\/seisme-caraibe\/\" \/>\n<meta property=\"og:locale\" content=\"en_GB\" \/>\n<meta property=\"og:type\" content=\"article\" \/>\n<meta property=\"og:title\" content=\"S\u00e9isme Cara\u00efbe - APS972\" \/>\n<meta property=\"og:url\" content=\"https:\/\/aps972.duckdns.org\/en\/seisme-caraibe\/\" \/>\n<meta property=\"og:site_name\" content=\"APS972\" \/>\n<meta property=\"article:modified_time\" content=\"2025-11-08T10:26:21+00:00\" \/>\n<meta property=\"og:image\" content=\"https:\/\/aps972.duckdns.org\/wp-content\/uploads\/2025\/10\/imageaps972.jpg\" \/>\n\t<meta property=\"og:image:width\" content=\"1883\" \/>\n\t<meta property=\"og:image:height\" content=\"839\" \/>\n\t<meta property=\"og:image:type\" content=\"image\/jpeg\" \/>\n<meta name=\"twitter:card\" content=\"summary_large_image\" \/>\n<meta name=\"twitter:label1\" content=\"Estimated reading time\" \/>\n\t<meta name=\"twitter:data1\" content=\"1 minute\" \/>\n<script type=\"application\/ld+json\" class=\"yoast-schema-graph\">{\"@context\":\"https:\/\/schema.org\",\"@graph\":[{\"@type\":\"WebPage\",\"@id\":\"https:\/\/aps972.duckdns.org\/seisme-caraibe\/\",\"url\":\"https:\/\/aps972.duckdns.org\/seisme-caraibe\/\",\"name\":\"S\u00e9isme Cara\u00efbe - APS972\",\"isPartOf\":{\"@id\":\"https:\/\/aps972.duckdns.org\/#website\"},\"datePublished\":\"2025-11-08T10:12:51+00:00\",\"dateModified\":\"2025-11-08T10:26:21+00:00\",\"breadcrumb\":{\"@id\":\"https:\/\/aps972.duckdns.org\/seisme-caraibe\/#breadcrumb\"},\"inLanguage\":\"en-GB\",\"potentialAction\":[{\"@type\":\"ReadAction\",\"target\":[\"https:\/\/aps972.duckdns.org\/seisme-caraibe\/\"]}]},{\"@type\":\"BreadcrumbList\",\"@id\":\"https:\/\/aps972.duckdns.org\/seisme-caraibe\/#breadcrumb\",\"itemListElement\":[{\"@type\":\"ListItem\",\"position\":1,\"name\":\"Accueil\",\"item\":\"https:\/\/aps972.duckdns.org\/\"},{\"@type\":\"ListItem\",\"position\":2,\"name\":\"S\u00e9isme Cara\u00efbe\"}]},{\"@type\":\"WebSite\",\"@id\":\"https:\/\/aps972.duckdns.org\/#website\",\"url\":\"https:\/\/aps972.duckdns.org\/\",\"name\":\"APS972\",\"description\":\"\",\"publisher\":{\"@id\":\"https:\/\/aps972.duckdns.org\/#organization\"},\"alternateName\":\"Apprendre \u00e0 porter secours Martinique\",\"potentialAction\":[{\"@type\":\"SearchAction\",\"target\":{\"@type\":\"EntryPoint\",\"urlTemplate\":\"https:\/\/aps972.duckdns.org\/?s={search_term_string}\"},\"query-input\":{\"@type\":\"PropertyValueSpecification\",\"valueRequired\":true,\"valueName\":\"search_term_string\"}}],\"inLanguage\":\"en-GB\"},{\"@type\":\"Organization\",\"@id\":\"https:\/\/aps972.duckdns.org\/#organization\",\"name\":\"APS972\",\"url\":\"https:\/\/aps972.duckdns.org\/\",\"logo\":{\"@type\":\"ImageObject\",\"inLanguage\":\"en-GB\",\"@id\":\"https:\/\/aps972.duckdns.org\/#\/schema\/logo\/image\/\",\"url\":\"https:\/\/aps972.duckdns.org\/wp-content\/uploads\/2025\/10\/imageAPS9720-1.png\",\"contentUrl\":\"https:\/\/aps972.duckdns.org\/wp-content\/uploads\/2025\/10\/imageAPS9720-1.png\",\"width\":1536,\"height\":1024,\"caption\":\"APS972\"},\"image\":{\"@id\":\"https:\/\/aps972.duckdns.org\/#\/schema\/logo\/image\/\"}}]}<\/script>\n<!-- \/ Yoast SEO plugin. -->","yoast_head_json":{"title":"S\u00e9isme Cara\u00efbe - APS972","robots":{"index":"index","follow":"follow","max-snippet":"max-snippet:-1","max-image-preview":"max-image-preview:large","max-video-preview":"max-video-preview:-1"},"canonical":"https:\/\/aps972.duckdns.org\/en\/seisme-caraibe\/","og_locale":"en_GB","og_type":"article","og_title":"S\u00e9isme Cara\u00efbe - APS972","og_url":"https:\/\/aps972.duckdns.org\/en\/seisme-caraibe\/","og_site_name":"APS972","article_modified_time":"2025-11-08T10:26:21+00:00","og_image":[{"width":1883,"height":839,"url":"https:\/\/aps972.duckdns.org\/wp-content\/uploads\/2025\/10\/imageaps972.jpg","type":"image\/jpeg"}],"twitter_card":"summary_large_image","twitter_misc":{"Estimated reading time":"1 minute"},"schema":{"@context":"https:\/\/schema.org","@graph":[{"@type":"WebPage","@id":"https:\/\/aps972.duckdns.org\/seisme-caraibe\/","url":"https:\/\/aps972.duckdns.org\/seisme-caraibe\/","name":"S\u00e9isme Cara\u00efbe - APS972","isPartOf":{"@id":"https:\/\/aps972.duckdns.org\/#website"},"datePublished":"2025-11-08T10:12:51+00:00","dateModified":"2025-11-08T10:26:21+00:00","breadcrumb":{"@id":"https:\/\/aps972.duckdns.org\/seisme-caraibe\/#breadcrumb"},"inLanguage":"en-GB","potentialAction":[{"@type":"ReadAction","target":["https:\/\/aps972.duckdns.org\/seisme-caraibe\/"]}]},{"@type":"BreadcrumbList","@id":"https:\/\/aps972.duckdns.org\/seisme-caraibe\/#breadcrumb","itemListElement":[{"@type":"ListItem","position":1,"name":"Accueil","item":"https:\/\/aps972.duckdns.org\/"},{"@type":"ListItem","position":2,"name":"S\u00e9isme Cara\u00efbe"}]},{"@type":"WebSite","@id":"https:\/\/aps972.duckdns.org\/#website","url":"https:\/\/aps972.duckdns.org\/","name":"APS972","description":"","publisher":{"@id":"https:\/\/aps972.duckdns.org\/#organization"},"alternateName":"Apprendre \u00e0 porter secours Martinique","potentialAction":[{"@type":"SearchAction","target":{"@type":"EntryPoint","urlTemplate":"https:\/\/aps972.duckdns.org\/?s={search_term_string}"},"query-input":{"@type":"PropertyValueSpecification","valueRequired":true,"valueName":"search_term_string"}}],"inLanguage":"en-GB"},{"@type":"Organization","@id":"https:\/\/aps972.duckdns.org\/#organization","name":"APS972","url":"https:\/\/aps972.duckdns.org\/","logo":{"@type":"ImageObject","inLanguage":"en-GB","@id":"https:\/\/aps972.duckdns.org\/#\/schema\/logo\/image\/","url":"https:\/\/aps972.duckdns.org\/wp-content\/uploads\/2025\/10\/imageAPS9720-1.png","contentUrl":"https:\/\/aps972.duckdns.org\/wp-content\/uploads\/2025\/10\/imageAPS9720-1.png","width":1536,"height":1024,"caption":"APS972"},"image":{"@id":"https:\/\/aps972.duckdns.org\/#\/schema\/logo\/image\/"}}]}},"_links":{"self":[{"href":"https:\/\/aps972.duckdns.org\/en\/wp-json\/wp\/v2\/pages\/574","targetHints":{"allow":["GET"]}}],"collection":[{"href":"https:\/\/aps972.duckdns.org\/en\/wp-json\/wp\/v2\/pages"}],"about":[{"href":"https:\/\/aps972.duckdns.org\/en\/wp-json\/wp\/v2\/types\/page"}],"author":[{"embeddable":true,"href":"https:\/\/aps972.duckdns.org\/en\/wp-json\/wp\/v2\/users\/1"}],"replies":[{"embeddable":true,"href":"https:\/\/aps972.duckdns.org\/en\/wp-json\/wp\/v2\/comments?post=574"}],"version-history":[{"count":2,"href":"https:\/\/aps972.duckdns.org\/en\/wp-json\/wp\/v2\/pages\/574\/revisions"}],"predecessor-version":[{"id":578,"href":"https:\/\/aps972.duckdns.org\/en\/wp-json\/wp\/v2\/pages\/574\/revisions\/578"}],"wp:attachment":[{"href":"https:\/\/aps972.duckdns.org\/en\/wp-json\/wp\/v2\/media?parent=574"}],"curies":[{"name":"wp","href":"https:\/\/api.w.org\/{rel}","templated":true}]}}