{"id":61,"date":"2025-10-12T18:39:06","date_gmt":"2025-10-12T16:39:06","guid":{"rendered":"http:\/\/192.168.1.20:8086\/?page_id=61"},"modified":"2025-10-12T18:41:01","modified_gmt":"2025-10-12T16:41:01","slug":"communes-de-repli-en-cas-deruption-volcanique","status":"publish","type":"page","link":"https:\/\/aps972.duckdns.org\/en\/communes-de-repli-en-cas-deruption-volcanique\/","title":{"rendered":"Communes d\u2019\u00e9vacuation et communes d\u2019accueil en cas d&rsquo;\u00e9ruption volcanique"},"content":{"rendered":"<figure class=\"wp-block-table\"><table class=\"has-fixed-layout\"><tbody><tr><td><\/td><td>Le Carbet<\/td><td>Sainte-Luce<\/td><td><\/td><\/tr><tr><td><\/td><td>FSD<\/td><td>Les Trois-Ilets<\/td><td><\/td><\/tr><tr><td><\/td><td>Le Morne Rouge<\/td><td>Rivi\u00e8re-Sal\u00e9e<\/td><td><\/td><\/tr><tr><td><\/td><td>Vert<\/td><td>Les Anses-d&rsquo;Arlet<\/td><td><\/td><\/tr><tr><td><\/td><td>Le pr\u00eacheur<\/td><td>Le Diamant<\/td><td><\/td><\/tr><tr><td><\/td><td>Saint-Pierre<\/td><td>Ducos<\/td><td><\/td><\/tr><tr><td><\/td><td>Ajoupa<\/td><td>Le Marin<\/td><td><\/td><\/tr><tr><td><\/td><td>Basse-Pointe<\/td><td>Vauclin<\/td><td><\/td><\/tr><tr><td><\/td><td>Grand-Rivi\u00e8re<\/td><td>Rivi\u00e8re-Pilote<\/td><td><\/td><\/tr><tr><td><\/td><td>Le Lorrain<\/td><td>Le Fran\u00e7ois<\/td><td><\/td><\/tr><tr><td><\/td><td>Macouba<\/td><td>Sainte -Esprit<\/td><td><\/td><\/tr><tr><td><\/td><td>Marigot<\/td><td>Sainte-Anne<\/td><td><\/td><\/tr><\/tbody><\/table><\/figure>","protected":false},"excerpt":{"rendered":"<p>Le Carbet Sainte-Luce FSD Les Trois-Ilets Le Morne Rouge Rivi\u00e8re-Sal\u00e9e Vert Les Anses-d&rsquo;Arlet Le pr\u00eacheur Le Diamant Saint-Pierre Ducos Ajoupa [&hellip;]<\/p>","protected":false},"author":1,"featured_media":0,"parent":0,"menu_order":0,"comment_status":"closed","ping_status":"closed","template":"","meta":{"site-sidebar-layout":"default","site-content-layout":"","ast-site-content-layout":"default","site-content-style":"default","site-sidebar-style":"default","ast-global-header-display":"","ast-banner-title-visibility":"","ast-main-header-display":"","ast-hfb-above-header-display":"","ast-hfb-below-header-display":"","ast-hfb-mobile-header-display":"","site-post-title":"","ast-breadcrumbs-content":"","ast-featured-img":"","footer-sml-layout":"","theme-transparent-header-meta":"","adv-header-id-meta":"","stick-header-meta":"","header-above-stick-meta":"","header-main-stick-meta":"","header-below-stick-meta":"","astra-migrate-meta-layouts":"default","ast-page-background-enabled":"default","ast-page-background-meta":{"desktop":{"background-color":"var(--ast-global-color-5)","background-image":"","background-repeat":"repeat","background-position":"center center","background-size":"auto","background-attachment":"scroll","background-type":"","background-media":"","overlay-type":"","overlay-color":"","overlay-opacity":"","overlay-gradient":""},"tablet":{"background-color":"","background-image":"","background-repeat":"repeat","background-position":"center center","background-size":"auto","background-attachment":"scroll","background-type":"","background-media":"","overlay-type":"","overlay-color":"","overlay-opacity":"","overlay-gradient":""},"mobile":{"background-color":"","background-image":"","background-repeat":"repeat","background-position":"center center","background-size":"auto","background-attachment":"scroll","background-type":"","background-media":"","overlay-type":"","overlay-color":"","overlay-opacity":"","overlay-gradient":""}},"ast-content-background-meta":{"desktop":{"background-color":"var(--ast-global-color-4)","background-image":"","background-repeat":"repeat","background-position":"center center","background-size":"auto","background-attachment":"scroll","background-type":"","background-media":"","overlay-type":"","overlay-color":"","overlay-opacity":"","overlay-gradient":""},"tablet":{"background-color":"var(--ast-global-color-4)","background-image":"","background-repeat":"repeat","background-position":"center center","background-size":"auto","background-attachment":"scroll","background-type":"","background-media":"","overlay-type":"","overlay-color":"","overlay-opacity":"","overlay-gradient":""},"mobile":{"background-color":"var(--ast-global-color-4)","background-image":"","background-repeat":"repeat","background-position":"center center","background-size":"auto","background-attachment":"scroll","background-type":"","background-media":"","overlay-type":"","overlay-color":"","overlay-opacity":"","overlay-gradient":""}},"footnotes":""},"class_list":["post-61","page","type-page","status-publish","hentry"],"yoast_head":"<!-- This site is optimized with the Yoast SEO plugin v26.3 - https:\/\/yoast.com\/wordpress\/plugins\/seo\/ -->\n<title>Communes d\u2019\u00e9vacuation et communes d\u2019accueil en cas d&#039;\u00e9ruption volcanique - APS972<\/title>\n<meta name=\"robots\" content=\"index, follow, max-snippet:-1, max-image-preview:large, max-video-preview:-1\" \/>\n<link rel=\"canonical\" href=\"https:\/\/aps972.duckdns.org\/en\/communes-de-repli-en-cas-deruption-volcanique\/\" \/>\n<meta property=\"og:locale\" content=\"en_GB\" \/>\n<meta property=\"og:type\" content=\"article\" \/>\n<meta property=\"og:title\" content=\"Communes d\u2019\u00e9vacuation et communes d\u2019accueil en cas d&#039;\u00e9ruption volcanique - APS972\" \/>\n<meta property=\"og:description\" content=\"Le Carbet Sainte-Luce FSD Les Trois-Ilets Le Morne Rouge Rivi\u00e8re-Sal\u00e9e Vert Les Anses-d&rsquo;Arlet Le pr\u00eacheur Le Diamant Saint-Pierre Ducos Ajoupa [&hellip;]\" \/>\n<meta property=\"og:url\" content=\"https:\/\/aps972.duckdns.org\/en\/communes-de-repli-en-cas-deruption-volcanique\/\" \/>\n<meta property=\"og:site_name\" content=\"APS972\" \/>\n<meta property=\"article:modified_time\" content=\"2025-10-12T16:41:01+00:00\" \/>\n<meta property=\"og:image\" content=\"https:\/\/aps972.duckdns.org\/wp-content\/uploads\/2025\/10\/imageaps972.jpg\" \/>\n\t<meta property=\"og:image:width\" content=\"1883\" \/>\n\t<meta property=\"og:image:height\" content=\"839\" \/>\n\t<meta property=\"og:image:type\" content=\"image\/jpeg\" \/>\n<meta name=\"twitter:card\" content=\"summary_large_image\" \/>\n<script type=\"application\/ld+json\" class=\"yoast-schema-graph\">{\"@context\":\"https:\/\/schema.org\",\"@graph\":[{\"@type\":\"WebPage\",\"@id\":\"https:\/\/aps972.duckdns.org\/communes-de-repli-en-cas-deruption-volcanique\/\",\"url\":\"https:\/\/aps972.duckdns.org\/communes-de-repli-en-cas-deruption-volcanique\/\",\"name\":\"Communes d\u2019\u00e9vacuation et communes d\u2019accueil en cas d'\u00e9ruption volcanique - APS972\",\"isPartOf\":{\"@id\":\"https:\/\/aps972.duckdns.org\/#website\"},\"datePublished\":\"2025-10-12T16:39:06+00:00\",\"dateModified\":\"2025-10-12T16:41:01+00:00\",\"breadcrumb\":{\"@id\":\"https:\/\/aps972.duckdns.org\/communes-de-repli-en-cas-deruption-volcanique\/#breadcrumb\"},\"inLanguage\":\"en-GB\",\"potentialAction\":[{\"@type\":\"ReadAction\",\"target\":[\"https:\/\/aps972.duckdns.org\/communes-de-repli-en-cas-deruption-volcanique\/\"]}]},{\"@type\":\"BreadcrumbList\",\"@id\":\"https:\/\/aps972.duckdns.org\/communes-de-repli-en-cas-deruption-volcanique\/#breadcrumb\",\"itemListElement\":[{\"@type\":\"ListItem\",\"position\":1,\"name\":\"Accueil\",\"item\":\"https:\/\/aps972.duckdns.org\/\"},{\"@type\":\"ListItem\",\"position\":2,\"name\":\"Communes d\u2019\u00e9vacuation et communes d\u2019accueil en cas d&rsquo;\u00e9ruption volcanique\"}]},{\"@type\":\"WebSite\",\"@id\":\"https:\/\/aps972.duckdns.org\/#website\",\"url\":\"https:\/\/aps972.duckdns.org\/\",\"name\":\"APS972\",\"description\":\"\",\"publisher\":{\"@id\":\"https:\/\/aps972.duckdns.org\/#organization\"},\"alternateName\":\"Apprendre \u00e0 porter secours Martinique\",\"potentialAction\":[{\"@type\":\"SearchAction\",\"target\":{\"@type\":\"EntryPoint\",\"urlTemplate\":\"https:\/\/aps972.duckdns.org\/?s={search_term_string}\"},\"query-input\":{\"@type\":\"PropertyValueSpecification\",\"valueRequired\":true,\"valueName\":\"search_term_string\"}}],\"inLanguage\":\"en-GB\"},{\"@type\":\"Organization\",\"@id\":\"https:\/\/aps972.duckdns.org\/#organization\",\"name\":\"APS972\",\"url\":\"https:\/\/aps972.duckdns.org\/\",\"logo\":{\"@type\":\"ImageObject\",\"inLanguage\":\"en-GB\",\"@id\":\"https:\/\/aps972.duckdns.org\/#\/schema\/logo\/image\/\",\"url\":\"https:\/\/aps972.duckdns.org\/wp-content\/uploads\/2025\/10\/imageAPS9720-1.png\",\"contentUrl\":\"https:\/\/aps972.duckdns.org\/wp-content\/uploads\/2025\/10\/imageAPS9720-1.png\",\"width\":1536,\"height\":1024,\"caption\":\"APS972\"},\"image\":{\"@id\":\"https:\/\/aps972.duckdns.org\/#\/schema\/logo\/image\/\"}}]}<\/script>\n<!-- \/ Yoast SEO plugin. -->","yoast_head_json":{"title":"Communes d\u2019\u00e9vacuation et communes d\u2019accueil en cas d'\u00e9ruption volcanique - APS972","robots":{"index":"index","follow":"follow","max-snippet":"max-snippet:-1","max-image-preview":"max-image-preview:large","max-video-preview":"max-video-preview:-1"},"canonical":"https:\/\/aps972.duckdns.org\/en\/communes-de-repli-en-cas-deruption-volcanique\/","og_locale":"en_GB","og_type":"article","og_title":"Communes d\u2019\u00e9vacuation et communes d\u2019accueil en cas d'\u00e9ruption volcanique - APS972","og_description":"Le Carbet Sainte-Luce FSD Les Trois-Ilets Le Morne Rouge Rivi\u00e8re-Sal\u00e9e Vert Les Anses-d&rsquo;Arlet Le pr\u00eacheur Le Diamant Saint-Pierre Ducos Ajoupa [&hellip;]","og_url":"https:\/\/aps972.duckdns.org\/en\/communes-de-repli-en-cas-deruption-volcanique\/","og_site_name":"APS972","article_modified_time":"2025-10-12T16:41:01+00:00","og_image":[{"width":1883,"height":839,"url":"https:\/\/aps972.duckdns.org\/wp-content\/uploads\/2025\/10\/imageaps972.jpg","type":"image\/jpeg"}],"twitter_card":"summary_large_image","schema":{"@context":"https:\/\/schema.org","@graph":[{"@type":"WebPage","@id":"https:\/\/aps972.duckdns.org\/communes-de-repli-en-cas-deruption-volcanique\/","url":"https:\/\/aps972.duckdns.org\/communes-de-repli-en-cas-deruption-volcanique\/","name":"Communes d\u2019\u00e9vacuation et communes d\u2019accueil en cas d'\u00e9ruption volcanique - APS972","isPartOf":{"@id":"https:\/\/aps972.duckdns.org\/#website"},"datePublished":"2025-10-12T16:39:06+00:00","dateModified":"2025-10-12T16:41:01+00:00","breadcrumb":{"@id":"https:\/\/aps972.duckdns.org\/communes-de-repli-en-cas-deruption-volcanique\/#breadcrumb"},"inLanguage":"en-GB","potentialAction":[{"@type":"ReadAction","target":["https:\/\/aps972.duckdns.org\/communes-de-repli-en-cas-deruption-volcanique\/"]}]},{"@type":"BreadcrumbList","@id":"https:\/\/aps972.duckdns.org\/communes-de-repli-en-cas-deruption-volcanique\/#breadcrumb","itemListElement":[{"@type":"ListItem","position":1,"name":"Accueil","item":"https:\/\/aps972.duckdns.org\/"},{"@type":"ListItem","position":2,"name":"Communes d\u2019\u00e9vacuation et communes d\u2019accueil en cas d&rsquo;\u00e9ruption volcanique"}]},{"@type":"WebSite","@id":"https:\/\/aps972.duckdns.org\/#website","url":"https:\/\/aps972.duckdns.org\/","name":"APS972","description":"","publisher":{"@id":"https:\/\/aps972.duckdns.org\/#organization"},"alternateName":"Apprendre \u00e0 porter secours Martinique","potentialAction":[{"@type":"SearchAction","target":{"@type":"EntryPoint","urlTemplate":"https:\/\/aps972.duckdns.org\/?s={search_term_string}"},"query-input":{"@type":"PropertyValueSpecification","valueRequired":true,"valueName":"search_term_string"}}],"inLanguage":"en-GB"},{"@type":"Organization","@id":"https:\/\/aps972.duckdns.org\/#organization","name":"APS972","url":"https:\/\/aps972.duckdns.org\/","logo":{"@type":"ImageObject","inLanguage":"en-GB","@id":"https:\/\/aps972.duckdns.org\/#\/schema\/logo\/image\/","url":"https:\/\/aps972.duckdns.org\/wp-content\/uploads\/2025\/10\/imageAPS9720-1.png","contentUrl":"https:\/\/aps972.duckdns.org\/wp-content\/uploads\/2025\/10\/imageAPS9720-1.png","width":1536,"height":1024,"caption":"APS972"},"image":{"@id":"https:\/\/aps972.duckdns.org\/#\/schema\/logo\/image\/"}}]}},"_links":{"self":[{"href":"https:\/\/aps972.duckdns.org\/en\/wp-json\/wp\/v2\/pages\/61","targetHints":{"allow":["GET"]}}],"collection":[{"href":"https:\/\/aps972.duckdns.org\/en\/wp-json\/wp\/v2\/pages"}],"about":[{"href":"https:\/\/aps972.duckdns.org\/en\/wp-json\/wp\/v2\/types\/page"}],"author":[{"embeddable":true,"href":"https:\/\/aps972.duckdns.org\/en\/wp-json\/wp\/v2\/users\/1"}],"replies":[{"embeddable":true,"href":"https:\/\/aps972.duckdns.org\/en\/wp-json\/wp\/v2\/comments?post=61"}],"version-history":[{"count":2,"href":"https:\/\/aps972.duckdns.org\/en\/wp-json\/wp\/v2\/pages\/61\/revisions"}],"predecessor-version":[{"id":65,"href":"https:\/\/aps972.duckdns.org\/en\/wp-json\/wp\/v2\/pages\/61\/revisions\/65"}],"wp:attachment":[{"href":"https:\/\/aps972.duckdns.org\/en\/wp-json\/wp\/v2\/media?parent=61"}],"curies":[{"name":"wp","href":"https:\/\/api.w.org\/{rel}","templated":true}]}}