{"id":80,"date":"2025-10-12T21:11:09","date_gmt":"2025-10-12T19:11:09","guid":{"rendered":"http:\/\/192.168.1.20:8086\/?page_id=80"},"modified":"2025-11-04T07:14:58","modified_gmt":"2025-11-04T11:14:58","slug":"en-cas-dactivation-du-plan-orsec","status":"publish","type":"page","link":"https:\/\/aps972.duckdns.org\/en\/en-cas-dactivation-du-plan-orsec\/","title":{"rendered":"A l&rsquo;\u00e9chelle du territoire l\u2019activation du plan ORSEC"},"content":{"rendered":"<p>Lorsque le <strong><a href=\"https:\/\/aps972.duckdns.org\/en\/orsec\/\" data-type=\"page\" data-id=\"280\">plan ORSEC Martinique<\/a><\/strong> est d\u00e9clench\u00e9 :<\/p>\n\n\n\n<ul class=\"wp-block-list\">\n<li>Le <strong>pr\u00e9fet<\/strong> devient directeur des op\u00e9rations de secours (DOS) ;<\/li>\n\n\n\n<li>Les services de secours (pompiers, SAMU, gendarmerie, mairie, Croix-Rouge, EDF, etc.) sont coordonn\u00e9s via le <strong>Centre Op\u00e9rationnel D\u00e9partemental (COD)<\/strong> ;<\/li>\n\n\n\n<li>Des messages sont diffus\u00e9s via :\n<ul class=\"wp-block-list\">\n<li>France Info \/ RCI Martinique,<\/li>\n\n\n\n<li>les SMS FR-ALERT,<\/li>\n\n\n\n<li>les comptes officiels de la Pr\u00e9fecture.<\/li>\n<\/ul>\n<\/li>\n<\/ul>\n\n\n\n<p style=\"font-size:30px\">A<strong> l&rsquo;\u00e9chelle de la commune<\/strong> le DICRIM <\/p>\n\n\n\n<p>Le <a href=\"https:\/\/aps972.duckdns.org\/en\/le-dicrim\/\" data-type=\"page\" data-id=\"293\">DICRIM<\/a>, le Maire organise une cellule de crise pour organiser les secours au plus pr\u00e8s de sa population.<\/p>\n\n\n\n<p>Le <a href=\"https:\/\/aps972.duckdns.org\/wp-content\/uploads\/2025\/11\/DDRM972.pdf\">DDRMM<\/a> met en exergue l&rsquo;ensemble des risques majeurs du territoire.<\/p>\n\n\n\n<p>Mise en place de la r\u00e9serve communale.<\/p>\n\n\n\n<p style=\"font-size:30px\"><strong>A l&rsquo;\u00e9chelle de la population<\/strong> (s&rsquo;informer et se former)<\/p>\n\n\n\n<p>Ecouter les informations qui donnent les consignes<\/p>\n\n\n\n<p>Acqu\u00e9rir \u00ab\u00a0La culture du risque\u00a0\u00bb et r\u00e9agir de fa\u00e7on ordonn\u00e9e. L&rsquo;incivilit\u00e9 est la premi\u00e8re cause de drame dans ces circonstances.<\/p>\n\n\n\n<p>80% de la population doit acqu\u00e9rir au moins les gestes de premiers secours (PSC).<\/p>\n\n\n\n<p>Toute la population doit avoir son <a href=\"https:\/\/aps972.duckdns.org\/en\/le-sac-de-survie\/\" data-type=\"page\" data-id=\"388\">sac de survie.<\/a><\/p>\n\n\n\n<p>Elagage et nettoyage de son environnement (sans attendre la commune)<\/p>\n\n\n\n<p>Si les enfants sont \u00e0 l&rsquo;\u00e9cole. Ne surtout pas braver les risques. Les \u00e9coles s&rsquo;occupent des scolaires.<\/p>\n\n\n\n<p style=\"font-size:30px\"><strong>A l&rsquo;\u00e9chelle de l&rsquo;\u00e9cole<\/strong> (s&rsquo;informer, se former et s&rsquo;entrainer)<\/p>\n\n\n\n<p>Zone d&rsquo;abri en cas de catastrophe selon le DICRIM de chaque commune<\/p>\n\n\n\n<p>Les enseignants form\u00e9s au PSC et enseigne l&rsquo;APC.<\/p>\n\n\n\n<p>Des exercices r\u00e9guliers (incendie, s\u00e9isme, confinement). <\/p>\n\n\n\n<p>Organisation gestion de crise interne <\/p>\n\n\n\n<p><\/p>\n\n\n\n<p><\/p>","protected":false},"excerpt":{"rendered":"<p>Lorsque le plan ORSEC Martinique est d\u00e9clench\u00e9 : A l&rsquo;\u00e9chelle de la commune le DICRIM Le DICRIM, le Maire organise [&hellip;]<\/p>","protected":false},"author":1,"featured_media":0,"parent":0,"menu_order":0,"comment_status":"closed","ping_status":"closed","template":"","meta":{"site-sidebar-layout":"default","site-content-layout":"","ast-site-content-layout":"default","site-content-style":"default","site-sidebar-style":"default","ast-global-header-display":"","ast-banner-title-visibility":"","ast-main-header-display":"","ast-hfb-above-header-display":"","ast-hfb-below-header-display":"","ast-hfb-mobile-header-display":"","site-post-title":"","ast-breadcrumbs-content":"","ast-featured-img":"","footer-sml-layout":"","theme-transparent-header-meta":"","adv-header-id-meta":"","stick-header-meta":"","header-above-stick-meta":"","header-main-stick-meta":"","header-below-stick-meta":"","astra-migrate-meta-layouts":"default","ast-page-background-enabled":"default","ast-page-background-meta":{"desktop":{"background-color":"var(--ast-global-color-5)","background-image":"","background-repeat":"repeat","background-position":"center center","background-size":"auto","background-attachment":"scroll","background-type":"","background-media":"","overlay-type":"","overlay-color":"","overlay-opacity":"","overlay-gradient":""},"tablet":{"background-color":"","background-image":"","background-repeat":"repeat","background-position":"center center","background-size":"auto","background-attachment":"scroll","background-type":"","background-media":"","overlay-type":"","overlay-color":"","overlay-opacity":"","overlay-gradient":""},"mobile":{"background-color":"","background-image":"","background-repeat":"repeat","background-position":"center center","background-size":"auto","background-attachment":"scroll","background-type":"","background-media":"","overlay-type":"","overlay-color":"","overlay-opacity":"","overlay-gradient":""}},"ast-content-background-meta":{"desktop":{"background-color":"var(--ast-global-color-4)","background-image":"","background-repeat":"repeat","background-position":"center center","background-size":"auto","background-attachment":"scroll","background-type":"","background-media":"","overlay-type":"","overlay-color":"","overlay-opacity":"","overlay-gradient":""},"tablet":{"background-color":"var(--ast-global-color-4)","background-image":"","background-repeat":"repeat","background-position":"center center","background-size":"auto","background-attachment":"scroll","background-type":"","background-media":"","overlay-type":"","overlay-color":"","overlay-opacity":"","overlay-gradient":""},"mobile":{"background-color":"var(--ast-global-color-4)","background-image":"","background-repeat":"repeat","background-position":"center center","background-size":"auto","background-attachment":"scroll","background-type":"","background-media":"","overlay-type":"","overlay-color":"","overlay-opacity":"","overlay-gradient":""}},"footnotes":""},"class_list":["post-80","page","type-page","status-publish","hentry"],"yoast_head":"<!-- This site is optimized with the Yoast SEO plugin v26.3 - https:\/\/yoast.com\/wordpress\/plugins\/seo\/ -->\n<title>A l&#039;\u00e9chelle du territoire l\u2019activation du plan ORSEC - APS972<\/title>\n<meta name=\"robots\" content=\"index, follow, max-snippet:-1, max-image-preview:large, max-video-preview:-1\" \/>\n<link rel=\"canonical\" href=\"https:\/\/aps972.duckdns.org\/en\/en-cas-dactivation-du-plan-orsec\/\" \/>\n<meta property=\"og:locale\" content=\"en_GB\" \/>\n<meta property=\"og:type\" content=\"article\" \/>\n<meta property=\"og:title\" content=\"A l&#039;\u00e9chelle du territoire l\u2019activation du plan ORSEC - APS972\" \/>\n<meta property=\"og:description\" content=\"Lorsque le plan ORSEC Martinique est d\u00e9clench\u00e9 : A l&rsquo;\u00e9chelle de la commune le DICRIM Le DICRIM, le Maire organise [&hellip;]\" \/>\n<meta property=\"og:url\" content=\"https:\/\/aps972.duckdns.org\/en\/en-cas-dactivation-du-plan-orsec\/\" \/>\n<meta property=\"og:site_name\" content=\"APS972\" \/>\n<meta property=\"article:modified_time\" content=\"2025-11-04T11:14:58+00:00\" \/>\n<meta property=\"og:image\" content=\"https:\/\/aps972.duckdns.org\/wp-content\/uploads\/2025\/10\/imageaps972.jpg\" \/>\n\t<meta property=\"og:image:width\" content=\"1883\" \/>\n\t<meta property=\"og:image:height\" content=\"839\" \/>\n\t<meta property=\"og:image:type\" content=\"image\/jpeg\" \/>\n<meta name=\"twitter:card\" content=\"summary_large_image\" \/>\n<meta name=\"twitter:label1\" content=\"Estimated reading time\" \/>\n\t<meta name=\"twitter:data1\" content=\"2 minutes\" \/>\n<script type=\"application\/ld+json\" class=\"yoast-schema-graph\">{\"@context\":\"https:\/\/schema.org\",\"@graph\":[{\"@type\":\"WebPage\",\"@id\":\"https:\/\/aps972.duckdns.org\/en-cas-dactivation-du-plan-orsec\/\",\"url\":\"https:\/\/aps972.duckdns.org\/en-cas-dactivation-du-plan-orsec\/\",\"name\":\"A l'\u00e9chelle du territoire l\u2019activation du plan ORSEC - APS972\",\"isPartOf\":{\"@id\":\"https:\/\/aps972.duckdns.org\/#website\"},\"datePublished\":\"2025-10-12T19:11:09+00:00\",\"dateModified\":\"2025-11-04T11:14:58+00:00\",\"breadcrumb\":{\"@id\":\"https:\/\/aps972.duckdns.org\/en-cas-dactivation-du-plan-orsec\/#breadcrumb\"},\"inLanguage\":\"en-GB\",\"potentialAction\":[{\"@type\":\"ReadAction\",\"target\":[\"https:\/\/aps972.duckdns.org\/en-cas-dactivation-du-plan-orsec\/\"]}]},{\"@type\":\"BreadcrumbList\",\"@id\":\"https:\/\/aps972.duckdns.org\/en-cas-dactivation-du-plan-orsec\/#breadcrumb\",\"itemListElement\":[{\"@type\":\"ListItem\",\"position\":1,\"name\":\"Accueil\",\"item\":\"https:\/\/aps972.duckdns.org\/\"},{\"@type\":\"ListItem\",\"position\":2,\"name\":\"A l&rsquo;\u00e9chelle du territoire l\u2019activation du plan ORSEC\"}]},{\"@type\":\"WebSite\",\"@id\":\"https:\/\/aps972.duckdns.org\/#website\",\"url\":\"https:\/\/aps972.duckdns.org\/\",\"name\":\"APS972\",\"description\":\"\",\"publisher\":{\"@id\":\"https:\/\/aps972.duckdns.org\/#organization\"},\"alternateName\":\"Apprendre \u00e0 porter secours Martinique\",\"potentialAction\":[{\"@type\":\"SearchAction\",\"target\":{\"@type\":\"EntryPoint\",\"urlTemplate\":\"https:\/\/aps972.duckdns.org\/?s={search_term_string}\"},\"query-input\":{\"@type\":\"PropertyValueSpecification\",\"valueRequired\":true,\"valueName\":\"search_term_string\"}}],\"inLanguage\":\"en-GB\"},{\"@type\":\"Organization\",\"@id\":\"https:\/\/aps972.duckdns.org\/#organization\",\"name\":\"APS972\",\"url\":\"https:\/\/aps972.duckdns.org\/\",\"logo\":{\"@type\":\"ImageObject\",\"inLanguage\":\"en-GB\",\"@id\":\"https:\/\/aps972.duckdns.org\/#\/schema\/logo\/image\/\",\"url\":\"https:\/\/aps972.duckdns.org\/wp-content\/uploads\/2025\/10\/imageAPS9720-1.png\",\"contentUrl\":\"https:\/\/aps972.duckdns.org\/wp-content\/uploads\/2025\/10\/imageAPS9720-1.png\",\"width\":1536,\"height\":1024,\"caption\":\"APS972\"},\"image\":{\"@id\":\"https:\/\/aps972.duckdns.org\/#\/schema\/logo\/image\/\"}}]}<\/script>\n<!-- \/ Yoast SEO plugin. -->","yoast_head_json":{"title":"A l'\u00e9chelle du territoire l\u2019activation du plan ORSEC - APS972","robots":{"index":"index","follow":"follow","max-snippet":"max-snippet:-1","max-image-preview":"max-image-preview:large","max-video-preview":"max-video-preview:-1"},"canonical":"https:\/\/aps972.duckdns.org\/en\/en-cas-dactivation-du-plan-orsec\/","og_locale":"en_GB","og_type":"article","og_title":"A l'\u00e9chelle du territoire l\u2019activation du plan ORSEC - APS972","og_description":"Lorsque le plan ORSEC Martinique est d\u00e9clench\u00e9 : A l&rsquo;\u00e9chelle de la commune le DICRIM Le DICRIM, le Maire organise [&hellip;]","og_url":"https:\/\/aps972.duckdns.org\/en\/en-cas-dactivation-du-plan-orsec\/","og_site_name":"APS972","article_modified_time":"2025-11-04T11:14:58+00:00","og_image":[{"width":1883,"height":839,"url":"https:\/\/aps972.duckdns.org\/wp-content\/uploads\/2025\/10\/imageaps972.jpg","type":"image\/jpeg"}],"twitter_card":"summary_large_image","twitter_misc":{"Estimated reading time":"2 minutes"},"schema":{"@context":"https:\/\/schema.org","@graph":[{"@type":"WebPage","@id":"https:\/\/aps972.duckdns.org\/en-cas-dactivation-du-plan-orsec\/","url":"https:\/\/aps972.duckdns.org\/en-cas-dactivation-du-plan-orsec\/","name":"A l'\u00e9chelle du territoire l\u2019activation du plan ORSEC - APS972","isPartOf":{"@id":"https:\/\/aps972.duckdns.org\/#website"},"datePublished":"2025-10-12T19:11:09+00:00","dateModified":"2025-11-04T11:14:58+00:00","breadcrumb":{"@id":"https:\/\/aps972.duckdns.org\/en-cas-dactivation-du-plan-orsec\/#breadcrumb"},"inLanguage":"en-GB","potentialAction":[{"@type":"ReadAction","target":["https:\/\/aps972.duckdns.org\/en-cas-dactivation-du-plan-orsec\/"]}]},{"@type":"BreadcrumbList","@id":"https:\/\/aps972.duckdns.org\/en-cas-dactivation-du-plan-orsec\/#breadcrumb","itemListElement":[{"@type":"ListItem","position":1,"name":"Accueil","item":"https:\/\/aps972.duckdns.org\/"},{"@type":"ListItem","position":2,"name":"A l&rsquo;\u00e9chelle du territoire l\u2019activation du plan ORSEC"}]},{"@type":"WebSite","@id":"https:\/\/aps972.duckdns.org\/#website","url":"https:\/\/aps972.duckdns.org\/","name":"APS972","description":"","publisher":{"@id":"https:\/\/aps972.duckdns.org\/#organization"},"alternateName":"Apprendre \u00e0 porter secours Martinique","potentialAction":[{"@type":"SearchAction","target":{"@type":"EntryPoint","urlTemplate":"https:\/\/aps972.duckdns.org\/?s={search_term_string}"},"query-input":{"@type":"PropertyValueSpecification","valueRequired":true,"valueName":"search_term_string"}}],"inLanguage":"en-GB"},{"@type":"Organization","@id":"https:\/\/aps972.duckdns.org\/#organization","name":"APS972","url":"https:\/\/aps972.duckdns.org\/","logo":{"@type":"ImageObject","inLanguage":"en-GB","@id":"https:\/\/aps972.duckdns.org\/#\/schema\/logo\/image\/","url":"https:\/\/aps972.duckdns.org\/wp-content\/uploads\/2025\/10\/imageAPS9720-1.png","contentUrl":"https:\/\/aps972.duckdns.org\/wp-content\/uploads\/2025\/10\/imageAPS9720-1.png","width":1536,"height":1024,"caption":"APS972"},"image":{"@id":"https:\/\/aps972.duckdns.org\/#\/schema\/logo\/image\/"}}]}},"_links":{"self":[{"href":"https:\/\/aps972.duckdns.org\/en\/wp-json\/wp\/v2\/pages\/80","targetHints":{"allow":["GET"]}}],"collection":[{"href":"https:\/\/aps972.duckdns.org\/en\/wp-json\/wp\/v2\/pages"}],"about":[{"href":"https:\/\/aps972.duckdns.org\/en\/wp-json\/wp\/v2\/types\/page"}],"author":[{"embeddable":true,"href":"https:\/\/aps972.duckdns.org\/en\/wp-json\/wp\/v2\/users\/1"}],"replies":[{"embeddable":true,"href":"https:\/\/aps972.duckdns.org\/en\/wp-json\/wp\/v2\/comments?post=80"}],"version-history":[{"count":19,"href":"https:\/\/aps972.duckdns.org\/en\/wp-json\/wp\/v2\/pages\/80\/revisions"}],"predecessor-version":[{"id":567,"href":"https:\/\/aps972.duckdns.org\/en\/wp-json\/wp\/v2\/pages\/80\/revisions\/567"}],"wp:attachment":[{"href":"https:\/\/aps972.duckdns.org\/en\/wp-json\/wp\/v2\/media?parent=80"}],"curies":[{"name":"wp","href":"https:\/\/api.w.org\/{rel}","templated":true}]}}