{"id":88,"date":"2025-10-13T02:50:28","date_gmt":"2025-10-13T00:50:28","guid":{"rendered":"http:\/\/192.168.1.20:8086\/?page_id=88"},"modified":"2025-11-04T13:24:33","modified_gmt":"2025-11-04T17:24:33","slug":"apprendre-a-porter-secours-identifier-les-dangers-et-porter-secours","status":"publish","type":"page","link":"https:\/\/aps972.duckdns.org\/en\/apprendre-a-porter-secours-identifier-les-dangers-et-porter-secours\/","title":{"rendered":"Apprendre \u00e0 Porter Secours APS (cycle1 au cycle3)"},"content":{"rendered":"<p><strong>\ud83e\udde0<\/strong><strong> Objectif g\u00e9n\u00e9ral de l\u2019APS<\/strong><\/p>\n\n\n\n<p>Former des \u00e9l\u00e8ves capables d\u2019identifier un danger, de se prot\u00e9ger, de prot\u00e9ger autrui, d\u2019alerter les secours et de r\u00e9aliser les premiers gestes simples de secours.<\/p>\n\n\n\n<hr class=\"wp-block-separator has-alpha-channel-opacity\"\/>\n\n\n\n<p><strong>\ud83e\uddd2<\/strong><strong> Cycle 1 (Maternelle) \u2013 <em>D\u00e9couverte et premiers r\u00e9flexes<\/em><\/strong><\/p>\n\n\n\n<p><strong>\ud83c\udfaf<\/strong><strong> Objectifs :<\/strong><\/p>\n\n\n\n<ul class=\"wp-block-list\">\n<li>Reconna\u00eetre une situation dangereuse<\/li>\n\n\n\n<li>Savoir demander de l\u2019aide<\/li>\n\n\n\n<li>Identifier les adultes qui prot\u00e8gent<\/li>\n<\/ul>\n\n\n\n<p><strong>\ud83e\udde9<\/strong><strong> Activit\u00e9s propos\u00e9es :<\/strong><\/p>\n\n\n\n<ul class=\"wp-block-list\">\n<li><a href=\"https:\/\/aps972.duckdns.org\/en\/jeux-dimitation-qui-peut-maider\/\" data-type=\"page\" data-id=\"170\">Jeux d\u2019imitation : \u201cQui peut m\u2019aider ?\u201d<\/a><\/li>\n\n\n\n<li><a href=\"https:\/\/aps972.duckdns.org\/en\/reconnaissance-des-dangers-dans-lecole-objets-comportements\/\" data-type=\"page\" data-id=\"172\">Reconnaissance des dangers dans l\u2019\u00e9cole (objets, comportements)<\/a><\/li>\n\n\n\n<li><a href=\"https:\/\/aps972.duckdns.org\/en\/apprentissage-du-vocabulaire-danger-secours-feu-malade\/\" data-type=\"page\" data-id=\"177\">Apprentissage du vocabulaire : \u201cdanger\u201d, \u201csecours\u201d, \u201cfeu\u201d, \u201cmalade\u201d<\/a><\/li>\n\n\n\n<li><a href=\"https:\/\/aps972.duckdns.org\/en\/mise-en-scene-avec-peluches-ou-marionnettes\/\" data-type=\"page\" data-id=\"180\">Mise en sc\u00e8ne avec peluches ou marionnettes<\/a><\/li>\n<\/ul>\n\n\n\n<p><strong>\ud83e\udde0<\/strong><strong> Comp\u00e9tences vis\u00e9es :<\/strong><\/p>\n\n\n\n<ul class=\"wp-block-list\">\n<li>Exprimer une \u00e9motion ou un besoin en cas de danger<\/li>\n\n\n\n<li>Se d\u00e9placer en s\u00e9curit\u00e9 dans l\u2019\u00e9cole<\/li>\n\n\n\n<li>Identifier les adultes r\u00e9f\u00e9rents (enseignant, ATSEM, pompier, etc.)<\/li>\n<\/ul>\n\n\n\n<hr class=\"wp-block-separator has-alpha-channel-opacity\"\/>\n\n\n\n<p><strong>\ud83d\udc66<\/strong><strong> Cycle 2 (CP\u2013CE1\u2013CE2) \u2013 <em>Initiation aux gestes et \u00e0 l\u2019alerte<\/em><\/strong><\/p>\n\n\n\n<p><strong>\ud83c\udfaf<\/strong><strong> Objectifs :<\/strong><\/p>\n\n\n\n<ul class=\"wp-block-list\">\n<li>Identifier un danger dans l\u2019environnement<\/li>\n\n\n\n<li>Savoir alerter efficacement<\/li>\n\n\n\n<li>Adopter un comportement adapt\u00e9 face \u00e0 un accident<\/li>\n<\/ul>\n\n\n\n<p><strong>\ud83e\udde9<\/strong><strong> Activit\u00e9s propos\u00e9es :<\/strong><\/p>\n\n\n\n<ul class=\"wp-block-list\">\n<li><a href=\"https:\/\/aps972.duckdns.org\/en\/apprentissage-du-15-ou-112-et-des-numeros-durgence\/\" data-type=\"page\" data-id=\"179\">Apprentissage du <strong>15<\/strong> ou <strong>112<\/strong> et des num\u00e9ros d\u2019urgence<\/a>.<\/li>\n\n\n\n<li><a href=\"https:\/\/aps972.duckdns.org\/en\/jeux-de-role-je-suis-temoin-dun-accident\/\" data-type=\"page\" data-id=\"190\">Jeux de r\u00f4le : \u201cJe suis t\u00e9moin d\u2019un accident\u201d<\/a>.<\/li>\n\n\n\n<li><a href=\"https:\/\/aps972.duckdns.org\/en\/reconnaissance-des-pictogrammes-de-danger\/\" data-type=\"page\" data-id=\"193\">Reconnaissance des pictogrammes de danger<\/a>.<\/li>\n\n\n\n<li><a href=\"https:\/\/aps972.duckdns.org\/en\/mise-en-situation-chute-brulure-saignement\/\" data-type=\"page\" data-id=\"195\">Mise en situation : chute, br\u00fblure, saignement<\/a><\/li>\n<\/ul>\n\n\n\n<p><strong>\ud83e\udde0<\/strong><strong> Comp\u00e9tences vis\u00e9es :<\/strong><\/p>\n\n\n\n<ul class=\"wp-block-list\">\n<li>D\u00e9crire une situation \u00e0 un adulte ou au t\u00e9l\u00e9phone<\/li>\n\n\n\n<li>Prot\u00e9ger une victime sans se mettre en danger<\/li>\n\n\n\n<li>R\u00e9agir face \u00e0 un camarade en d\u00e9tresse (alerte, r\u00e9confort)<\/li>\n<\/ul>\n\n\n\n<hr class=\"wp-block-separator has-alpha-channel-opacity\"\/>\n\n\n\n<p><strong>\ud83d\udc67<\/strong><strong> Cycle 3 (CM1\u2013CM2) \u2013 <em>Approfondissement et premiers gestes<\/em><\/strong><\/p>\n\n\n\n<p><strong>\ud83c\udfaf<\/strong><strong> Objectifs :<\/strong><\/p>\n\n\n\n<ul class=\"wp-block-list\">\n<li>Savoir prot\u00e9ger, alerter et porter secours<\/li>\n\n\n\n<li>R\u00e9aliser les gestes \u00e9l\u00e9mentaires de secours<\/li>\n\n\n\n<li>Comprendre les risques majeurs (naturels, domestiques, collectifs)<\/li>\n<\/ul>\n\n\n\n<p><strong>\ud83e\udde9<\/strong><strong> Activit\u00e9s propos\u00e9es :<\/strong><\/p>\n\n\n\n<ul class=\"wp-block-list\">\n<li><a href=\"https:\/\/aps972.duckdns.org\/en\/mise-en-situation-perte-de-connaissance-saignement-brulure\/\" data-type=\"page\" data-id=\"198\">Mise en situation : perte de connaissance, saignement, br\u00fblure<\/a>.<\/li>\n\n\n\n<li><a href=\"https:\/\/aps972.duckdns.org\/en\/utilisation-de-fiches-reflexes-et-de-scenarios-psc-simplifies-2\/\" data-type=\"page\" data-id=\"218\">Utilisation de fiches r\u00e9flexes et de sc\u00e9narios PSC simplifi\u00e9s.<\/a><\/li>\n\n\n\n<li><a href=\"https:\/\/aps972.duckdns.org\/en\/%f0%9f%8e%ad-3-activites-jeux-de-role-avec-evaluation-cycle-3\/\">Jeux de r\u00f4le avec \u00e9valuation (cas concrets).<\/a><\/li>\n\n\n\n<li><a href=\"https:\/\/aps972.duckdns.org\/en\/%f0%9f%8c%8b%f0%9f%8c%aa%ef%b8%8f%f0%9f%8c%8dactivites-pedagogiques-cles-autour-de-la-sensibilisation-aux-risques-naturels-en-martinique-%f0%9f%8c%8b%f0%9f%8c%aa%ef%b8%8f%f0%9f%8c%8d\/\" data-type=\"page\" data-id=\"532\">Sensibilisation aux risques naturels (volcan, s\u00e9isme, cyclone).<\/a><\/li>\n<\/ul>\n\n\n\n<p><strong>\ud83e\udde0<\/strong><strong> Comp\u00e9tences vis\u00e9es :<\/strong><\/p>\n\n\n\n<ul class=\"wp-block-list\">\n<li>Identifier les signes d\u2019un malaise ou d\u2019un accident<\/li>\n\n\n\n<li>Alerter les secours avec pr\u00e9cision<\/li>\n\n\n\n<li>R\u00e9aliser un geste simple : compression, mise en PLS, refroidissement d\u2019une br\u00fblure<\/li>\n<\/ul>\n\n\n\n<hr class=\"wp-block-separator has-alpha-channel-opacity\"\/>\n\n\n\n<p><strong>\ud83d\udcd8<\/strong><strong> Ressources compl\u00e9mentaires<\/strong><\/p>\n\n\n\n<ul class=\"wp-block-list\">\n<li><a href=\"https:\/\/eduscol.education.fr\/998\/apprendre-porter-secours-premier-degre\">R\u00e9f\u00e9rentiel APS \u2013 \u00c9duscol<\/a><\/li>\n\n\n\n<li><\/li>\n<\/ul>\n\n\n\n<hr class=\"wp-block-separator has-alpha-channel-opacity\"\/>\n\n\n\n<p>Vid\u00e9os<\/p>\n\n\n\n<p><\/p>\n\n\n\n<p>Jeux<\/p>\n\n\n\n<figure class=\"wp-block-table\"><table class=\"has-fixed-layout\"><tbody><tr><td><a href=\"https:\/\/aps972.duckdns.org\/en\/definir-les-risques-majeurs-de-la-martinique\/\" data-type=\"page\" data-id=\"152\">Definir les risques majeurs des Antilles<\/a><\/td><td><\/td><\/tr><tr><td><a href=\"https:\/\/aps972.duckdns.org\/en\/les-dangers-dans-la-cuisine\/\" data-type=\"page\" data-id=\"143\" target=\"_blank\" rel=\"noreferrer noopener\">Les dangers dans la cuisine<\/a><\/td><td><\/td><\/tr><tr><td><a href=\"https:\/\/aps972.duckdns.org\/en\/les-dangers-dans-le-salon\/\" data-type=\"page\" data-id=\"147\" target=\"_blank\" rel=\"noreferrer noopener\">Les dangers dans le salon<\/a><\/td><td><\/td><\/tr><tr><td><a href=\"https:\/\/aps972.duckdns.org\/en\/les-dangers-devant-lecole\/\" data-type=\"page\" data-id=\"163\">Les dangers devant l&rsquo;\u00e9cole<\/a><\/td><td><\/td><\/tr><tr><td>Les dangers dans la chambre<\/td><td><\/td><\/tr><\/tbody><\/table><\/figure>\n\n\n\n<p>Exercices<\/p>\n\n\n\n<figure class=\"wp-block-table\"><table class=\"has-fixed-layout\"><tbody><tr><td><a href=\"https:\/\/aps972.duckdns.org\/en\/quiz-sur-les-brulures\/\" data-type=\"page\" data-id=\"223\">Quiz: les br\u00fblures<\/a>.<\/td><td><\/td><\/tr><tr><td><a href=\"https:\/\/aps972.duckdns.org\/en\/quiz-cycle-3\/\" data-type=\"page\" data-id=\"232\">Quiz: la perte de connaissance.<\/a><\/td><td><\/td><\/tr><tr><td><a href=\"https:\/\/aps972.duckdns.org\/en\/quiz-le-saignement\/\" data-type=\"page\" data-id=\"247\">Quiz: le saignement.<\/a><\/td><td><\/td><\/tr><\/tbody><\/table><\/figure>\n\n\n\n<p><\/p>\n\n\n\n<div class=\"wp-block-buttons is-layout-flex wp-block-buttons-is-layout-flex\">\n<div class=\"wp-block-button\"><a class=\"wp-block-button__link wp-element-button\" href=\"https:\/\/aps972.duckdns.org\/wp-content\/uploads\/2025\/10\/QRcode-aps972.png\" target=\"_blank\" rel=\"noreferrer noopener\">QRCode<\/a><\/div>\n\n\n\n<div class=\"wp-block-button\"><a class=\"wp-block-button__link wp-element-button\">Obtenez votre certificat APC<\/a><\/div>\n\n\n\n<div class=\"wp-block-button\"><a class=\"wp-block-button__link wp-element-button\" href=\"https:\/\/aps972.duckdns.org\/en\/votre-avis-nous-interesse\/\">Votre avis nous interesse<\/a><\/div>\n\n\n\n<div class=\"wp-block-button\"><a class=\"wp-block-button__link wp-element-button\">Evaluations<\/a><\/div>\n\n\n<\/div>\n\n\n\n<p><\/p>\n\n\n\n<p><\/p>\n\n\n\n<p><\/p>","protected":false},"excerpt":{"rendered":"<p>\ud83e\udde0 Objectif g\u00e9n\u00e9ral de l\u2019APS Former des \u00e9l\u00e8ves capables d\u2019identifier un danger, de se prot\u00e9ger, de prot\u00e9ger autrui, d\u2019alerter les [&hellip;]<\/p>","protected":false},"author":1,"featured_media":0,"parent":0,"menu_order":0,"comment_status":"closed","ping_status":"closed","template":"","meta":{"site-sidebar-layout":"default","site-content-layout":"","ast-site-content-layout":"default","site-content-style":"default","site-sidebar-style":"default","ast-global-header-display":"","ast-banner-title-visibility":"","ast-main-header-display":"","ast-hfb-above-header-display":"","ast-hfb-below-header-display":"","ast-hfb-mobile-header-display":"","site-post-title":"","ast-breadcrumbs-content":"","ast-featured-img":"","footer-sml-layout":"","theme-transparent-header-meta":"","adv-header-id-meta":"","stick-header-meta":"","header-above-stick-meta":"","header-main-stick-meta":"","header-below-stick-meta":"","astra-migrate-meta-layouts":"default","ast-page-background-enabled":"default","ast-page-background-meta":{"desktop":{"background-color":"var(--ast-global-color-5)","background-image":"","background-repeat":"repeat","background-position":"center center","background-size":"auto","background-attachment":"scroll","background-type":"","background-media":"","overlay-type":"","overlay-color":"","overlay-opacity":"","overlay-gradient":""},"tablet":{"background-color":"","background-image":"","background-repeat":"repeat","background-position":"center center","background-size":"auto","background-attachment":"scroll","background-type":"","background-media":"","overlay-type":"","overlay-color":"","overlay-opacity":"","overlay-gradient":""},"mobile":{"background-color":"","background-image":"","background-repeat":"repeat","background-position":"center center","background-size":"auto","background-attachment":"scroll","background-type":"","background-media":"","overlay-type":"","overlay-color":"","overlay-opacity":"","overlay-gradient":""}},"ast-content-background-meta":{"desktop":{"background-color":"var(--ast-global-color-4)","background-image":"","background-repeat":"repeat","background-position":"center center","background-size":"auto","background-attachment":"scroll","background-type":"","background-media":"","overlay-type":"","overlay-color":"","overlay-opacity":"","overlay-gradient":""},"tablet":{"background-color":"var(--ast-global-color-4)","background-image":"","background-repeat":"repeat","background-position":"center center","background-size":"auto","background-attachment":"scroll","background-type":"","background-media":"","overlay-type":"","overlay-color":"","overlay-opacity":"","overlay-gradient":""},"mobile":{"background-color":"var(--ast-global-color-4)","background-image":"","background-repeat":"repeat","background-position":"center center","background-size":"auto","background-attachment":"scroll","background-type":"","background-media":"","overlay-type":"","overlay-color":"","overlay-opacity":"","overlay-gradient":""}},"footnotes":""},"class_list":["post-88","page","type-page","status-publish","hentry"],"yoast_head":"<!-- This site is optimized with the Yoast SEO plugin v26.3 - https:\/\/yoast.com\/wordpress\/plugins\/seo\/ -->\n<title>Apprendre \u00e0 Porter Secours APS (cycle1 au cycle3) - APS972<\/title>\n<meta name=\"description\" content=\"APS apprendre \u00e0 porter secours identifier les dangers et porter secours. Connaitre les risques majeurs de notre territoire.\" \/>\n<meta name=\"robots\" content=\"index, follow, max-snippet:-1, max-image-preview:large, max-video-preview:-1\" \/>\n<link rel=\"canonical\" href=\"https:\/\/aps972.duckdns.org\/en\/apprendre-a-porter-secours-identifier-les-dangers-et-porter-secours\/\" \/>\n<meta property=\"og:locale\" content=\"en_GB\" \/>\n<meta property=\"og:type\" content=\"article\" \/>\n<meta property=\"og:title\" content=\"Apprendre \u00e0 Porter Secours APS (cycle1 au cycle3) - APS972\" \/>\n<meta property=\"og:description\" content=\"APS apprendre \u00e0 porter secours identifier les dangers et porter secours. Connaitre les risques majeurs de notre territoire.\" \/>\n<meta property=\"og:url\" content=\"https:\/\/aps972.duckdns.org\/en\/apprendre-a-porter-secours-identifier-les-dangers-et-porter-secours\/\" \/>\n<meta property=\"og:site_name\" content=\"APS972\" \/>\n<meta property=\"article:modified_time\" content=\"2025-11-04T17:24:33+00:00\" \/>\n<meta property=\"og:image\" content=\"https:\/\/aps972.duckdns.org\/wp-content\/uploads\/2025\/10\/imageaps972.jpg\" \/>\n\t<meta property=\"og:image:width\" content=\"1883\" \/>\n\t<meta property=\"og:image:height\" content=\"839\" \/>\n\t<meta property=\"og:image:type\" content=\"image\/jpeg\" \/>\n<meta name=\"twitter:card\" content=\"summary_large_image\" \/>\n<meta name=\"twitter:label1\" content=\"Estimated reading time\" \/>\n\t<meta name=\"twitter:data1\" content=\"2 minutes\" \/>\n<script type=\"application\/ld+json\" class=\"yoast-schema-graph\">{\"@context\":\"https:\/\/schema.org\",\"@graph\":[{\"@type\":\"WebPage\",\"@id\":\"https:\/\/aps972.duckdns.org\/apprendre-a-porter-secours-identifier-les-dangers-et-porter-secours\/\",\"url\":\"https:\/\/aps972.duckdns.org\/apprendre-a-porter-secours-identifier-les-dangers-et-porter-secours\/\",\"name\":\"Apprendre \u00e0 Porter Secours APS (cycle1 au cycle3) - APS972\",\"isPartOf\":{\"@id\":\"https:\/\/aps972.duckdns.org\/#website\"},\"datePublished\":\"2025-10-13T00:50:28+00:00\",\"dateModified\":\"2025-11-04T17:24:33+00:00\",\"description\":\"APS apprendre \u00e0 porter secours identifier les dangers et porter secours. Connaitre les risques majeurs de notre territoire.\",\"breadcrumb\":{\"@id\":\"https:\/\/aps972.duckdns.org\/apprendre-a-porter-secours-identifier-les-dangers-et-porter-secours\/#breadcrumb\"},\"inLanguage\":\"en-GB\",\"potentialAction\":[{\"@type\":\"ReadAction\",\"target\":[\"https:\/\/aps972.duckdns.org\/apprendre-a-porter-secours-identifier-les-dangers-et-porter-secours\/\"]}]},{\"@type\":\"BreadcrumbList\",\"@id\":\"https:\/\/aps972.duckdns.org\/apprendre-a-porter-secours-identifier-les-dangers-et-porter-secours\/#breadcrumb\",\"itemListElement\":[{\"@type\":\"ListItem\",\"position\":1,\"name\":\"Accueil\",\"item\":\"https:\/\/aps972.duckdns.org\/\"},{\"@type\":\"ListItem\",\"position\":2,\"name\":\"Apprendre \u00e0 Porter Secours APS (cycle1 au cycle3)\"}]},{\"@type\":\"WebSite\",\"@id\":\"https:\/\/aps972.duckdns.org\/#website\",\"url\":\"https:\/\/aps972.duckdns.org\/\",\"name\":\"APS972\",\"description\":\"\",\"publisher\":{\"@id\":\"https:\/\/aps972.duckdns.org\/#organization\"},\"alternateName\":\"Apprendre \u00e0 porter secours Martinique\",\"potentialAction\":[{\"@type\":\"SearchAction\",\"target\":{\"@type\":\"EntryPoint\",\"urlTemplate\":\"https:\/\/aps972.duckdns.org\/?s={search_term_string}\"},\"query-input\":{\"@type\":\"PropertyValueSpecification\",\"valueRequired\":true,\"valueName\":\"search_term_string\"}}],\"inLanguage\":\"en-GB\"},{\"@type\":\"Organization\",\"@id\":\"https:\/\/aps972.duckdns.org\/#organization\",\"name\":\"APS972\",\"url\":\"https:\/\/aps972.duckdns.org\/\",\"logo\":{\"@type\":\"ImageObject\",\"inLanguage\":\"en-GB\",\"@id\":\"https:\/\/aps972.duckdns.org\/#\/schema\/logo\/image\/\",\"url\":\"https:\/\/aps972.duckdns.org\/wp-content\/uploads\/2025\/10\/imageAPS9720-1.png\",\"contentUrl\":\"https:\/\/aps972.duckdns.org\/wp-content\/uploads\/2025\/10\/imageAPS9720-1.png\",\"width\":1536,\"height\":1024,\"caption\":\"APS972\"},\"image\":{\"@id\":\"https:\/\/aps972.duckdns.org\/#\/schema\/logo\/image\/\"}}]}<\/script>\n<!-- \/ Yoast SEO plugin. -->","yoast_head_json":{"title":"Apprendre \u00e0 Porter Secours APS (cycle1 au cycle3) - APS972","description":"APS apprendre \u00e0 porter secours identifier les dangers et porter secours. Connaitre les risques majeurs de notre territoire.","robots":{"index":"index","follow":"follow","max-snippet":"max-snippet:-1","max-image-preview":"max-image-preview:large","max-video-preview":"max-video-preview:-1"},"canonical":"https:\/\/aps972.duckdns.org\/en\/apprendre-a-porter-secours-identifier-les-dangers-et-porter-secours\/","og_locale":"en_GB","og_type":"article","og_title":"Apprendre \u00e0 Porter Secours APS (cycle1 au cycle3) - APS972","og_description":"APS apprendre \u00e0 porter secours identifier les dangers et porter secours. Connaitre les risques majeurs de notre territoire.","og_url":"https:\/\/aps972.duckdns.org\/en\/apprendre-a-porter-secours-identifier-les-dangers-et-porter-secours\/","og_site_name":"APS972","article_modified_time":"2025-11-04T17:24:33+00:00","og_image":[{"width":1883,"height":839,"url":"https:\/\/aps972.duckdns.org\/wp-content\/uploads\/2025\/10\/imageaps972.jpg","type":"image\/jpeg"}],"twitter_card":"summary_large_image","twitter_misc":{"Estimated reading time":"2 minutes"},"schema":{"@context":"https:\/\/schema.org","@graph":[{"@type":"WebPage","@id":"https:\/\/aps972.duckdns.org\/apprendre-a-porter-secours-identifier-les-dangers-et-porter-secours\/","url":"https:\/\/aps972.duckdns.org\/apprendre-a-porter-secours-identifier-les-dangers-et-porter-secours\/","name":"Apprendre \u00e0 Porter Secours APS (cycle1 au cycle3) - APS972","isPartOf":{"@id":"https:\/\/aps972.duckdns.org\/#website"},"datePublished":"2025-10-13T00:50:28+00:00","dateModified":"2025-11-04T17:24:33+00:00","description":"APS apprendre \u00e0 porter secours identifier les dangers et porter secours. Connaitre les risques majeurs de notre territoire.","breadcrumb":{"@id":"https:\/\/aps972.duckdns.org\/apprendre-a-porter-secours-identifier-les-dangers-et-porter-secours\/#breadcrumb"},"inLanguage":"en-GB","potentialAction":[{"@type":"ReadAction","target":["https:\/\/aps972.duckdns.org\/apprendre-a-porter-secours-identifier-les-dangers-et-porter-secours\/"]}]},{"@type":"BreadcrumbList","@id":"https:\/\/aps972.duckdns.org\/apprendre-a-porter-secours-identifier-les-dangers-et-porter-secours\/#breadcrumb","itemListElement":[{"@type":"ListItem","position":1,"name":"Accueil","item":"https:\/\/aps972.duckdns.org\/"},{"@type":"ListItem","position":2,"name":"Apprendre \u00e0 Porter Secours APS (cycle1 au cycle3)"}]},{"@type":"WebSite","@id":"https:\/\/aps972.duckdns.org\/#website","url":"https:\/\/aps972.duckdns.org\/","name":"APS972","description":"","publisher":{"@id":"https:\/\/aps972.duckdns.org\/#organization"},"alternateName":"Apprendre \u00e0 porter secours Martinique","potentialAction":[{"@type":"SearchAction","target":{"@type":"EntryPoint","urlTemplate":"https:\/\/aps972.duckdns.org\/?s={search_term_string}"},"query-input":{"@type":"PropertyValueSpecification","valueRequired":true,"valueName":"search_term_string"}}],"inLanguage":"en-GB"},{"@type":"Organization","@id":"https:\/\/aps972.duckdns.org\/#organization","name":"APS972","url":"https:\/\/aps972.duckdns.org\/","logo":{"@type":"ImageObject","inLanguage":"en-GB","@id":"https:\/\/aps972.duckdns.org\/#\/schema\/logo\/image\/","url":"https:\/\/aps972.duckdns.org\/wp-content\/uploads\/2025\/10\/imageAPS9720-1.png","contentUrl":"https:\/\/aps972.duckdns.org\/wp-content\/uploads\/2025\/10\/imageAPS9720-1.png","width":1536,"height":1024,"caption":"APS972"},"image":{"@id":"https:\/\/aps972.duckdns.org\/#\/schema\/logo\/image\/"}}]}},"_links":{"self":[{"href":"https:\/\/aps972.duckdns.org\/en\/wp-json\/wp\/v2\/pages\/88","targetHints":{"allow":["GET"]}}],"collection":[{"href":"https:\/\/aps972.duckdns.org\/en\/wp-json\/wp\/v2\/pages"}],"about":[{"href":"https:\/\/aps972.duckdns.org\/en\/wp-json\/wp\/v2\/types\/page"}],"author":[{"embeddable":true,"href":"https:\/\/aps972.duckdns.org\/en\/wp-json\/wp\/v2\/users\/1"}],"replies":[{"embeddable":true,"href":"https:\/\/aps972.duckdns.org\/en\/wp-json\/wp\/v2\/comments?post=88"}],"version-history":[{"count":39,"href":"https:\/\/aps972.duckdns.org\/en\/wp-json\/wp\/v2\/pages\/88\/revisions"}],"predecessor-version":[{"id":564,"href":"https:\/\/aps972.duckdns.org\/en\/wp-json\/wp\/v2\/pages\/88\/revisions\/564"}],"wp:attachment":[{"href":"https:\/\/aps972.duckdns.org\/en\/wp-json\/wp\/v2\/media?parent=88"}],"curies":[{"name":"wp","href":"https:\/\/api.w.org\/{rel}","templated":true}]}}