{"id":90,"date":"2025-10-13T02:53:05","date_gmt":"2025-10-13T00:53:05","guid":{"rendered":"http:\/\/192.168.1.20:8086\/?page_id=90"},"modified":"2025-11-06T07:20:59","modified_gmt":"2025-11-06T11:20:59","slug":"assistant-de-prevention-et-formateur-psc","status":"publish","type":"page","link":"https:\/\/aps972.duckdns.org\/en\/assistant-de-prevention-et-formateur-psc\/","title":{"rendered":"Assistant de pr\u00e9vention"},"content":{"rendered":"<p>Formulaires<\/p>\n\n\n\n<figure class=\"wp-block-table\"><table class=\"has-fixed-layout\"><tbody><tr><td><a href=\"https:\/\/aps972.duckdns.org\/wp-content\/uploads\/2025\/11\/Formulaire-PPMS_1D_vierge.pdf\">Formulaire PPMS vierge<\/a><\/td><td>Formulaire DUER<\/td><\/tr><tr><td>Fiche RETEX<\/td><td>Fiche SST<\/td><\/tr><\/tbody><\/table><\/figure>\n\n\n\n<p>Affichage obligatoire<\/p>\n\n\n\n<figure class=\"wp-block-table\"><table class=\"has-fixed-layout\"><tbody><tr><td><\/td><td><\/td><\/tr><tr><td><\/td><td><\/td><\/tr><\/tbody><\/table><\/figure>\n\n\n\n<p>Questions \/ R\u00e9ponses<\/p>\n\n\n\n<figure class=\"wp-block-table\"><table class=\"has-ast-global-color-3-color has-text-color has-link-color has-fixed-layout\"><tbody><tr><td><a href=\"https:\/\/aps972.duckdns.org\/en\/questions-reponses\/\">Que faire en cas de forte chaleur ?<\/a><\/td><td><a href=\"https:\/\/aps972.duckdns.org\/en\/%f0%9f%94%a5-est-ce-obligatoire-de-participer-aux-exercices-incendie-ppms\/\" data-type=\"page\" data-id=\"480\">Est-ce obligatoire de participer aux exercices (incendies\u2026)?<\/a><\/td><\/tr><tr><td><a href=\"https:\/\/aps972.duckdns.org\/en\/%f0%9f%9a%b1-que-faire-en-cas-de-coupure-deau-a-lecole\/\" data-type=\"page\" data-id=\"413\">Que faire en cas de coupure d&rsquo;eau ?<\/a><\/td><td><a href=\"https:\/\/aps972.duckdns.org\/en\/%f0%9f%8c%8d-que-faire-en-cas-de-seisme-a-lecole\/\" data-type=\"page\" data-id=\"457\">Quelle consigne adopter en cas de s\u00e9isme ?<\/a><\/td><\/tr><tr><td><a href=\"https:\/\/aps972.duckdns.org\/en\/que-faire-en-cas-de-brume-de-sable\/\" data-type=\"page\" data-id=\"416\">Que faire en cas de brume de sable ?<\/a><\/td><td><a href=\"https:\/\/aps972.duckdns.org\/en\/%f0%9f%94%a5-que-faire-en-cas-dincendie-a-lecole\/\" data-type=\"page\" data-id=\"455\">Quelle consigne adopter en cas d&rsquo;incendie ?<\/a><\/td><\/tr><tr><td><a href=\"https:\/\/aps972.duckdns.org\/en\/%f0%9f%90%ad%f0%9f%a6%87%f0%9f%9a%a8-que-faire-en-cas-de-presence-de-rongeurs-ou-de-chauve-souris-a-lecole\/\" data-type=\"page\" data-id=\"419\">Que faire en cas de pr\u00e9sence de rongeurs, ou chauve-souris ?<\/a><\/td><td><a href=\"https:\/\/aps972.duckdns.org\/wp-admin\/post.php?post=483&amp;action=edit\">Quelle consigne adopter en cas d&rsquo;attaque ?<\/a><\/td><\/tr><tr><td><a href=\"https:\/\/aps972.duckdns.org\/en\/%f0%9f%a6%9fque-faire-en-cas-dinvasion-de-moustiques\/\">Que faire en cas d&rsquo;invasion de moustiques ?<\/a><\/td><td><\/td><\/tr><tr><td><a href=\"https:\/\/aps972.duckdns.org\/en\/%f0%9f%8f%abqui-peut-decider-de-fermer-une-ecole\/\">Qui peut d\u00e9cider de fermer une \u00e9cole ?<\/a><\/td><td><a href=\"https:\/\/aps972.duckdns.org\/en\/le-sac-de-survie\/\" data-type=\"page\" data-id=\"388\">Pourquoi et comment constituer un sac de survie ?<\/a><\/td><\/tr><tr><td><a href=\"https:\/\/aps972.duckdns.org\/en\/%f0%9f%a9%ba-ou-trouver-un-defibrillateur\/\" data-type=\"page\" data-id=\"438\">O\u00f9 trouver un d\u00e9fibrillateur ?<\/a><\/td><td><a href=\"https:\/\/aps972.duckdns.org\/en\/%f0%9f%97%ba%ef%b8%8f-quelles-sont-les-communes-de-repli-en-cas-dactivite-volcanique\/\" data-type=\"page\" data-id=\"485\">Quelles sont les communes de replies en cas d&rsquo;activit\u00e9 volcanique ?<\/a><\/td><\/tr><tr><td><a href=\"https:\/\/aps972.duckdns.org\/en\/%f0%9f%92%93-quel-est-le-rythme-du-massage-cardiaque-%f0%9f%ab%80%e2%8f%b1%ef%b8%8f\/\">Quel est le rythme du massage cardiaque ?<\/a><\/td><td>Quelles sont les zones de regroupement en cas de tsunami ?<\/td><\/tr><tr><td><a href=\"https:\/\/aps972.duckdns.org\/en\/%e2%98%8e%ef%b8%8f-%f0%9f%93%9e%f0%9f%9a%a8quels-sont-les-numeros-durgence\/\">Quels sont les num\u00e9ros d&rsquo;urgence ?<\/a><\/td><td>Sc\u00e9narios lors des exercices (incendie, s\u00e9isme ou intrusion)<\/td><\/tr><tr><td><a href=\"https:\/\/aps972.duckdns.org\/wp-content\/uploads\/2025\/10\/reference-PPMS.pdf\">Quel est le texte de r\u00e9f\u00e9rence du PPMS ?<\/a><\/td><td><a href=\"https:\/\/aps972.duckdns.org\/en\/%f0%9f%9a%a8-que-faire-en-cas-de-violence-enfant-ou-adulte-fiche-sst\/\" data-type=\"page\" data-id=\"510\">Que faire en cas de violence enfant ou adulte (fiche SST)<\/a><\/td><\/tr><tr><td><a href=\"https:\/\/aps972.duckdns.org\/en\/%f0%9f%8c%8d-quel-est-le-bruit-dun-seisme\/\" data-type=\"page\" data-id=\"444\">Quel est le bruit d&rsquo;un s\u00e9isme ?<\/a><\/td><td><\/td><\/tr><tr><td><a href=\"https:\/\/aps972.duckdns.org\/en\/%f0%9f%9b%a0%ef%b8%8f-comment-preparer-une-commission-de-securite\/\" data-type=\"page\" data-id=\"476\">Comment pr\u00e9parer une commission de s\u00e9curit\u00e9 ?<\/a><\/td><td><\/td><\/tr><\/tbody><\/table><\/figure>\n\n\n\n<p><\/p>\n\n\n\n<p><\/p>","protected":false},"excerpt":{"rendered":"<p>Formulaires Formulaire PPMS vierge Formulaire DUER Fiche RETEX Fiche SST Affichage obligatoire Questions \/ R\u00e9ponses Que faire en cas de [&hellip;]<\/p>","protected":false},"author":1,"featured_media":0,"parent":0,"menu_order":0,"comment_status":"closed","ping_status":"closed","template":"","meta":{"site-sidebar-layout":"default","site-content-layout":"","ast-site-content-layout":"default","site-content-style":"default","site-sidebar-style":"default","ast-global-header-display":"","ast-banner-title-visibility":"","ast-main-header-display":"","ast-hfb-above-header-display":"","ast-hfb-below-header-display":"","ast-hfb-mobile-header-display":"","site-post-title":"","ast-breadcrumbs-content":"","ast-featured-img":"","footer-sml-layout":"","theme-transparent-header-meta":"","adv-header-id-meta":"","stick-header-meta":"","header-above-stick-meta":"","header-main-stick-meta":"","header-below-stick-meta":"","astra-migrate-meta-layouts":"default","ast-page-background-enabled":"default","ast-page-background-meta":{"desktop":{"background-color":"var(--ast-global-color-5)","background-image":"","background-repeat":"repeat","background-position":"center center","background-size":"auto","background-attachment":"scroll","background-type":"","background-media":"","overlay-type":"","overlay-color":"","overlay-opacity":"","overlay-gradient":""},"tablet":{"background-color":"","background-image":"","background-repeat":"repeat","background-position":"center center","background-size":"auto","background-attachment":"scroll","background-type":"","background-media":"","overlay-type":"","overlay-color":"","overlay-opacity":"","overlay-gradient":""},"mobile":{"background-color":"","background-image":"","background-repeat":"repeat","background-position":"center center","background-size":"auto","background-attachment":"scroll","background-type":"","background-media":"","overlay-type":"","overlay-color":"","overlay-opacity":"","overlay-gradient":""}},"ast-content-background-meta":{"desktop":{"background-color":"var(--ast-global-color-4)","background-image":"","background-repeat":"repeat","background-position":"center center","background-size":"auto","background-attachment":"scroll","background-type":"","background-media":"","overlay-type":"","overlay-color":"","overlay-opacity":"","overlay-gradient":""},"tablet":{"background-color":"var(--ast-global-color-4)","background-image":"","background-repeat":"repeat","background-position":"center center","background-size":"auto","background-attachment":"scroll","background-type":"","background-media":"","overlay-type":"","overlay-color":"","overlay-opacity":"","overlay-gradient":""},"mobile":{"background-color":"var(--ast-global-color-4)","background-image":"","background-repeat":"repeat","background-position":"center center","background-size":"auto","background-attachment":"scroll","background-type":"","background-media":"","overlay-type":"","overlay-color":"","overlay-opacity":"","overlay-gradient":""}},"footnotes":""},"class_list":["post-90","page","type-page","status-publish","hentry"],"yoast_head":"<!-- This site is optimized with the Yoast SEO plugin v26.3 - https:\/\/yoast.com\/wordpress\/plugins\/seo\/ -->\n<title>Assistant de pr\u00e9vention - APS972<\/title>\n<meta name=\"description\" content=\"R\u00e9pondre aux questions des enseignants et des directeurs face aux dangers risques naturels ou d&#039;attaque dans une \u00e9cole.\" \/>\n<meta name=\"robots\" content=\"index, follow, max-snippet:-1, max-image-preview:large, max-video-preview:-1\" \/>\n<link rel=\"canonical\" href=\"https:\/\/aps972.duckdns.org\/en\/assistant-de-prevention-et-formateur-psc\/\" \/>\n<meta property=\"og:locale\" content=\"en_GB\" \/>\n<meta property=\"og:type\" content=\"article\" \/>\n<meta property=\"og:title\" content=\"Assistant de pr\u00e9vention - APS972\" \/>\n<meta property=\"og:description\" content=\"R\u00e9pondre aux questions des enseignants et des directeurs face aux dangers risques naturels ou d&#039;attaque dans une \u00e9cole.\" \/>\n<meta property=\"og:url\" content=\"https:\/\/aps972.duckdns.org\/en\/assistant-de-prevention-et-formateur-psc\/\" \/>\n<meta property=\"og:site_name\" content=\"APS972\" \/>\n<meta property=\"article:modified_time\" content=\"2025-11-06T11:20:59+00:00\" \/>\n<meta property=\"og:image\" content=\"https:\/\/aps972.duckdns.org\/wp-content\/uploads\/2025\/10\/imageaps972.jpg\" \/>\n\t<meta property=\"og:image:width\" content=\"1883\" \/>\n\t<meta property=\"og:image:height\" content=\"839\" \/>\n\t<meta property=\"og:image:type\" content=\"image\/jpeg\" \/>\n<meta name=\"twitter:card\" content=\"summary_large_image\" \/>\n<meta name=\"twitter:label1\" content=\"Estimated reading time\" \/>\n\t<meta name=\"twitter:data1\" content=\"1 minute\" \/>\n<script type=\"application\/ld+json\" class=\"yoast-schema-graph\">{\"@context\":\"https:\/\/schema.org\",\"@graph\":[{\"@type\":\"WebPage\",\"@id\":\"https:\/\/aps972.duckdns.org\/assistant-de-prevention-et-formateur-psc\/\",\"url\":\"https:\/\/aps972.duckdns.org\/assistant-de-prevention-et-formateur-psc\/\",\"name\":\"Assistant de pr\u00e9vention - APS972\",\"isPartOf\":{\"@id\":\"https:\/\/aps972.duckdns.org\/#website\"},\"datePublished\":\"2025-10-13T00:53:05+00:00\",\"dateModified\":\"2025-11-06T11:20:59+00:00\",\"description\":\"R\u00e9pondre aux questions des enseignants et des directeurs face aux dangers risques naturels ou d'attaque dans une \u00e9cole.\",\"breadcrumb\":{\"@id\":\"https:\/\/aps972.duckdns.org\/assistant-de-prevention-et-formateur-psc\/#breadcrumb\"},\"inLanguage\":\"en-GB\",\"potentialAction\":[{\"@type\":\"ReadAction\",\"target\":[\"https:\/\/aps972.duckdns.org\/assistant-de-prevention-et-formateur-psc\/\"]}]},{\"@type\":\"BreadcrumbList\",\"@id\":\"https:\/\/aps972.duckdns.org\/assistant-de-prevention-et-formateur-psc\/#breadcrumb\",\"itemListElement\":[{\"@type\":\"ListItem\",\"position\":1,\"name\":\"Accueil\",\"item\":\"https:\/\/aps972.duckdns.org\/\"},{\"@type\":\"ListItem\",\"position\":2,\"name\":\"Assistant de pr\u00e9vention\"}]},{\"@type\":\"WebSite\",\"@id\":\"https:\/\/aps972.duckdns.org\/#website\",\"url\":\"https:\/\/aps972.duckdns.org\/\",\"name\":\"APS972\",\"description\":\"\",\"publisher\":{\"@id\":\"https:\/\/aps972.duckdns.org\/#organization\"},\"alternateName\":\"Apprendre \u00e0 porter secours Martinique\",\"potentialAction\":[{\"@type\":\"SearchAction\",\"target\":{\"@type\":\"EntryPoint\",\"urlTemplate\":\"https:\/\/aps972.duckdns.org\/?s={search_term_string}\"},\"query-input\":{\"@type\":\"PropertyValueSpecification\",\"valueRequired\":true,\"valueName\":\"search_term_string\"}}],\"inLanguage\":\"en-GB\"},{\"@type\":\"Organization\",\"@id\":\"https:\/\/aps972.duckdns.org\/#organization\",\"name\":\"APS972\",\"url\":\"https:\/\/aps972.duckdns.org\/\",\"logo\":{\"@type\":\"ImageObject\",\"inLanguage\":\"en-GB\",\"@id\":\"https:\/\/aps972.duckdns.org\/#\/schema\/logo\/image\/\",\"url\":\"https:\/\/aps972.duckdns.org\/wp-content\/uploads\/2025\/10\/imageAPS9720-1.png\",\"contentUrl\":\"https:\/\/aps972.duckdns.org\/wp-content\/uploads\/2025\/10\/imageAPS9720-1.png\",\"width\":1536,\"height\":1024,\"caption\":\"APS972\"},\"image\":{\"@id\":\"https:\/\/aps972.duckdns.org\/#\/schema\/logo\/image\/\"}}]}<\/script>\n<!-- \/ Yoast SEO plugin. -->","yoast_head_json":{"title":"Assistant de pr\u00e9vention - APS972","description":"R\u00e9pondre aux questions des enseignants et des directeurs face aux dangers risques naturels ou d'attaque dans une \u00e9cole.","robots":{"index":"index","follow":"follow","max-snippet":"max-snippet:-1","max-image-preview":"max-image-preview:large","max-video-preview":"max-video-preview:-1"},"canonical":"https:\/\/aps972.duckdns.org\/en\/assistant-de-prevention-et-formateur-psc\/","og_locale":"en_GB","og_type":"article","og_title":"Assistant de pr\u00e9vention - APS972","og_description":"R\u00e9pondre aux questions des enseignants et des directeurs face aux dangers risques naturels ou d'attaque dans une \u00e9cole.","og_url":"https:\/\/aps972.duckdns.org\/en\/assistant-de-prevention-et-formateur-psc\/","og_site_name":"APS972","article_modified_time":"2025-11-06T11:20:59+00:00","og_image":[{"width":1883,"height":839,"url":"https:\/\/aps972.duckdns.org\/wp-content\/uploads\/2025\/10\/imageaps972.jpg","type":"image\/jpeg"}],"twitter_card":"summary_large_image","twitter_misc":{"Estimated reading time":"1 minute"},"schema":{"@context":"https:\/\/schema.org","@graph":[{"@type":"WebPage","@id":"https:\/\/aps972.duckdns.org\/assistant-de-prevention-et-formateur-psc\/","url":"https:\/\/aps972.duckdns.org\/assistant-de-prevention-et-formateur-psc\/","name":"Assistant de pr\u00e9vention - APS972","isPartOf":{"@id":"https:\/\/aps972.duckdns.org\/#website"},"datePublished":"2025-10-13T00:53:05+00:00","dateModified":"2025-11-06T11:20:59+00:00","description":"R\u00e9pondre aux questions des enseignants et des directeurs face aux dangers risques naturels ou d'attaque dans une \u00e9cole.","breadcrumb":{"@id":"https:\/\/aps972.duckdns.org\/assistant-de-prevention-et-formateur-psc\/#breadcrumb"},"inLanguage":"en-GB","potentialAction":[{"@type":"ReadAction","target":["https:\/\/aps972.duckdns.org\/assistant-de-prevention-et-formateur-psc\/"]}]},{"@type":"BreadcrumbList","@id":"https:\/\/aps972.duckdns.org\/assistant-de-prevention-et-formateur-psc\/#breadcrumb","itemListElement":[{"@type":"ListItem","position":1,"name":"Accueil","item":"https:\/\/aps972.duckdns.org\/"},{"@type":"ListItem","position":2,"name":"Assistant de pr\u00e9vention"}]},{"@type":"WebSite","@id":"https:\/\/aps972.duckdns.org\/#website","url":"https:\/\/aps972.duckdns.org\/","name":"APS972","description":"","publisher":{"@id":"https:\/\/aps972.duckdns.org\/#organization"},"alternateName":"Apprendre \u00e0 porter secours Martinique","potentialAction":[{"@type":"SearchAction","target":{"@type":"EntryPoint","urlTemplate":"https:\/\/aps972.duckdns.org\/?s={search_term_string}"},"query-input":{"@type":"PropertyValueSpecification","valueRequired":true,"valueName":"search_term_string"}}],"inLanguage":"en-GB"},{"@type":"Organization","@id":"https:\/\/aps972.duckdns.org\/#organization","name":"APS972","url":"https:\/\/aps972.duckdns.org\/","logo":{"@type":"ImageObject","inLanguage":"en-GB","@id":"https:\/\/aps972.duckdns.org\/#\/schema\/logo\/image\/","url":"https:\/\/aps972.duckdns.org\/wp-content\/uploads\/2025\/10\/imageAPS9720-1.png","contentUrl":"https:\/\/aps972.duckdns.org\/wp-content\/uploads\/2025\/10\/imageAPS9720-1.png","width":1536,"height":1024,"caption":"APS972"},"image":{"@id":"https:\/\/aps972.duckdns.org\/#\/schema\/logo\/image\/"}}]}},"_links":{"self":[{"href":"https:\/\/aps972.duckdns.org\/en\/wp-json\/wp\/v2\/pages\/90","targetHints":{"allow":["GET"]}}],"collection":[{"href":"https:\/\/aps972.duckdns.org\/en\/wp-json\/wp\/v2\/pages"}],"about":[{"href":"https:\/\/aps972.duckdns.org\/en\/wp-json\/wp\/v2\/types\/page"}],"author":[{"embeddable":true,"href":"https:\/\/aps972.duckdns.org\/en\/wp-json\/wp\/v2\/users\/1"}],"replies":[{"embeddable":true,"href":"https:\/\/aps972.duckdns.org\/en\/wp-json\/wp\/v2\/comments?post=90"}],"version-history":[{"count":34,"href":"https:\/\/aps972.duckdns.org\/en\/wp-json\/wp\/v2\/pages\/90\/revisions"}],"predecessor-version":[{"id":572,"href":"https:\/\/aps972.duckdns.org\/en\/wp-json\/wp\/v2\/pages\/90\/revisions\/572"}],"wp:attachment":[{"href":"https:\/\/aps972.duckdns.org\/en\/wp-json\/wp\/v2\/media?parent=90"}],"curies":[{"name":"wp","href":"https:\/\/api.w.org\/{rel}","templated":true}]}}