{"id":92,"date":"2025-10-13T02:55:16","date_gmt":"2025-10-13T00:55:16","guid":{"rendered":"http:\/\/192.168.1.20:8086\/?page_id=92"},"modified":"2025-11-08T06:25:23","modified_gmt":"2025-11-08T10:25:23","slug":"temps-forts-de-lannee","status":"publish","type":"page","link":"https:\/\/aps972.duckdns.org\/en\/temps-forts-de-lannee\/","title":{"rendered":"Les \u00e9v\u00e9nements actuels dans le monde et aux Antilles"},"content":{"rendered":"<div class=\"wp-block-columns is-layout-flex wp-container-core-columns-is-layout-28f84493 wp-block-columns-is-layout-flex\">\n<div class=\"wp-block-column is-layout-flow wp-block-column-is-layout-flow\">\n<p class=\"has-text-align-center\">Suivre les catastrophes dans le monde  minute par minute.<\/p>\n\n\n\n<p class=\"has-text-align-center\"><a href=\"https:\/\/www.catnat.net\/veille-catastrophes-naturelles\/veille-des-catastrophes-naturelles\/archive-des-catastrophes\/223-cyclones-et-tempetes-tropicales-monde\/32927-la-tempete-tropicale-bret-affecte-la-martinique-et-sainte-lucie\" target=\"_blank\" rel=\"noreferrer noopener\">Site CATNAT<\/a><\/p>\n\n\n\n<figure class=\"wp-block-image size-large\"><a href=\"https:\/\/www.catnat.net\/veille-catastrophes-naturelles\/veille-des-catastrophes-naturelles\/archive-des-catastrophes\/223-cyclones-et-tempetes-tropicales-monde\/32927-la-tempete-tropicale-bret-affecte-la-martinique-et-sainte-lucie\" target=\"_blank\" rel=\" noreferrer noopener\"><img loading=\"lazy\" decoding=\"async\" width=\"1024\" height=\"718\" src=\"https:\/\/aps972.duckdns.org\/wp-content\/uploads\/2025\/10\/CATNAT-1024x718.png\" alt=\"\" class=\"wp-image-126\" srcset=\"https:\/\/aps972.duckdns.org\/wp-content\/uploads\/2025\/10\/CATNAT-1024x718.png 1024w, https:\/\/aps972.duckdns.org\/wp-content\/uploads\/2025\/10\/CATNAT-300x210.png 300w, https:\/\/aps972.duckdns.org\/wp-content\/uploads\/2025\/10\/CATNAT-768x539.png 768w, https:\/\/aps972.duckdns.org\/wp-content\/uploads\/2025\/10\/CATNAT.png 1245w\" sizes=\"auto, (max-width: 1024px) 100vw, 1024px\" \/><\/a><\/figure>\n<\/div>\n\n\n\n<div class=\"wp-block-column is-layout-flow wp-block-column-is-layout-flow\">\n<p class=\"has-text-align-center\">Suivre sp\u00e9cialement les s\u00e9ismes et des volcans minute par minute.<\/p>\n\n\n\n<p class=\"has-text-align-center\"><a href=\"https:\/\/www.volcanoesandearthquakes.com\/map\/Caribbean\" target=\"_blank\" rel=\"noreferrer noopener\">Volcanoes &amp; Earth<\/a><\/p>\n\n\n\n<figure class=\"wp-block-image size-large is-resized\"><a href=\"https:\/\/www.volcanoesandearthquakes.com\/map\/Caribbean\" target=\"_blank\" rel=\" noreferrer noopener\"><img loading=\"lazy\" decoding=\"async\" width=\"1024\" height=\"860\" src=\"https:\/\/aps972.duckdns.org\/wp-content\/uploads\/2025\/10\/Volcanoes-1024x860.png\" alt=\"\" class=\"wp-image-127\" style=\"width:283px;height:auto\" srcset=\"https:\/\/aps972.duckdns.org\/wp-content\/uploads\/2025\/10\/Volcanoes-1024x860.png 1024w, https:\/\/aps972.duckdns.org\/wp-content\/uploads\/2025\/10\/Volcanoes-300x252.png 300w, https:\/\/aps972.duckdns.org\/wp-content\/uploads\/2025\/10\/Volcanoes-768x645.png 768w, https:\/\/aps972.duckdns.org\/wp-content\/uploads\/2025\/10\/Volcanoes.png 1040w\" sizes=\"auto, (max-width: 1024px) 100vw, 1024px\" \/><\/a><\/figure>\n<\/div>\n\n\n\n<div class=\"wp-block-column is-layout-flow wp-block-column-is-layout-flow\">\n<p class=\"has-text-align-center\">Suivre sp\u00e9cialement la m\u00e9t\u00e9o du monde minute par minute. <\/p>\n\n\n\n<p class=\"has-text-align-center\"><a href=\"https:\/\/www.windy.com\/?14.608,-61.073,5\" target=\"_blank\" rel=\"noreferrer noopener\">Wyndi<\/a><\/p>\n\n\n\n<figure class=\"wp-block-image size-large is-resized\"><a href=\"https:\/\/www.windy.com\/?14.608,-61.073,5\" target=\"_blank\" rel=\" noreferrer noopener\"><img loading=\"lazy\" decoding=\"async\" width=\"1024\" height=\"822\" src=\"https:\/\/aps972.duckdns.org\/wp-content\/uploads\/2025\/10\/wyndi-1024x822.png\" alt=\"\" class=\"wp-image-128\" style=\"width:293px;height:auto\" srcset=\"https:\/\/aps972.duckdns.org\/wp-content\/uploads\/2025\/10\/wyndi-1024x822.png 1024w, https:\/\/aps972.duckdns.org\/wp-content\/uploads\/2025\/10\/wyndi-300x241.png 300w, https:\/\/aps972.duckdns.org\/wp-content\/uploads\/2025\/10\/wyndi-768x616.png 768w, https:\/\/aps972.duckdns.org\/wp-content\/uploads\/2025\/10\/wyndi.png 1105w\" sizes=\"auto, (max-width: 1024px) 100vw, 1024px\" \/><\/a><\/figure>\n<\/div>\n<\/div>\n\n\n\n<div class=\"wp-block-columns is-layout-flex wp-container-core-columns-is-layout-28f84493 wp-block-columns-is-layout-flex\">\n<div class=\"wp-block-column is-layout-flow wp-block-column-is-layout-flow\">\n<p class=\"has-text-align-center\">Observatoire Volcanologique et Sismologique de Martinique<\/p>\n\n\n\n<p class=\"has-text-align-center\"><a href=\"https:\/\/www.observatoire-des-territoires.gouv.fr\/partenaires\/observatoire-volcanologique-et-sismologique-de-martinique-ovsm\" target=\"_blank\" rel=\"noreferrer noopener\">OVSM<\/a><\/p>\n\n\n\n<figure class=\"wp-block-image size-large\"><a href=\"https:\/\/www.observatoire-des-territoires.gouv.fr\/partenaires\/observatoire-volcanologique-et-sismologique-de-martinique-ovsm\" target=\"_blank\" rel=\" noreferrer noopener\"><img loading=\"lazy\" decoding=\"async\" width=\"1024\" height=\"825\" src=\"https:\/\/aps972.duckdns.org\/wp-content\/uploads\/2025\/10\/OVSM-1024x825.png\" alt=\"\" class=\"wp-image-124\" srcset=\"https:\/\/aps972.duckdns.org\/wp-content\/uploads\/2025\/10\/OVSM-1024x825.png 1024w, https:\/\/aps972.duckdns.org\/wp-content\/uploads\/2025\/10\/OVSM-300x242.png 300w, https:\/\/aps972.duckdns.org\/wp-content\/uploads\/2025\/10\/OVSM-768x619.png 768w, https:\/\/aps972.duckdns.org\/wp-content\/uploads\/2025\/10\/OVSM.png 1084w\" sizes=\"auto, (max-width: 1024px) 100vw, 1024px\" \/><\/a><\/figure>\n<\/div>\n\n\n\n<div class=\"wp-block-column is-layout-flow wp-block-column-is-layout-flow\">\n<p class=\"has-text-align-center\">Suivre la pollution de l&rsquo;air et des sargasses<\/p>\n\n\n\n<p class=\"has-text-align-center\"><a href=\"https:\/\/madininair.fr\/\" target=\"_blank\" rel=\"noreferrer noopener\">Madininair<\/a><\/p>\n\n\n\n<figure class=\"wp-block-image size-large\"><a href=\"https:\/\/madininair.fr\/\" target=\"_blank\" rel=\" noreferrer noopener\"><img loading=\"lazy\" decoding=\"async\" width=\"1024\" height=\"825\" src=\"https:\/\/aps972.duckdns.org\/wp-content\/uploads\/2025\/10\/madiniair-1024x825.png\" alt=\"\" class=\"wp-image-123\" srcset=\"https:\/\/aps972.duckdns.org\/wp-content\/uploads\/2025\/10\/madiniair-1024x825.png 1024w, https:\/\/aps972.duckdns.org\/wp-content\/uploads\/2025\/10\/madiniair-300x242.png 300w, https:\/\/aps972.duckdns.org\/wp-content\/uploads\/2025\/10\/madiniair-768x619.png 768w, https:\/\/aps972.duckdns.org\/wp-content\/uploads\/2025\/10\/madiniair.png 1031w\" sizes=\"auto, (max-width: 1024px) 100vw, 1024px\" \/><\/a><\/figure>\n<\/div>\n\n\n\n<div class=\"wp-block-column is-layout-flow wp-block-column-is-layout-flow\">\n<p>Suivre la m\u00e9t\u00e9o de notre territoire<\/p>\n\n\n\n<p class=\"has-text-align-center\"><a href=\"https:\/\/meteofrance.mq\/fr\" target=\"_blank\" rel=\"noreferrer noopener\">M\u00e9t\u00e9o France<\/a><\/p>\n\n\n\n<figure class=\"wp-block-image size-full\"><a href=\"https:\/\/meteofrance.mq\/fr\" target=\"_blank\" rel=\" noreferrer noopener\"><img loading=\"lazy\" decoding=\"async\" width=\"845\" height=\"765\" src=\"https:\/\/aps972.duckdns.org\/wp-content\/uploads\/2025\/10\/meteofrance.png\" alt=\"\" class=\"wp-image-122\" srcset=\"https:\/\/aps972.duckdns.org\/wp-content\/uploads\/2025\/10\/meteofrance.png 845w, https:\/\/aps972.duckdns.org\/wp-content\/uploads\/2025\/10\/meteofrance-300x272.png 300w, https:\/\/aps972.duckdns.org\/wp-content\/uploads\/2025\/10\/meteofrance-768x695.png 768w\" sizes=\"auto, (max-width: 845px) 100vw, 845px\" \/><\/a><\/figure>\n<\/div>\n<\/div>\n\n\n\n<p>Ev\u00e9nement actuels et pass\u00e9s marquants dans la Cara\u00efbe voir les documents de M. Comartin <\/p>\n\n\n\n<div class=\"wp-block-columns is-layout-flex wp-container-core-columns-is-layout-28f84493 wp-block-columns-is-layout-flex\">\n<div class=\"wp-block-column is-layout-flow wp-block-column-is-layout-flow\">\n<p><a href=\"https:\/\/aps972.duckdns.org\/en\/seisme-caraibe\/\">S\u00e9ismes dans la Caraibe<\/a><\/p>\n<\/div>\n\n\n\n<div class=\"wp-block-column is-layout-flow wp-block-column-is-layout-flow\"><\/div>\n<\/div>","protected":false},"excerpt":{"rendered":"<p>Suivre les catastrophes dans le monde minute par minute. Site CATNAT Suivre sp\u00e9cialement les s\u00e9ismes et des volcans minute par [&hellip;]<\/p>","protected":false},"author":1,"featured_media":0,"parent":0,"menu_order":0,"comment_status":"closed","ping_status":"closed","template":"","meta":{"site-sidebar-layout":"default","site-content-layout":"","ast-site-content-layout":"default","site-content-style":"default","site-sidebar-style":"default","ast-global-header-display":"","ast-banner-title-visibility":"","ast-main-header-display":"","ast-hfb-above-header-display":"","ast-hfb-below-header-display":"","ast-hfb-mobile-header-display":"","site-post-title":"","ast-breadcrumbs-content":"","ast-featured-img":"","footer-sml-layout":"","theme-transparent-header-meta":"","adv-header-id-meta":"","stick-header-meta":"","header-above-stick-meta":"","header-main-stick-meta":"","header-below-stick-meta":"","astra-migrate-meta-layouts":"default","ast-page-background-enabled":"default","ast-page-background-meta":{"desktop":{"background-color":"var(--ast-global-color-5)","background-image":"","background-repeat":"repeat","background-position":"center center","background-size":"auto","background-attachment":"scroll","background-type":"","background-media":"","overlay-type":"","overlay-color":"","overlay-opacity":"","overlay-gradient":""},"tablet":{"background-color":"","background-image":"","background-repeat":"repeat","background-position":"center center","background-size":"auto","background-attachment":"scroll","background-type":"","background-media":"","overlay-type":"","overlay-color":"","overlay-opacity":"","overlay-gradient":""},"mobile":{"background-color":"","background-image":"","background-repeat":"repeat","background-position":"center center","background-size":"auto","background-attachment":"scroll","background-type":"","background-media":"","overlay-type":"","overlay-color":"","overlay-opacity":"","overlay-gradient":""}},"ast-content-background-meta":{"desktop":{"background-color":"var(--ast-global-color-4)","background-image":"","background-repeat":"repeat","background-position":"center center","background-size":"auto","background-attachment":"scroll","background-type":"","background-media":"","overlay-type":"","overlay-color":"","overlay-opacity":"","overlay-gradient":""},"tablet":{"background-color":"var(--ast-global-color-4)","background-image":"","background-repeat":"repeat","background-position":"center center","background-size":"auto","background-attachment":"scroll","background-type":"","background-media":"","overlay-type":"","overlay-color":"","overlay-opacity":"","overlay-gradient":""},"mobile":{"background-color":"var(--ast-global-color-4)","background-image":"","background-repeat":"repeat","background-position":"center center","background-size":"auto","background-attachment":"scroll","background-type":"","background-media":"","overlay-type":"","overlay-color":"","overlay-opacity":"","overlay-gradient":""}},"footnotes":""},"class_list":["post-92","page","type-page","status-publish","hentry"],"yoast_head":"<!-- This site is optimized with the Yoast SEO plugin v26.3 - https:\/\/yoast.com\/wordpress\/plugins\/seo\/ -->\n<title>Les \u00e9v\u00e9nements actuels dans le monde et aux Antilles - APS972<\/title>\n<meta name=\"robots\" content=\"index, follow, max-snippet:-1, max-image-preview:large, max-video-preview:-1\" \/>\n<link rel=\"canonical\" href=\"https:\/\/aps972.duckdns.org\/en\/temps-forts-de-lannee\/\" \/>\n<meta property=\"og:locale\" content=\"en_GB\" \/>\n<meta property=\"og:type\" content=\"article\" \/>\n<meta property=\"og:title\" content=\"Les \u00e9v\u00e9nements actuels dans le monde et aux Antilles - APS972\" \/>\n<meta property=\"og:description\" content=\"Suivre les catastrophes dans le monde minute par minute. Site CATNAT Suivre sp\u00e9cialement les s\u00e9ismes et des volcans minute par [&hellip;]\" \/>\n<meta property=\"og:url\" content=\"https:\/\/aps972.duckdns.org\/en\/temps-forts-de-lannee\/\" \/>\n<meta property=\"og:site_name\" content=\"APS972\" \/>\n<meta property=\"article:modified_time\" content=\"2025-11-08T10:25:23+00:00\" \/>\n<meta property=\"og:image\" content=\"https:\/\/aps972.duckdns.org\/wp-content\/uploads\/2025\/10\/CATNAT.png\" \/>\n\t<meta property=\"og:image:width\" content=\"1245\" \/>\n\t<meta property=\"og:image:height\" content=\"873\" \/>\n\t<meta property=\"og:image:type\" content=\"image\/png\" \/>\n<meta name=\"twitter:card\" content=\"summary_large_image\" \/>\n<meta name=\"twitter:label1\" content=\"Estimated reading time\" \/>\n\t<meta name=\"twitter:data1\" content=\"2 minutes\" \/>\n<script type=\"application\/ld+json\" class=\"yoast-schema-graph\">{\"@context\":\"https:\/\/schema.org\",\"@graph\":[{\"@type\":\"WebPage\",\"@id\":\"https:\/\/aps972.duckdns.org\/temps-forts-de-lannee\/\",\"url\":\"https:\/\/aps972.duckdns.org\/temps-forts-de-lannee\/\",\"name\":\"Les \u00e9v\u00e9nements actuels dans le monde et aux Antilles - APS972\",\"isPartOf\":{\"@id\":\"https:\/\/aps972.duckdns.org\/#website\"},\"primaryImageOfPage\":{\"@id\":\"https:\/\/aps972.duckdns.org\/temps-forts-de-lannee\/#primaryimage\"},\"image\":{\"@id\":\"https:\/\/aps972.duckdns.org\/temps-forts-de-lannee\/#primaryimage\"},\"thumbnailUrl\":\"https:\/\/aps972.duckdns.org\/wp-content\/uploads\/2025\/10\/CATNAT-1024x718.png\",\"datePublished\":\"2025-10-13T00:55:16+00:00\",\"dateModified\":\"2025-11-08T10:25:23+00:00\",\"breadcrumb\":{\"@id\":\"https:\/\/aps972.duckdns.org\/temps-forts-de-lannee\/#breadcrumb\"},\"inLanguage\":\"en-GB\",\"potentialAction\":[{\"@type\":\"ReadAction\",\"target\":[\"https:\/\/aps972.duckdns.org\/temps-forts-de-lannee\/\"]}]},{\"@type\":\"ImageObject\",\"inLanguage\":\"en-GB\",\"@id\":\"https:\/\/aps972.duckdns.org\/temps-forts-de-lannee\/#primaryimage\",\"url\":\"https:\/\/aps972.duckdns.org\/wp-content\/uploads\/2025\/10\/CATNAT-1024x718.png\",\"contentUrl\":\"https:\/\/aps972.duckdns.org\/wp-content\/uploads\/2025\/10\/CATNAT-1024x718.png\"},{\"@type\":\"BreadcrumbList\",\"@id\":\"https:\/\/aps972.duckdns.org\/temps-forts-de-lannee\/#breadcrumb\",\"itemListElement\":[{\"@type\":\"ListItem\",\"position\":1,\"name\":\"Accueil\",\"item\":\"https:\/\/aps972.duckdns.org\/\"},{\"@type\":\"ListItem\",\"position\":2,\"name\":\"Les \u00e9v\u00e9nements actuels dans le monde et aux Antilles\"}]},{\"@type\":\"WebSite\",\"@id\":\"https:\/\/aps972.duckdns.org\/#website\",\"url\":\"https:\/\/aps972.duckdns.org\/\",\"name\":\"APS972\",\"description\":\"\",\"publisher\":{\"@id\":\"https:\/\/aps972.duckdns.org\/#organization\"},\"alternateName\":\"Apprendre \u00e0 porter secours Martinique\",\"potentialAction\":[{\"@type\":\"SearchAction\",\"target\":{\"@type\":\"EntryPoint\",\"urlTemplate\":\"https:\/\/aps972.duckdns.org\/?s={search_term_string}\"},\"query-input\":{\"@type\":\"PropertyValueSpecification\",\"valueRequired\":true,\"valueName\":\"search_term_string\"}}],\"inLanguage\":\"en-GB\"},{\"@type\":\"Organization\",\"@id\":\"https:\/\/aps972.duckdns.org\/#organization\",\"name\":\"APS972\",\"url\":\"https:\/\/aps972.duckdns.org\/\",\"logo\":{\"@type\":\"ImageObject\",\"inLanguage\":\"en-GB\",\"@id\":\"https:\/\/aps972.duckdns.org\/#\/schema\/logo\/image\/\",\"url\":\"https:\/\/aps972.duckdns.org\/wp-content\/uploads\/2025\/10\/imageAPS9720-1.png\",\"contentUrl\":\"https:\/\/aps972.duckdns.org\/wp-content\/uploads\/2025\/10\/imageAPS9720-1.png\",\"width\":1536,\"height\":1024,\"caption\":\"APS972\"},\"image\":{\"@id\":\"https:\/\/aps972.duckdns.org\/#\/schema\/logo\/image\/\"}}]}<\/script>\n<!-- \/ Yoast SEO plugin. -->","yoast_head_json":{"title":"Les \u00e9v\u00e9nements actuels dans le monde et aux Antilles - APS972","robots":{"index":"index","follow":"follow","max-snippet":"max-snippet:-1","max-image-preview":"max-image-preview:large","max-video-preview":"max-video-preview:-1"},"canonical":"https:\/\/aps972.duckdns.org\/en\/temps-forts-de-lannee\/","og_locale":"en_GB","og_type":"article","og_title":"Les \u00e9v\u00e9nements actuels dans le monde et aux Antilles - APS972","og_description":"Suivre les catastrophes dans le monde minute par minute. Site CATNAT Suivre sp\u00e9cialement les s\u00e9ismes et des volcans minute par [&hellip;]","og_url":"https:\/\/aps972.duckdns.org\/en\/temps-forts-de-lannee\/","og_site_name":"APS972","article_modified_time":"2025-11-08T10:25:23+00:00","og_image":[{"width":1245,"height":873,"url":"https:\/\/aps972.duckdns.org\/wp-content\/uploads\/2025\/10\/CATNAT.png","type":"image\/png"}],"twitter_card":"summary_large_image","twitter_misc":{"Estimated reading time":"2 minutes"},"schema":{"@context":"https:\/\/schema.org","@graph":[{"@type":"WebPage","@id":"https:\/\/aps972.duckdns.org\/temps-forts-de-lannee\/","url":"https:\/\/aps972.duckdns.org\/temps-forts-de-lannee\/","name":"Les \u00e9v\u00e9nements actuels dans le monde et aux Antilles - APS972","isPartOf":{"@id":"https:\/\/aps972.duckdns.org\/#website"},"primaryImageOfPage":{"@id":"https:\/\/aps972.duckdns.org\/temps-forts-de-lannee\/#primaryimage"},"image":{"@id":"https:\/\/aps972.duckdns.org\/temps-forts-de-lannee\/#primaryimage"},"thumbnailUrl":"https:\/\/aps972.duckdns.org\/wp-content\/uploads\/2025\/10\/CATNAT-1024x718.png","datePublished":"2025-10-13T00:55:16+00:00","dateModified":"2025-11-08T10:25:23+00:00","breadcrumb":{"@id":"https:\/\/aps972.duckdns.org\/temps-forts-de-lannee\/#breadcrumb"},"inLanguage":"en-GB","potentialAction":[{"@type":"ReadAction","target":["https:\/\/aps972.duckdns.org\/temps-forts-de-lannee\/"]}]},{"@type":"ImageObject","inLanguage":"en-GB","@id":"https:\/\/aps972.duckdns.org\/temps-forts-de-lannee\/#primaryimage","url":"https:\/\/aps972.duckdns.org\/wp-content\/uploads\/2025\/10\/CATNAT-1024x718.png","contentUrl":"https:\/\/aps972.duckdns.org\/wp-content\/uploads\/2025\/10\/CATNAT-1024x718.png"},{"@type":"BreadcrumbList","@id":"https:\/\/aps972.duckdns.org\/temps-forts-de-lannee\/#breadcrumb","itemListElement":[{"@type":"ListItem","position":1,"name":"Accueil","item":"https:\/\/aps972.duckdns.org\/"},{"@type":"ListItem","position":2,"name":"Les \u00e9v\u00e9nements actuels dans le monde et aux Antilles"}]},{"@type":"WebSite","@id":"https:\/\/aps972.duckdns.org\/#website","url":"https:\/\/aps972.duckdns.org\/","name":"APS972","description":"","publisher":{"@id":"https:\/\/aps972.duckdns.org\/#organization"},"alternateName":"Apprendre \u00e0 porter secours Martinique","potentialAction":[{"@type":"SearchAction","target":{"@type":"EntryPoint","urlTemplate":"https:\/\/aps972.duckdns.org\/?s={search_term_string}"},"query-input":{"@type":"PropertyValueSpecification","valueRequired":true,"valueName":"search_term_string"}}],"inLanguage":"en-GB"},{"@type":"Organization","@id":"https:\/\/aps972.duckdns.org\/#organization","name":"APS972","url":"https:\/\/aps972.duckdns.org\/","logo":{"@type":"ImageObject","inLanguage":"en-GB","@id":"https:\/\/aps972.duckdns.org\/#\/schema\/logo\/image\/","url":"https:\/\/aps972.duckdns.org\/wp-content\/uploads\/2025\/10\/imageAPS9720-1.png","contentUrl":"https:\/\/aps972.duckdns.org\/wp-content\/uploads\/2025\/10\/imageAPS9720-1.png","width":1536,"height":1024,"caption":"APS972"},"image":{"@id":"https:\/\/aps972.duckdns.org\/#\/schema\/logo\/image\/"}}]}},"_links":{"self":[{"href":"https:\/\/aps972.duckdns.org\/en\/wp-json\/wp\/v2\/pages\/92","targetHints":{"allow":["GET"]}}],"collection":[{"href":"https:\/\/aps972.duckdns.org\/en\/wp-json\/wp\/v2\/pages"}],"about":[{"href":"https:\/\/aps972.duckdns.org\/en\/wp-json\/wp\/v2\/types\/page"}],"author":[{"embeddable":true,"href":"https:\/\/aps972.duckdns.org\/en\/wp-json\/wp\/v2\/users\/1"}],"replies":[{"embeddable":true,"href":"https:\/\/aps972.duckdns.org\/en\/wp-json\/wp\/v2\/comments?post=92"}],"version-history":[{"count":17,"href":"https:\/\/aps972.duckdns.org\/en\/wp-json\/wp\/v2\/pages\/92\/revisions"}],"predecessor-version":[{"id":577,"href":"https:\/\/aps972.duckdns.org\/en\/wp-json\/wp\/v2\/pages\/92\/revisions\/577"}],"wp:attachment":[{"href":"https:\/\/aps972.duckdns.org\/en\/wp-json\/wp\/v2\/media?parent=92"}],"curies":[{"name":"wp","href":"https:\/\/api.w.org\/{rel}","templated":true}]}}