{"id":95,"date":"2025-10-14T12:03:51","date_gmt":"2025-10-14T10:03:51","guid":{"rendered":"http:\/\/192.168.1.20:8086\/?page_id=95"},"modified":"2025-10-14T13:11:53","modified_gmt":"2025-10-14T11:11:53","slug":"les-risques-majeurs-industriels-en-martinique-carte","status":"publish","type":"page","link":"https:\/\/aps972.duckdns.org\/en\/les-risques-majeurs-industriels-en-martinique-carte\/","title":{"rendered":"Les risques majeurs industriels SEVESO en Martinique (carte)"},"content":{"rendered":"<iframe loading=\"lazy\" src=\"https:\/\/ton-site.fr\/wp-content\/uploads\/cartes\/carte_martinique_seveso_icpe_embed.html\"\n        width=\"100%\" height=\"640\" style=\"border:0\"><\/iframe>\n\n\n\n\n\n<h3 class=\"wp-block-heading\">L\u00e9gende &amp; comportements<\/h3>\n\n\n\n<ul class=\"wp-block-list\">\n<li>\ud83d\udd34 <strong>SEVESO SH<\/strong> (rouge), \ud83d\udfe1 <strong>SEVESO SB<\/strong> (jaune), \ud83d\udd35 <strong>ICPE non-SEVESO<\/strong> (r\u00e9serv\u00e9, non rempli par d\u00e9faut).<\/li>\n<\/ul>","protected":false},"excerpt":{"rendered":"<p>L\u00e9gende &amp; comportements<\/p>","protected":false},"author":1,"featured_media":0,"parent":0,"menu_order":0,"comment_status":"closed","ping_status":"closed","template":"","meta":{"site-sidebar-layout":"default","site-content-layout":"","ast-site-content-layout":"default","site-content-style":"default","site-sidebar-style":"default","ast-global-header-display":"","ast-banner-title-visibility":"","ast-main-header-display":"","ast-hfb-above-header-display":"","ast-hfb-below-header-display":"","ast-hfb-mobile-header-display":"","site-post-title":"","ast-breadcrumbs-content":"","ast-featured-img":"","footer-sml-layout":"","theme-transparent-header-meta":"","adv-header-id-meta":"","stick-header-meta":"","header-above-stick-meta":"","header-main-stick-meta":"","header-below-stick-meta":"","astra-migrate-meta-layouts":"default","ast-page-background-enabled":"default","ast-page-background-meta":{"desktop":{"background-color":"var(--ast-global-color-5)","background-image":"","background-repeat":"repeat","background-position":"center center","background-size":"auto","background-attachment":"scroll","background-type":"","background-media":"","overlay-type":"","overlay-color":"","overlay-opacity":"","overlay-gradient":""},"tablet":{"background-color":"","background-image":"","background-repeat":"repeat","background-position":"center center","background-size":"auto","background-attachment":"scroll","background-type":"","background-media":"","overlay-type":"","overlay-color":"","overlay-opacity":"","overlay-gradient":""},"mobile":{"background-color":"","background-image":"","background-repeat":"repeat","background-position":"center center","background-size":"auto","background-attachment":"scroll","background-type":"","background-media":"","overlay-type":"","overlay-color":"","overlay-opacity":"","overlay-gradient":""}},"ast-content-background-meta":{"desktop":{"background-color":"var(--ast-global-color-4)","background-image":"","background-repeat":"repeat","background-position":"center center","background-size":"auto","background-attachment":"scroll","background-type":"","background-media":"","overlay-type":"","overlay-color":"","overlay-opacity":"","overlay-gradient":""},"tablet":{"background-color":"var(--ast-global-color-4)","background-image":"","background-repeat":"repeat","background-position":"center center","background-size":"auto","background-attachment":"scroll","background-type":"","background-media":"","overlay-type":"","overlay-color":"","overlay-opacity":"","overlay-gradient":""},"mobile":{"background-color":"var(--ast-global-color-4)","background-image":"","background-repeat":"repeat","background-position":"center center","background-size":"auto","background-attachment":"scroll","background-type":"","background-media":"","overlay-type":"","overlay-color":"","overlay-opacity":"","overlay-gradient":""}},"footnotes":""},"class_list":["post-95","page","type-page","status-publish","hentry"],"yoast_head":"<!-- This site is optimized with the Yoast SEO plugin v26.3 - https:\/\/yoast.com\/wordpress\/plugins\/seo\/ -->\n<title>Les risques majeurs industriels SEVESO en Martinique (carte) - APS972<\/title>\n<meta name=\"robots\" content=\"index, follow, max-snippet:-1, max-image-preview:large, max-video-preview:-1\" \/>\n<link rel=\"canonical\" href=\"https:\/\/aps972.duckdns.org\/en\/les-risques-majeurs-industriels-en-martinique-carte\/\" \/>\n<meta property=\"og:locale\" content=\"en_GB\" \/>\n<meta property=\"og:type\" content=\"article\" \/>\n<meta property=\"og:title\" content=\"Les risques majeurs industriels SEVESO en Martinique (carte) - APS972\" \/>\n<meta property=\"og:description\" content=\"L\u00e9gende &amp; comportements\" \/>\n<meta property=\"og:url\" content=\"https:\/\/aps972.duckdns.org\/en\/les-risques-majeurs-industriels-en-martinique-carte\/\" \/>\n<meta property=\"og:site_name\" content=\"APS972\" \/>\n<meta property=\"article:modified_time\" content=\"2025-10-14T11:11:53+00:00\" \/>\n<meta property=\"og:image\" content=\"https:\/\/aps972.duckdns.org\/wp-content\/uploads\/2025\/10\/imageaps972.jpg\" \/>\n\t<meta property=\"og:image:width\" content=\"1883\" \/>\n\t<meta property=\"og:image:height\" content=\"839\" \/>\n\t<meta property=\"og:image:type\" content=\"image\/jpeg\" \/>\n<meta name=\"twitter:card\" content=\"summary_large_image\" \/>\n<script type=\"application\/ld+json\" class=\"yoast-schema-graph\">{\"@context\":\"https:\/\/schema.org\",\"@graph\":[{\"@type\":\"WebPage\",\"@id\":\"https:\/\/aps972.duckdns.org\/les-risques-majeurs-industriels-en-martinique-carte\/\",\"url\":\"https:\/\/aps972.duckdns.org\/les-risques-majeurs-industriels-en-martinique-carte\/\",\"name\":\"Les risques majeurs industriels SEVESO en Martinique (carte) - APS972\",\"isPartOf\":{\"@id\":\"https:\/\/aps972.duckdns.org\/#website\"},\"datePublished\":\"2025-10-14T10:03:51+00:00\",\"dateModified\":\"2025-10-14T11:11:53+00:00\",\"breadcrumb\":{\"@id\":\"https:\/\/aps972.duckdns.org\/les-risques-majeurs-industriels-en-martinique-carte\/#breadcrumb\"},\"inLanguage\":\"en-GB\",\"potentialAction\":[{\"@type\":\"ReadAction\",\"target\":[\"https:\/\/aps972.duckdns.org\/les-risques-majeurs-industriels-en-martinique-carte\/\"]}]},{\"@type\":\"BreadcrumbList\",\"@id\":\"https:\/\/aps972.duckdns.org\/les-risques-majeurs-industriels-en-martinique-carte\/#breadcrumb\",\"itemListElement\":[{\"@type\":\"ListItem\",\"position\":1,\"name\":\"Accueil\",\"item\":\"https:\/\/aps972.duckdns.org\/\"},{\"@type\":\"ListItem\",\"position\":2,\"name\":\"Les risques majeurs industriels SEVESO en Martinique (carte)\"}]},{\"@type\":\"WebSite\",\"@id\":\"https:\/\/aps972.duckdns.org\/#website\",\"url\":\"https:\/\/aps972.duckdns.org\/\",\"name\":\"APS972\",\"description\":\"\",\"publisher\":{\"@id\":\"https:\/\/aps972.duckdns.org\/#organization\"},\"alternateName\":\"Apprendre \u00e0 porter secours Martinique\",\"potentialAction\":[{\"@type\":\"SearchAction\",\"target\":{\"@type\":\"EntryPoint\",\"urlTemplate\":\"https:\/\/aps972.duckdns.org\/?s={search_term_string}\"},\"query-input\":{\"@type\":\"PropertyValueSpecification\",\"valueRequired\":true,\"valueName\":\"search_term_string\"}}],\"inLanguage\":\"en-GB\"},{\"@type\":\"Organization\",\"@id\":\"https:\/\/aps972.duckdns.org\/#organization\",\"name\":\"APS972\",\"url\":\"https:\/\/aps972.duckdns.org\/\",\"logo\":{\"@type\":\"ImageObject\",\"inLanguage\":\"en-GB\",\"@id\":\"https:\/\/aps972.duckdns.org\/#\/schema\/logo\/image\/\",\"url\":\"https:\/\/aps972.duckdns.org\/wp-content\/uploads\/2025\/10\/imageAPS9720-1.png\",\"contentUrl\":\"https:\/\/aps972.duckdns.org\/wp-content\/uploads\/2025\/10\/imageAPS9720-1.png\",\"width\":1536,\"height\":1024,\"caption\":\"APS972\"},\"image\":{\"@id\":\"https:\/\/aps972.duckdns.org\/#\/schema\/logo\/image\/\"}}]}<\/script>\n<!-- \/ Yoast SEO plugin. -->","yoast_head_json":{"title":"Les risques majeurs industriels SEVESO en Martinique (carte) - APS972","robots":{"index":"index","follow":"follow","max-snippet":"max-snippet:-1","max-image-preview":"max-image-preview:large","max-video-preview":"max-video-preview:-1"},"canonical":"https:\/\/aps972.duckdns.org\/en\/les-risques-majeurs-industriels-en-martinique-carte\/","og_locale":"en_GB","og_type":"article","og_title":"Les risques majeurs industriels SEVESO en Martinique (carte) - APS972","og_description":"L\u00e9gende &amp; comportements","og_url":"https:\/\/aps972.duckdns.org\/en\/les-risques-majeurs-industriels-en-martinique-carte\/","og_site_name":"APS972","article_modified_time":"2025-10-14T11:11:53+00:00","og_image":[{"width":1883,"height":839,"url":"https:\/\/aps972.duckdns.org\/wp-content\/uploads\/2025\/10\/imageaps972.jpg","type":"image\/jpeg"}],"twitter_card":"summary_large_image","schema":{"@context":"https:\/\/schema.org","@graph":[{"@type":"WebPage","@id":"https:\/\/aps972.duckdns.org\/les-risques-majeurs-industriels-en-martinique-carte\/","url":"https:\/\/aps972.duckdns.org\/les-risques-majeurs-industriels-en-martinique-carte\/","name":"Les risques majeurs industriels SEVESO en Martinique (carte) - APS972","isPartOf":{"@id":"https:\/\/aps972.duckdns.org\/#website"},"datePublished":"2025-10-14T10:03:51+00:00","dateModified":"2025-10-14T11:11:53+00:00","breadcrumb":{"@id":"https:\/\/aps972.duckdns.org\/les-risques-majeurs-industriels-en-martinique-carte\/#breadcrumb"},"inLanguage":"en-GB","potentialAction":[{"@type":"ReadAction","target":["https:\/\/aps972.duckdns.org\/les-risques-majeurs-industriels-en-martinique-carte\/"]}]},{"@type":"BreadcrumbList","@id":"https:\/\/aps972.duckdns.org\/les-risques-majeurs-industriels-en-martinique-carte\/#breadcrumb","itemListElement":[{"@type":"ListItem","position":1,"name":"Accueil","item":"https:\/\/aps972.duckdns.org\/"},{"@type":"ListItem","position":2,"name":"Les risques majeurs industriels SEVESO en Martinique (carte)"}]},{"@type":"WebSite","@id":"https:\/\/aps972.duckdns.org\/#website","url":"https:\/\/aps972.duckdns.org\/","name":"APS972","description":"","publisher":{"@id":"https:\/\/aps972.duckdns.org\/#organization"},"alternateName":"Apprendre \u00e0 porter secours Martinique","potentialAction":[{"@type":"SearchAction","target":{"@type":"EntryPoint","urlTemplate":"https:\/\/aps972.duckdns.org\/?s={search_term_string}"},"query-input":{"@type":"PropertyValueSpecification","valueRequired":true,"valueName":"search_term_string"}}],"inLanguage":"en-GB"},{"@type":"Organization","@id":"https:\/\/aps972.duckdns.org\/#organization","name":"APS972","url":"https:\/\/aps972.duckdns.org\/","logo":{"@type":"ImageObject","inLanguage":"en-GB","@id":"https:\/\/aps972.duckdns.org\/#\/schema\/logo\/image\/","url":"https:\/\/aps972.duckdns.org\/wp-content\/uploads\/2025\/10\/imageAPS9720-1.png","contentUrl":"https:\/\/aps972.duckdns.org\/wp-content\/uploads\/2025\/10\/imageAPS9720-1.png","width":1536,"height":1024,"caption":"APS972"},"image":{"@id":"https:\/\/aps972.duckdns.org\/#\/schema\/logo\/image\/"}}]}},"_links":{"self":[{"href":"https:\/\/aps972.duckdns.org\/en\/wp-json\/wp\/v2\/pages\/95","targetHints":{"allow":["GET"]}}],"collection":[{"href":"https:\/\/aps972.duckdns.org\/en\/wp-json\/wp\/v2\/pages"}],"about":[{"href":"https:\/\/aps972.duckdns.org\/en\/wp-json\/wp\/v2\/types\/page"}],"author":[{"embeddable":true,"href":"https:\/\/aps972.duckdns.org\/en\/wp-json\/wp\/v2\/users\/1"}],"replies":[{"embeddable":true,"href":"https:\/\/aps972.duckdns.org\/en\/wp-json\/wp\/v2\/comments?post=95"}],"version-history":[{"count":3,"href":"https:\/\/aps972.duckdns.org\/en\/wp-json\/wp\/v2\/pages\/95\/revisions"}],"predecessor-version":[{"id":99,"href":"https:\/\/aps972.duckdns.org\/en\/wp-json\/wp\/v2\/pages\/95\/revisions\/99"}],"wp:attachment":[{"href":"https:\/\/aps972.duckdns.org\/en\/wp-json\/wp\/v2\/media?parent=95"}],"curies":[{"name":"wp","href":"https:\/\/api.w.org\/{rel}","templated":true}]}}